{"id":6462,"date":"2020-08-31T13:09:35","date_gmt":"2020-08-31T13:09:35","guid":{"rendered":"https:\/\/food-shop.org\/?product=break-oat-5er-pack-fertiggerichte-broc-cheese-herzhaftes-hafergericht-mister-green-mit-kaese-brokkoli-spinat-vegetarische-5-minuten-terrine-gesunde-mahlzeit-fuer-zuhause-u"},"modified":"2023-04-08T16:58:23","modified_gmt":"2023-04-08T16:58:23","slug":"break-oat-5er-pack-fertiggerichte-broc-cheese-herzhaftes-hafergericht-mister-green-mit-kaese-brokkoli-spinat-vegetarische-5-minuten-terrine-gesunde-mahlzeit-fuer-zuhause-u","status":"publish","type":"product","link":"https:\/\/food-shop.org\/?product=break-oat-5er-pack-fertiggerichte-broc-cheese-herzhaftes-hafergericht-mister-green-mit-kaese-brokkoli-spinat-vegetarische-5-minuten-terrine-gesunde-mahlzeit-fuer-zuhause-u","title":{"rendered":"Break Oat 5er-Pack Fertiggerichte Broc &amp; Cheese | herzhaftes Hafergericht \u201eMister Green\u201c mit K\u00e4se, Brokkoli &amp; Spinat\u2026"},"content":{"rendered":"<div class=\"disclaim\"> Stil:<strong>Broc &amp; Cheese<\/strong> <\/div>\n<p> <!-- show up to 2 reviews by default --> <\/p>\n<h3>Produktbeschreibungen<\/h3>\n<\/p>\n<p><strong>Willkommen in der Oat Factory<\/strong> \u2013 Bei uns wird Altbew\u00e4hrtes neu interpretiert!<\/p>\n<p>Unser Ziel ist es, allen Menschen Zugang zu einer einzigartigen Mahlzeit zu verschaffen. Gesund und lecker soll sie sein &#8211; und 100% ehrlich. Und schnell und einfach muss es gehen \u2013 f\u00fcr die schnelle Mittagspause, f\u00fcr zwischendurch, im B\u00fcro oder unterwegs.<\/p>\n<p>Deshalb haben wir Break Oat entwickelt \u2013 100% Geschmack, lecker und gesund. 100% convenient.<\/p>\n<p>Break Oat besteht aus Hafer, dem Jahrtausende alten Allesk\u00f6nner unter den Getreidesorten, raffiniert kombiniert mit Gew\u00fcrzen und (fast ausschlie\u00dflich) veganen Zutaten. Die proteinreichen und fettarmen Zutaten versorgen Sie mit Energie f\u00fcr den weiteren Tag, der hohe N\u00e4hrstoffgehalt sorgt f\u00fcr ein langanhaltendes S\u00e4ttigungsgef\u00fchl. Und das Beste: Break Oat schmeckt einfach lecker.<\/p>\n<p><strong>Gesunde Ern\u00e4hrung, die wenig Aufwand und Zeit kostet <\/strong><\/p>\n<p>Dazu einfach das Break Oat Fertiggericht Ihrer Wahl mit 200 ml kochendem Wasser \u00fcbergie\u00dfen, kr\u00e4ftig umr\u00fchren, 5 Minuten ziehen lassen, noch einmal kurz durchr\u00fchren und schon k\u00f6nnen Sie ein schnelles und gesundes Mittagessen genie\u00dfen.<\/p>\n<p>Unsere erh\u00e4ltlichen Sorten:<\/p>\n<ul>\n<li>MISTER GREEN ist der einzige Vegetarier in der Gruppe und enth\u00e4lt neben Brokkoli &amp; Spinat auch K\u00e4se<\/li>\n<li>SIGNOR TOMATO bringt mediterranen Genuss mit Tomate, Paprika &amp; Zucchini zu dir nach Hause &#8211; Vegan<\/li>\n<li>HERR BOLLE liebt klassisches Gem\u00fcsefrikassee aus Karotten, Erbsen &amp; Spargel- Vegan<\/li>\n<li>MONSIEUR MAROC kommt aus dem Orient &#8211; mit Mandeln, Paprika, Zucchini &amp; Sesam -Vegan<\/li>\n<li>MISTER DELI bringt eine s\u00fc\u00dfe Note mit in die bunte Truppe &#8211; mit seinem indischen Tikka Masala aus Tomate, Paprika &amp; Banane &#8211; Vegan<\/li>\n<\/ul>\n<h3>Inhaltsstoffe \/ Zutaten<\/h3>\n<p>N\u00e4hrwerte pro 100g: 940 kJ\/85 kcal | 2,0g Fett | 0,5g ges\u00e4ttigte Fetts\u00e4uren | 12,3 g Kohlenhydrate | 0,5 g Zucker | 2,4 g Ballaststoffe | 3,4 g Eiwei\u00df | 0,4 g Salz <\/p>\n<p>GESUNDE MAHLZEIT: Break Oat ist ein Fertigessen aus Haferflocken, Gem\u00fcse &amp; herzhaften Gew\u00fcrzen. Der hohe N\u00e4hrwert der naturbelassenen Inhaltsstoffe sorgt f\u00fcr ein langanhaltendes S\u00e4ttigungsgef\u00fchl.<br \/>\nALLESK\u00d6RNER HAFER: Glutenarm, n\u00e4hrstoffreich &amp; lecker \u2013 Hafer ist die beste Grundlage f\u00fcr eine gesunde Ern\u00e4hrung. Unsere Fertiggerichte auf Haferbasis sind eine voll(korn)wertige, proteinreiche &amp; fettarme Mahlzeit.<br \/>\nSCHNELL &amp; EINFACH: In nur 5 Minuten erhalten Sie ein einzigartiges Essen: Dazu Break Oat mit 200ml kochendem Wasser \u00fcbergie\u00dfen &amp; kr\u00e4ftig umr\u00fchren. 5 Min. ziehen lassen, kurz durchr\u00fchren &#8211; fertig.<br \/>\n100% GESCHMACK: Break Oat Hafergerichte sind frei von Zusatzstoffen &amp; Chemikalien. Unser Mister Green enth\u00e4lt frischen Brokkoli, Lauch, Spinat &amp; Hafer. Eine exquisite Variation aus K\u00e4se verleiht dem Gericht die finale W\u00fcrze.<br \/>\nLECKERE SORTEN: Genie\u00dfen Sie weitere Break Oat Sorten: Signor Tomato (Mediterran), Monsieur Maroc (Orientalisch), Mister Deli (Tikka Masala), Herr Bolle (Gem\u00fcsefrikassee).<br \/>\n<div class=\"main-cross-sell\" data-asin=\"B088WZRZ34\">\n\n\t<div class=\"WooZone-cross-sell-loader\">\n\t\t<div>\n\t\t\t<div id=\"floatingBarsG\">\n\t\t\t\t<div class=\"blockG\" id=\"rotateG_01\"><\/div>\n\t\t\t\t<div class=\"blockG\" id=\"rotateG_02\"><\/div>\n\t\t\t\t<div class=\"blockG\" id=\"rotateG_03\"><\/div>\n\t\t\t\t<div class=\"blockG\" id=\"rotateG_04\"><\/div>\n\t\t\t\t<div class=\"blockG\" id=\"rotateG_05\"><\/div>\n\t\t\t\t<div class=\"blockG\" id=\"rotateG_06\"><\/div>\n\t\t\t\t<div class=\"blockG\" id=\"rotateG_07\"><\/div>\n\t\t\t\t<div class=\"blockG\" id=\"rotateG_08\"><\/div>\n\t\t\t<\/div>\n\t\t\t<div class=\"WooZone-cross-sell-loader-text\"><\/div>\n\t\t<\/div>\n\t<\/div>\n\n\t\t\n<\/div>\n<div style=\"clear:both;\"><\/div>\n","protected":false},"excerpt":{"rendered":"GESUNDE MAHLZEIT: Break Oat ist ein Fertigessen aus Haferflocken, Gem\u00fcse &amp; herzhaften Gew\u00fcrzen. Der hohe N\u00e4hrwert der naturbelassenen Inhaltsstoffe sorgt f\u00fcr ein langanhaltendes S\u00e4ttigungsgef\u00fchl.\nALLESK\u00d6RNER HAFER: Glutenarm, n\u00e4hrstoffreich &amp; lecker \u2013 Hafer ist die beste Grundlage f\u00fcr eine gesunde Ern\u00e4hrung. Unsere Fertiggerichte auf Haferbasis sind eine voll(korn)wertige, proteinreiche &amp; fettarme Mahlzeit.\nSCHNELL &amp; EINFACH: In nur 5 Minuten erhalten Sie ein einzigartiges Essen: Dazu Break Oat mit 200ml kochendem Wasser \u00fcbergie\u00dfen &amp; kr\u00e4ftig umr\u00fchren. 5 Min. ziehen lassen, kurz durchr\u00fchren - fertig.","protected":false},"featured_media":6463,"comment_status":"open","ping_status":"closed","template":"","meta":[],"product_cat":[64,417],"product_tag":[],"_links":{"self":[{"href":"https:\/\/food-shop.org\/index.php?rest_route=\/wp\/v2\/product\/6462"}],"collection":[{"href":"https:\/\/food-shop.org\/index.php?rest_route=\/wp\/v2\/product"}],"about":[{"href":"https:\/\/food-shop.org\/index.php?rest_route=\/wp\/v2\/types\/product"}],"replies":[{"embeddable":true,"href":"https:\/\/food-shop.org\/index.php?rest_route=%2Fwp%2Fv2%2Fcomments&post=6462"}],"wp:featuredmedia":[{"embeddable":true,"href":"https:\/\/food-shop.org\/index.php?rest_route=\/wp\/v2\/media\/6463"}],"wp:attachment":[{"href":"https:\/\/food-shop.org\/index.php?rest_route=%2Fwp%2Fv2%2Fmedia&parent=6462"}],"wp:term":[{"taxonomy":"product_cat","embeddable":true,"href":"https:\/\/food-shop.org\/index.php?rest_route=%2Fwp%2Fv2%2Fproduct_cat&post=6462"},{"taxonomy":"product_tag","embeddable":true,"href":"https:\/\/food-shop.org\/index.php?rest_route=%2Fwp%2Fv2%2Fproduct_tag&post=6462"}],"curies":[{"name":"wp","href":"https:\/\/api.w.org\/{rel}","templated":true}]}}