{"id":6444,"date":"2020-08-31T13:09:27","date_gmt":"2020-08-31T13:09:27","guid":{"rendered":"https:\/\/food-shop.org\/?product=raclette-kaese-premium-qualitaet-500-gramm"},"modified":"2023-04-08T16:58:23","modified_gmt":"2023-04-08T16:58:23","slug":"raclette-kaese-premium-qualitaet-500-gramm","status":"publish","type":"product","link":"https:\/\/food-shop.org\/?product=raclette-kaese-premium-qualitaet-500-gramm","title":{"rendered":"Raclette-K\u00e4se | Premium Qualit\u00e4t (500 Gramm)"},"content":{"rendered":"<div class=\"disclaim\"> Gr\u00f6\u00dfe:<strong>500 g<\/strong> <\/div>\n<p> <!-- show up to 2 reviews by default --> <\/p>\n<p>Leckerer Franz\u00f6sische Schnittk\u00e4se 26% Fett absolut. Raclette-K\u00e4se frisch vom Messer! <\/p>\n<p>Zutaten: pasteurisierte Milch, Salz, Milch\u00e4ucherebakterien, Gerinnungsmittel, Konserverierungsmittel: Lysozym aus Ei, E235 (Rind), Oberfl\u00e4che mit Natamycin behandelt. <\/p>\n<p>Leckerer Franz\u00f6sische Schnittk\u00e4se 26% Fett absolut.<br \/>\nRaclette-K\u00e4se frisch vom Messer!<br \/>\nWir schneiden Ihre K\u00e4se frisch vom Messer und wickeln den K\u00e4se fein s\u00e4uberlich im Vakuum. Sobald der K\u00e4se ist im Vakuum, k\u00f6nnen Sie den K\u00e4se f\u00fcr ca. 5 bis 6 Wochen zu speichern.<br \/>\n<div class=\"main-cross-sell\" data-asin=\"B009X6Y486\">\n\n\t<div class=\"WooZone-cross-sell-loader\">\n\t\t<div>\n\t\t\t<div id=\"floatingBarsG\">\n\t\t\t\t<div class=\"blockG\" id=\"rotateG_01\"><\/div>\n\t\t\t\t<div class=\"blockG\" id=\"rotateG_02\"><\/div>\n\t\t\t\t<div class=\"blockG\" id=\"rotateG_03\"><\/div>\n\t\t\t\t<div class=\"blockG\" id=\"rotateG_04\"><\/div>\n\t\t\t\t<div class=\"blockG\" id=\"rotateG_05\"><\/div>\n\t\t\t\t<div class=\"blockG\" id=\"rotateG_06\"><\/div>\n\t\t\t\t<div class=\"blockG\" id=\"rotateG_07\"><\/div>\n\t\t\t\t<div class=\"blockG\" id=\"rotateG_08\"><\/div>\n\t\t\t<\/div>\n\t\t\t<div class=\"WooZone-cross-sell-loader-text\"><\/div>\n\t\t<\/div>\n\t<\/div>\n\n\t\t\n<\/div>\n<div style=\"clear:both;\"><\/div>\n","protected":false},"excerpt":{"rendered":"Leckerer Franz\u00f6sische Schnittk\u00e4se 26% Fett absolut.\nRaclette-K\u00e4se frisch vom Messer!\nWir schneiden Ihre K\u00e4se frisch vom Messer und wickeln den K\u00e4se fein s\u00e4uberlich im Vakuum. Sobald der K\u00e4se ist im Vakuum, k\u00f6nnen Sie den K\u00e4se f\u00fcr ca. 5 bis 6 Wochen zu speichern.","protected":false},"featured_media":6445,"comment_status":"open","ping_status":"closed","template":"","meta":[],"product_cat":[64,417],"product_tag":[],"_links":{"self":[{"href":"https:\/\/food-shop.org\/index.php?rest_route=\/wp\/v2\/product\/6444"}],"collection":[{"href":"https:\/\/food-shop.org\/index.php?rest_route=\/wp\/v2\/product"}],"about":[{"href":"https:\/\/food-shop.org\/index.php?rest_route=\/wp\/v2\/types\/product"}],"replies":[{"embeddable":true,"href":"https:\/\/food-shop.org\/index.php?rest_route=%2Fwp%2Fv2%2Fcomments&post=6444"}],"wp:featuredmedia":[{"embeddable":true,"href":"https:\/\/food-shop.org\/index.php?rest_route=\/wp\/v2\/media\/6445"}],"wp:attachment":[{"href":"https:\/\/food-shop.org\/index.php?rest_route=%2Fwp%2Fv2%2Fmedia&parent=6444"}],"wp:term":[{"taxonomy":"product_cat","embeddable":true,"href":"https:\/\/food-shop.org\/index.php?rest_route=%2Fwp%2Fv2%2Fproduct_cat&post=6444"},{"taxonomy":"product_tag","embeddable":true,"href":"https:\/\/food-shop.org\/index.php?rest_route=%2Fwp%2Fv2%2Fproduct_tag&post=6444"}],"curies":[{"name":"wp","href":"https:\/\/api.w.org\/{rel}","templated":true}]}}