{"id":6434,"date":"2020-08-31T13:09:23","date_gmt":"2020-08-31T13:09:23","guid":{"rendered":"https:\/\/food-shop.org\/?product=beemster-kaese-mild-premium-qualitaet-500-gramm"},"modified":"2023-04-08T16:58:23","modified_gmt":"2023-04-08T16:58:23","slug":"beemster-kaese-mild-premium-qualitaet-500-gramm","status":"publish","type":"product","link":"https:\/\/food-shop.org\/?product=beemster-kaese-mild-premium-qualitaet-500-gramm","title":{"rendered":"Beemster K\u00e4se &#8211; Mild | Premium Qualit\u00e4t | 500 Gramm"},"content":{"rendered":"<div class=\"disclaim\"> Gr\u00f6\u00dfe:<strong>500 Gramm<\/strong> <\/div>\n<p> <!-- show up to 2 reviews by default --> <\/p>\n<h3>Produktbeschreibungen<\/h3>\n<p>Eine einzigartige cremigen Geschmack ist diese Eigenschaft Holz Beemster K\u00e4se Mild. Die Beemster K\u00e4se ist eigentlich der beste K\u00e4se, was die Niederlande zu bieten hat.<\/p>\n<p>Der K\u00e4se ist 12-14 Wochen in der Natur gereift. <\/p>\n<p>Zutaten: Fett 48+, pasteurisierte Kuhmilch, Lab, Salz, S\u00e4urewecker, Natriumnitrat, Annatto, Vitamin A, B und D<\/p>\n<\/p>\n<p>Qualit\u00e4t:<\/p>\n<p> Der K\u00e4se wird am Tag Ihrer Bestellung frisch geschnitten und luftdicht verpackt! <\/p>\n<p> Dank seiner festen Struktur ist holl\u00e4ndischer K\u00e4se hervorragend f\u00fcr den Versand per Post geeignet.<\/p>\n<\/p>\n<h3>Inhaltsstoffe \/ Zutaten<\/h3>\n<p>Fett 48 +, pasteurisierte Kuhmilch, Lab, Salz, Milchs\u00e4ure, Natriumnitrat, Annatto, Vitamin A, B und D <\/p>\n<p>Eine einzigartige cremigen Geschmack ist diese Eigenschaft Holz Beemster K\u00e4se Mild. Die Beemster K\u00e4se ist eigentlich der beste K\u00e4se, was die Niederlande zu bieten hat.<br \/>\nDer K\u00e4se ist 12-14 Wochen in der Natur gereift.<br \/>\nWir schneiden Ihre K\u00e4se frisch vom Messer und wickeln den K\u00e4se fein s\u00e4uberlich im Vakuum. Sobald der K\u00e4se ist im Vakuum, k\u00f6nnen Sie den K\u00e4se f\u00fcr ca. 5 bis 6 Wochen zu speichern.<br \/>\nDank seiner festen Struktur ist holl\u00e4ndischer K\u00e4se hervorragend f\u00fcr den Versand per Post geeignet.<br \/>\n<div class=\"main-cross-sell\" data-asin=\"B009WSJKUW\">\n\n\t<div class=\"WooZone-cross-sell-loader\">\n\t\t<div>\n\t\t\t<div id=\"floatingBarsG\">\n\t\t\t\t<div class=\"blockG\" id=\"rotateG_01\"><\/div>\n\t\t\t\t<div class=\"blockG\" id=\"rotateG_02\"><\/div>\n\t\t\t\t<div class=\"blockG\" id=\"rotateG_03\"><\/div>\n\t\t\t\t<div class=\"blockG\" id=\"rotateG_04\"><\/div>\n\t\t\t\t<div class=\"blockG\" id=\"rotateG_05\"><\/div>\n\t\t\t\t<div class=\"blockG\" id=\"rotateG_06\"><\/div>\n\t\t\t\t<div class=\"blockG\" id=\"rotateG_07\"><\/div>\n\t\t\t\t<div class=\"blockG\" id=\"rotateG_08\"><\/div>\n\t\t\t<\/div>\n\t\t\t<div class=\"WooZone-cross-sell-loader-text\"><\/div>\n\t\t<\/div>\n\t<\/div>\n\n\t\t\n<\/div>\n<div style=\"clear:both;\"><\/div>\n","protected":false},"excerpt":{"rendered":"Eine einzigartige cremigen Geschmack ist diese Eigenschaft Holz Beemster K\u00e4se Mild. Die Beemster K\u00e4se ist eigentlich der beste K\u00e4se, was die Niederlande zu bieten hat.\nDer K\u00e4se ist 12-14 Wochen in der Natur gereift.\nWir schneiden Ihre K\u00e4se frisch vom Messer und wickeln den K\u00e4se fein s\u00e4uberlich im Vakuum. Sobald der K\u00e4se ist im Vakuum, k\u00f6nnen Sie den K\u00e4se f\u00fcr ca. 5 bis 6 Wochen zu speichern.","protected":false},"featured_media":6435,"comment_status":"open","ping_status":"closed","template":"","meta":[],"product_cat":[64,417],"product_tag":[],"_links":{"self":[{"href":"https:\/\/food-shop.org\/index.php?rest_route=\/wp\/v2\/product\/6434"}],"collection":[{"href":"https:\/\/food-shop.org\/index.php?rest_route=\/wp\/v2\/product"}],"about":[{"href":"https:\/\/food-shop.org\/index.php?rest_route=\/wp\/v2\/types\/product"}],"replies":[{"embeddable":true,"href":"https:\/\/food-shop.org\/index.php?rest_route=%2Fwp%2Fv2%2Fcomments&post=6434"}],"wp:featuredmedia":[{"embeddable":true,"href":"https:\/\/food-shop.org\/index.php?rest_route=\/wp\/v2\/media\/6435"}],"wp:attachment":[{"href":"https:\/\/food-shop.org\/index.php?rest_route=%2Fwp%2Fv2%2Fmedia&parent=6434"}],"wp:term":[{"taxonomy":"product_cat","embeddable":true,"href":"https:\/\/food-shop.org\/index.php?rest_route=%2Fwp%2Fv2%2Fproduct_cat&post=6434"},{"taxonomy":"product_tag","embeddable":true,"href":"https:\/\/food-shop.org\/index.php?rest_route=%2Fwp%2Fv2%2Fproduct_tag&post=6434"}],"curies":[{"name":"wp","href":"https:\/\/api.w.org\/{rel}","templated":true}]}}