{"id":6430,"date":"2020-08-31T13:09:20","date_gmt":"2020-08-31T13:09:20","guid":{"rendered":"https:\/\/food-shop.org\/?product=jung-gereifter-gouda-kaese-premium-qualitaet-1-kilo"},"modified":"2023-04-08T16:58:23","modified_gmt":"2023-04-08T16:58:23","slug":"jung-gereifter-gouda-kaese-premium-qualitaet-1-kilo","status":"publish","type":"product","link":"https:\/\/food-shop.org\/?product=jung-gereifter-gouda-kaese-premium-qualitaet-1-kilo","title":{"rendered":"Jung gereifter Gouda K\u00e4se | Premium Qualit\u00e4t (1 Kilo)"},"content":{"rendered":"<div class=\"disclaim\"> Gr\u00f6\u00dfe:<strong>1 Kilo<\/strong> <\/div>\n<p> <!-- show up to 2 reviews by default --> <\/p>\n<h3>Produktbeschreibungen<\/h3>\n<p>Spitzenqualit\u00e4tsk\u00e4se. Schmeckt herrlich rahmig und ist ein wenig gesalzen. Der K\u00e4se ist 8-10 Wochen in der Natur gereift. <\/p>\n<\/p>\n<p>Zutaten: Fett 48+, pasteurisierte Kuhmilch, Lab, Salz, S\u00e4urewecker, Natriumnitrat, Annatto, Vitamin A, B und D<\/p>\n<p>Qualit\u00e4t:<\/p>\n<p> Der K\u00e4se wird am Tag Ihrer Bestellung frisch geschnitten und luftdicht verpackt! <\/p>\n<p> Dank seiner festen Struktur ist holl\u00e4ndischer K\u00e4se hervorragend f\u00fcr den Versand per Post geeignet.<\/p>\n<\/p>\n<h3>Inhaltsstoffe \/ Zutaten<\/h3>\n<p>Fett 48 +, pasteurisierte Kuhmilch, Lab, Salz, Milchs\u00e4ure, Natriumnitrat, Annatto, Vitamin A, B und D <\/p>\n<p>Spitzenqualit\u00e4tsk\u00e4se. Schmeckt herrlich rahmig und ist ein wenig gesalzen. Der K\u00e4se ist 8-10 Wochen in der Natur gereift.<br \/>\ngouda<br \/>\nhollandische k\u00e4se<br \/>\ngouda k\u00e4se<br \/>\nk\u00e4se aus holland<br \/>\n<div class=\"main-cross-sell\" data-asin=\"B009WSIEHW\">\n\n\t<div class=\"WooZone-cross-sell-loader\">\n\t\t<div>\n\t\t\t<div id=\"floatingBarsG\">\n\t\t\t\t<div class=\"blockG\" id=\"rotateG_01\"><\/div>\n\t\t\t\t<div class=\"blockG\" id=\"rotateG_02\"><\/div>\n\t\t\t\t<div class=\"blockG\" id=\"rotateG_03\"><\/div>\n\t\t\t\t<div class=\"blockG\" id=\"rotateG_04\"><\/div>\n\t\t\t\t<div class=\"blockG\" id=\"rotateG_05\"><\/div>\n\t\t\t\t<div class=\"blockG\" id=\"rotateG_06\"><\/div>\n\t\t\t\t<div class=\"blockG\" id=\"rotateG_07\"><\/div>\n\t\t\t\t<div class=\"blockG\" id=\"rotateG_08\"><\/div>\n\t\t\t<\/div>\n\t\t\t<div class=\"WooZone-cross-sell-loader-text\"><\/div>\n\t\t<\/div>\n\t<\/div>\n\n\t\t\n<\/div>\n<div style=\"clear:both;\"><\/div>\n","protected":false},"excerpt":{"rendered":"Spitzenqualit\u00e4tsk\u00e4se. Schmeckt herrlich rahmig und ist ein wenig gesalzen. Der K\u00e4se ist 8-10 Wochen in der Natur gereift.\ngouda\nhollandische k\u00e4se","protected":false},"featured_media":6431,"comment_status":"open","ping_status":"closed","template":"","meta":[],"product_cat":[64,417],"product_tag":[],"_links":{"self":[{"href":"https:\/\/food-shop.org\/index.php?rest_route=\/wp\/v2\/product\/6430"}],"collection":[{"href":"https:\/\/food-shop.org\/index.php?rest_route=\/wp\/v2\/product"}],"about":[{"href":"https:\/\/food-shop.org\/index.php?rest_route=\/wp\/v2\/types\/product"}],"replies":[{"embeddable":true,"href":"https:\/\/food-shop.org\/index.php?rest_route=%2Fwp%2Fv2%2Fcomments&post=6430"}],"wp:featuredmedia":[{"embeddable":true,"href":"https:\/\/food-shop.org\/index.php?rest_route=\/wp\/v2\/media\/6431"}],"wp:attachment":[{"href":"https:\/\/food-shop.org\/index.php?rest_route=%2Fwp%2Fv2%2Fmedia&parent=6430"}],"wp:term":[{"taxonomy":"product_cat","embeddable":true,"href":"https:\/\/food-shop.org\/index.php?rest_route=%2Fwp%2Fv2%2Fproduct_cat&post=6430"},{"taxonomy":"product_tag","embeddable":true,"href":"https:\/\/food-shop.org\/index.php?rest_route=%2Fwp%2Fv2%2Fproduct_tag&post=6430"}],"curies":[{"name":"wp","href":"https:\/\/api.w.org\/{rel}","templated":true}]}}