{"id":6418,"date":"2020-08-31T13:09:14","date_gmt":"2020-08-31T13:09:14","guid":{"rendered":"https:\/\/food-shop.org\/?product=erzi-sortiment-kaese-klein"},"modified":"2023-04-08T16:58:23","modified_gmt":"2023-04-08T16:58:23","slug":"erzi-sortiment-kaese-klein","status":"publish","type":"product","link":"https:\/\/food-shop.org\/?product=erzi-sortiment-kaese-klein","title":{"rendered":"Erzi 28236 Sortiment K\u00e4se, klein aus Holz, Kaufladenartikel f\u00fcr Kinder, Rollenspiele"},"content":{"rendered":"<p><!-- show up to 2 reviews by default --> <\/p>\n<p>Inhalt: 9 Teile aus Holz zum Spielen In der Stiege befinden sich folgende, aus farbig lackiertem Holz hergestellte K\u00e4sesorten: 2 Schweizer K\u00e4se, 1 Edamer, 6 K\u00e4seecken Kinder wollen wie die Gro\u00dfen selber schneiden, kochen und zubereiten. Das Spielen mit den Erzi-Artikeln unterst\u00fctzt die sprachliche, geistige und soziale Entwicklung. Es bietet eine Grundlage f\u00fcr reizvolle Interaktionen und schult somit die Weiterentwicklung von motorischen F\u00e4hig- und Fertigkeiten. Kann auch sehr gut in Kombination mit dem Kaufladen verwendet werden. F\u00fcr Kinder ab 3 Jahren. Alle Erzi-Produkte werden strengsten Sicherheitskontrollen unterzogen, damit unsere Kinder sicher spielen k\u00f6nnen! Made in Germany. <\/p>\n<p>Gr\u00f6sse (HxLxB): 60 x 122 x 83 mmGewicht: 170 g<br \/>\n<div class=\"main-cross-sell\" data-asin=\"B00SCITYVS\">\n\n\t<div class=\"WooZone-cross-sell-loader\">\n\t\t<div>\n\t\t\t<div id=\"floatingBarsG\">\n\t\t\t\t<div class=\"blockG\" id=\"rotateG_01\"><\/div>\n\t\t\t\t<div class=\"blockG\" id=\"rotateG_02\"><\/div>\n\t\t\t\t<div class=\"blockG\" id=\"rotateG_03\"><\/div>\n\t\t\t\t<div class=\"blockG\" id=\"rotateG_04\"><\/div>\n\t\t\t\t<div class=\"blockG\" id=\"rotateG_05\"><\/div>\n\t\t\t\t<div class=\"blockG\" id=\"rotateG_06\"><\/div>\n\t\t\t\t<div class=\"blockG\" id=\"rotateG_07\"><\/div>\n\t\t\t\t<div class=\"blockG\" id=\"rotateG_08\"><\/div>\n\t\t\t<\/div>\n\t\t\t<div class=\"WooZone-cross-sell-loader-text\"><\/div>\n\t\t<\/div>\n\t<\/div>\n\n\t\t\n<\/div>\n<div style=\"clear:both;\"><\/div>\n","protected":false},"excerpt":{"rendered":"Gr\u00f6sse (HxLxB): 60 x 122 x 83 mmGewicht: 170 g","protected":false},"featured_media":6419,"comment_status":"open","ping_status":"closed","template":"","meta":[],"product_cat":[64,417],"product_tag":[],"_links":{"self":[{"href":"https:\/\/food-shop.org\/index.php?rest_route=\/wp\/v2\/product\/6418"}],"collection":[{"href":"https:\/\/food-shop.org\/index.php?rest_route=\/wp\/v2\/product"}],"about":[{"href":"https:\/\/food-shop.org\/index.php?rest_route=\/wp\/v2\/types\/product"}],"replies":[{"embeddable":true,"href":"https:\/\/food-shop.org\/index.php?rest_route=%2Fwp%2Fv2%2Fcomments&post=6418"}],"wp:featuredmedia":[{"embeddable":true,"href":"https:\/\/food-shop.org\/index.php?rest_route=\/wp\/v2\/media\/6419"}],"wp:attachment":[{"href":"https:\/\/food-shop.org\/index.php?rest_route=%2Fwp%2Fv2%2Fmedia&parent=6418"}],"wp:term":[{"taxonomy":"product_cat","embeddable":true,"href":"https:\/\/food-shop.org\/index.php?rest_route=%2Fwp%2Fv2%2Fproduct_cat&post=6418"},{"taxonomy":"product_tag","embeddable":true,"href":"https:\/\/food-shop.org\/index.php?rest_route=%2Fwp%2Fv2%2Fproduct_tag&post=6418"}],"curies":[{"name":"wp","href":"https:\/\/api.w.org\/{rel}","templated":true}]}}