{"id":6410,"date":"2020-08-31T13:09:08","date_gmt":"2020-08-31T13:09:08","guid":{"rendered":"https:\/\/food-shop.org\/?product=dosenkaese-gouda-200-g-mit-ring-pull-verschluss"},"modified":"2023-04-08T16:58:22","modified_gmt":"2023-04-08T16:58:22","slug":"dosenkaese-gouda-200-g-mit-ring-pull-verschluss","status":"publish","type":"product","link":"https:\/\/food-shop.org\/?product=dosenkaese-gouda-200-g-mit-ring-pull-verschluss","title":{"rendered":"Dosenk\u00e4se Gouda, 200 g, mit Ring-Pull-Verschluss"},"content":{"rendered":"<p><!-- show up to 2 reviews by default --> <\/p>\n<p><b> Dosenk\u00e4se Gouda in der 200 g Dose mit Ring-Pull-Verschluss.<\/b><\/p>\n<p><b>Mindestens haltbar bis Ende: 01\/2030<\/b><\/p>\n<\/p>\n<p>Unser schmackhafter Dosenk\u00e4se eignet sich ideal zur Bevorratung sowie f\u00fcr Outdoor- und Trekkingaktivit\u00e4ten. Durch den Ring-Pull-Verschluss ist die Dose sehr praktisch zu \u00f6ffnen. <\/p>\n<p><b>Zutaten:<\/b><b>Kuhmilch (pasteurisiert)<\/b>, Salz, K\u00e4sereikultur, Stabilisator: Calciumchlorid, mikrobielles Lab, <b> Vollmilch<\/b> (3,5% Fettanteil).<\/p>\n<p><b>Durchschnittliche N\u00e4hrwertangaben pro 100 g:<\/b> Brennwert 1527 kj \/ 365 kcal<br \/> Fett 29,2 g<br \/> davon ges\u00e4ttigte Fetts\u00e4uren 17,72 g<br \/> Kohlenhydrate 0 g<br \/> davon Zucker 0 g<br \/> Eiwei\u00df 25,5 g<br \/> Salz 1,5 g<\/p>\n<p>soweit m\u00f6glich ohne Geschmacksverst\u00e4rker und Farb- oder Aromastoffe.<br \/>\nnach altem handwerklichem Geschick und Rezepten hergestellt.<br \/>\nsoweit m\u00f6glich regional bezogene Zutaten.<br \/>\nMindestens haltbar bis Ende: 01\/2030<br \/>\n<div class=\"main-cross-sell\" data-asin=\"B01MQGCCTE\">\n\n\t<div class=\"WooZone-cross-sell-loader\">\n\t\t<div>\n\t\t\t<div id=\"floatingBarsG\">\n\t\t\t\t<div class=\"blockG\" id=\"rotateG_01\"><\/div>\n\t\t\t\t<div class=\"blockG\" id=\"rotateG_02\"><\/div>\n\t\t\t\t<div class=\"blockG\" id=\"rotateG_03\"><\/div>\n\t\t\t\t<div class=\"blockG\" id=\"rotateG_04\"><\/div>\n\t\t\t\t<div class=\"blockG\" id=\"rotateG_05\"><\/div>\n\t\t\t\t<div class=\"blockG\" id=\"rotateG_06\"><\/div>\n\t\t\t\t<div class=\"blockG\" id=\"rotateG_07\"><\/div>\n\t\t\t\t<div class=\"blockG\" id=\"rotateG_08\"><\/div>\n\t\t\t<\/div>\n\t\t\t<div class=\"WooZone-cross-sell-loader-text\"><\/div>\n\t\t<\/div>\n\t<\/div>\n\n\t\t\n<\/div>\n<div style=\"clear:both;\"><\/div>\n","protected":false},"excerpt":{"rendered":"soweit m\u00f6glich ohne Geschmacksverst\u00e4rker und Farb- oder Aromastoffe.\nnach altem handwerklichem Geschick und Rezepten hergestellt.\nsoweit m\u00f6glich regional bezogene Zutaten.","protected":false},"featured_media":6411,"comment_status":"open","ping_status":"closed","template":"","meta":[],"product_cat":[64,417],"product_tag":[],"_links":{"self":[{"href":"https:\/\/food-shop.org\/index.php?rest_route=\/wp\/v2\/product\/6410"}],"collection":[{"href":"https:\/\/food-shop.org\/index.php?rest_route=\/wp\/v2\/product"}],"about":[{"href":"https:\/\/food-shop.org\/index.php?rest_route=\/wp\/v2\/types\/product"}],"replies":[{"embeddable":true,"href":"https:\/\/food-shop.org\/index.php?rest_route=%2Fwp%2Fv2%2Fcomments&post=6410"}],"wp:featuredmedia":[{"embeddable":true,"href":"https:\/\/food-shop.org\/index.php?rest_route=\/wp\/v2\/media\/6411"}],"wp:attachment":[{"href":"https:\/\/food-shop.org\/index.php?rest_route=%2Fwp%2Fv2%2Fmedia&parent=6410"}],"wp:term":[{"taxonomy":"product_cat","embeddable":true,"href":"https:\/\/food-shop.org\/index.php?rest_route=%2Fwp%2Fv2%2Fproduct_cat&post=6410"},{"taxonomy":"product_tag","embeddable":true,"href":"https:\/\/food-shop.org\/index.php?rest_route=%2Fwp%2Fv2%2Fproduct_tag&post=6410"}],"curies":[{"name":"wp","href":"https:\/\/api.w.org\/{rel}","templated":true}]}}