{"id":6398,"date":"2020-08-31T13:09:02","date_gmt":"2020-08-31T13:09:02","guid":{"rendered":"https:\/\/food-shop.org\/?product=comte-extra-aoc-bergkaese-30-36-monate-gereift-kaese-aus-frankreich-raritaet"},"modified":"2023-04-08T16:58:22","modified_gmt":"2023-04-08T16:58:22","slug":"comte-extra-aoc-bergkaese-30-36-monate-gereift-kaese-aus-frankreich-raritaet","status":"publish","type":"product","link":"https:\/\/food-shop.org\/?product=comte-extra-aoc-bergkaese-30-36-monate-gereift-kaese-aus-frankreich-raritaet","title":{"rendered":"Comte Extra AOP Bergk\u00e4se | 30-36 Monate gereift | Aus Frankreich"},"content":{"rendered":"<div class=\"disclaim\"> Gr\u00f6\u00dfe:<strong>500g St\u00fcck<\/strong> <\/div>\n<p> <!-- show up to 2 reviews by default --> <\/p>\n<h3>Produktbeschreibungen<\/h3>\n<\/p>\n<p>Dieser phantastische, franz\u00f6sische Bergk\u00e4se wird 30-36 Monate in einer Festung hoch oben in den Bergen des franz\u00f6sischen Juras ausgereift. Unser Comt\u00e9 ist absolut naturrein und wird nach alter Tradition aus Rohmilch hergestellt. Um sicherzustellen, dass wir Ihnen einen der besten Comt\u00e9s aus Frankreich anbieten k\u00f6nnen, sind wir ein Mal im Jahr pers\u00f6nlich vor Ort, um schon fr\u00fchzeitig die besten und sch\u00f6nsten Laibe f\u00fcr Sie zu reservieren.<br \/>Durch die \u00fcberdurchschnittliche Reifezeit von mehr als zwei Jahren entwickelt der Comt\u00e9 Bergk\u00e4se auf eine sehr angenehme Art und Weise einen kr\u00e4ftigen, vielschichtigen, feinen Geschmack. Probieren Sie diese einzigartige Delikatesse zu kr\u00e4ftigem Brot und zu kr\u00e4ftigem Wein oder einfach pur.<\/p>\n<p>Dieser K\u00e4se ist LAKTOSEFREI. Bedingt durch seine lange Reifezeit ist die Laktose aufgespalten.<\/p>\n<\/p>\n<h3>Inhaltsstoffe \/ Zutaten<\/h3>\n<p>MILCH, Salz, Lab <\/p>\n<div data-a-expander-name=\"toggle_description\" class=\"a-row a-expander-container a-expander-extend-container\">\n<div class=\"a-expander-content a-expander-extend-content\">\n<h3>Gebrauchsanweisung<\/h3>\n<p>Bei Raumtemperatur servieren <\/p>\n<h3>Anschrift Hersteller\/Importeur<\/h3>\n<p>Feines von Hemmen KG Daimlerstr. 4 49733 Haren <\/p>\n<\/p><\/div>\n<p> <a href=\"void(0)\" data-action=\"a-expander-toggle\" class=\"a-expander-header a-declarative a-expander-extend-header\" data-a-expander-toggle=\"{\"><i class=\"a-icon a-icon-extender-expand\"><\/i><span class=\"a-expander-prompt\">Weitere Informationen<\/span><\/a> <\/div>\n<p>Der Comte ist ein Bergk\u00e4se mit kr\u00e4ftigem Aroma.<br \/>\nEigene Reservierung, speziell f\u00fcr uns in einer Festung gereift. Volle 36 Monate ausgereift &#8211; Kein Vergleich&#8230;<br \/>\n100% FRISCHE &amp; 100% QUALIT\u00c4T: Ziel ist es, Sie als gl\u00fccklichen Kunden zu gewinnen. Wir als Affineuer und K\u00e4se-Sommelier reifen im H\u00f6hlenklima alle unsere internationalen K\u00e4sesorten selbst aus. Original nur beim Verk\u00e4ufer &#8218;FEINER K\u00c4SE HEMMEN&#8216; erh\u00e4ltlich!<br \/>\nJedes bestellte K\u00e4sest\u00fcck wird kurz vor dem Versand frisch vom K\u00e4selaib abgeschnitten und in spezieller Aromaschutzfolie verpackt. Schneller und perfekt gek\u00fchlter Versand (mit Sendungsverfolgung) in unserer tausendfach bew\u00e4hrten K\u00fchlverpackung.<br \/>\n<div class=\"main-cross-sell\" data-asin=\"B017XLEVTY\">\n\n\t<div class=\"WooZone-cross-sell-loader\">\n\t\t<div>\n\t\t\t<div id=\"floatingBarsG\">\n\t\t\t\t<div class=\"blockG\" id=\"rotateG_01\"><\/div>\n\t\t\t\t<div class=\"blockG\" id=\"rotateG_02\"><\/div>\n\t\t\t\t<div class=\"blockG\" id=\"rotateG_03\"><\/div>\n\t\t\t\t<div class=\"blockG\" id=\"rotateG_04\"><\/div>\n\t\t\t\t<div class=\"blockG\" id=\"rotateG_05\"><\/div>\n\t\t\t\t<div class=\"blockG\" id=\"rotateG_06\"><\/div>\n\t\t\t\t<div class=\"blockG\" id=\"rotateG_07\"><\/div>\n\t\t\t\t<div class=\"blockG\" id=\"rotateG_08\"><\/div>\n\t\t\t<\/div>\n\t\t\t<div class=\"WooZone-cross-sell-loader-text\"><\/div>\n\t\t<\/div>\n\t<\/div>\n\n\t\t\n<\/div>\n<div style=\"clear:both;\"><\/div>\n","protected":false},"excerpt":{"rendered":"Der Comte ist ein Bergk\u00e4se mit kr\u00e4ftigem Aroma.\nEigene Reservierung, speziell f\u00fcr uns in einer Festung gereift. Volle 36 Monate ausgereift - Kein Vergleich...\n100% FRISCHE &amp; 100% QUALIT\u00c4T: Ziel ist es, Sie als gl\u00fccklichen Kunden zu gewinnen. Wir als Affineuer und K\u00e4se-Sommelier reifen im H\u00f6hlenklima alle unsere internationalen K\u00e4sesorten selbst aus. Original nur beim Verk\u00e4ufer 'FEINER K\u00c4SE HEMMEN' erh\u00e4ltlich!","protected":false},"featured_media":6399,"comment_status":"open","ping_status":"closed","template":"","meta":[],"product_cat":[64,417],"product_tag":[],"_links":{"self":[{"href":"https:\/\/food-shop.org\/index.php?rest_route=\/wp\/v2\/product\/6398"}],"collection":[{"href":"https:\/\/food-shop.org\/index.php?rest_route=\/wp\/v2\/product"}],"about":[{"href":"https:\/\/food-shop.org\/index.php?rest_route=\/wp\/v2\/types\/product"}],"replies":[{"embeddable":true,"href":"https:\/\/food-shop.org\/index.php?rest_route=%2Fwp%2Fv2%2Fcomments&post=6398"}],"wp:featuredmedia":[{"embeddable":true,"href":"https:\/\/food-shop.org\/index.php?rest_route=\/wp\/v2\/media\/6399"}],"wp:attachment":[{"href":"https:\/\/food-shop.org\/index.php?rest_route=%2Fwp%2Fv2%2Fmedia&parent=6398"}],"wp:term":[{"taxonomy":"product_cat","embeddable":true,"href":"https:\/\/food-shop.org\/index.php?rest_route=%2Fwp%2Fv2%2Fproduct_cat&post=6398"},{"taxonomy":"product_tag","embeddable":true,"href":"https:\/\/food-shop.org\/index.php?rest_route=%2Fwp%2Fv2%2Fproduct_tag&post=6398"}],"curies":[{"name":"wp","href":"https:\/\/api.w.org\/{rel}","templated":true}]}}