{"id":6334,"date":"2020-08-31T13:04:42","date_gmt":"2020-08-31T13:04:42","guid":{"rendered":"https:\/\/food-shop.org\/?product=camembert-de-normandie-aop-das-original-aus-rohmilch-gereift"},"modified":"2023-04-08T16:58:21","modified_gmt":"2023-04-08T16:58:21","slug":"camembert-de-normandie-aop-das-original-aus-rohmilch-gereift","status":"publish","type":"product","link":"https:\/\/food-shop.org\/?product=camembert-de-normandie-aop-das-original-aus-rohmilch-gereift","title":{"rendered":"Camembert de Normandie AOP &#8211; Das Original aus Rohmilch &#8218;GEREIFT&#8216;"},"content":{"rendered":"<div class=\"disclaim\"> Gr\u00f6\u00dfe:<strong>250g+ Laib<\/strong> <\/div>\n<p> <!-- show up to 2 reviews by default --> <\/p>\n<h3>Produktbeschreibungen<\/h3>\n<p>Camembert de Normandie AOP (aus Rohmilch): Einer der letzten echten Rohmilchcamembert aus der Normandie in Frankreich. &#8218;Moul\u00e9 \u00e0 la louche&#8216; = Der K\u00e4se wird von Hand und mit viel Zeitaufwand in 5 Schichten l\u00f6ffelgesch\u00f6pft hergestellt. Verwendet wird ausschlie\u00dflich tagfrische Rohmilch aus der Region Normandie. Der Geschmack dieses echten &#8218;Camembert de Normandie&#8216; ist aufgrund der Rohmilch satt, angenehm kr\u00e4ftig und aromenvielschichtig. <\/p>\n<h3>Inhaltsstoffe \/ Zutaten<\/h3>\n<p>KuhMILCH, Lab (tierisch), Salz, K\u00e4sereikulturen <\/p>\n<div data-a-expander-name=\"toggle_description\" class=\"a-row a-expander-container a-expander-extend-container\">\n<div class=\"a-expander-content a-expander-extend-content\">\n<h3>Gebrauchsanweisung<\/h3>\n<p>Bei Raumtemperatur servieren <\/p>\n<h3>Anschrift Hersteller\/Importeur<\/h3>\n<p>Feines von Hemmen KG Daimlerstr. 4 49733 Haren <\/p>\n<\/p><\/div>\n<p> <a href=\"void(0)\" data-action=\"a-expander-toggle\" class=\"a-expander-header a-declarative a-expander-extend-header\" data-a-expander-toggle=\"{\"><i class=\"a-icon a-icon-extender-expand\"><\/i><span class=\"a-expander-prompt\">Weitere Informationen<\/span><\/a> <\/div>\n<p>Einer der letzten echten Camembert aus der Normandie in Frankreich. Der K\u00e4se wird von Hand und mit viel Zeitaufwand in 5 Schichten l\u00f6ffelgesch\u00f6pft hergestellt. Verwendet wird ausschlie\u00dflich tagfrische Rohmilch aus der Region Normandie.<br \/>\nDer Geschmack dieses echten &#8218;Camembert de Normandie&#8216; ist aufgrund der Rohmilch satt, angenehm kr\u00e4ftig und aromenvielschichtig.<br \/>\n100% FRISCHE &amp; 100% QUALIT\u00c4T: Ziel ist es, Sie als gl\u00fccklichen Kunden zu gewinnen. Wir als Affineuer und K\u00e4se-Sommelier reifen im H\u00f6hlenklima alle unsere internationalen K\u00e4sesorten selbst aus. Original nur beim Verk\u00e4ufer &#8218;FEINER K\u00c4SE HEMMEN&#8216; erh\u00e4ltlich!<br \/>\nJedes bestellte K\u00e4sest\u00fcck wird kurz vor dem Versand frisch vom K\u00e4selaib abgeschnitten und in spezieller Aromaschutzfolie verpackt. Schneller und perfekt gek\u00fchlter Versand (mit Sendungsverfolgung) in unserer tausendfach bew\u00e4hrten K\u00fchlverpackung.<br \/>\n<div class=\"main-cross-sell\" data-asin=\"B01D4LDQX4\">\n\n\t<div class=\"WooZone-cross-sell-loader\">\n\t\t<div>\n\t\t\t<div id=\"floatingBarsG\">\n\t\t\t\t<div class=\"blockG\" id=\"rotateG_01\"><\/div>\n\t\t\t\t<div class=\"blockG\" id=\"rotateG_02\"><\/div>\n\t\t\t\t<div class=\"blockG\" id=\"rotateG_03\"><\/div>\n\t\t\t\t<div class=\"blockG\" id=\"rotateG_04\"><\/div>\n\t\t\t\t<div class=\"blockG\" id=\"rotateG_05\"><\/div>\n\t\t\t\t<div class=\"blockG\" id=\"rotateG_06\"><\/div>\n\t\t\t\t<div class=\"blockG\" id=\"rotateG_07\"><\/div>\n\t\t\t\t<div class=\"blockG\" id=\"rotateG_08\"><\/div>\n\t\t\t<\/div>\n\t\t\t<div class=\"WooZone-cross-sell-loader-text\"><\/div>\n\t\t<\/div>\n\t<\/div>\n\n\t\t\n<\/div>\n<div style=\"clear:both;\"><\/div>\n","protected":false},"excerpt":{"rendered":"Einer der letzten echten Camembert aus der Normandie in Frankreich. Der K\u00e4se wird von Hand und mit viel Zeitaufwand in 5 Schichten l\u00f6ffelgesch\u00f6pft hergestellt. Verwendet wird ausschlie\u00dflich tagfrische Rohmilch aus der Region Normandie.\nDer Geschmack dieses echten 'Camembert de Normandie' ist aufgrund der Rohmilch satt, angenehm kr\u00e4ftig und aromenvielschichtig.\n100% FRISCHE &amp; 100% QUALIT\u00c4T: Ziel ist es, Sie als gl\u00fccklichen Kunden zu gewinnen. Wir als Affineuer und K\u00e4se-Sommelier reifen im H\u00f6hlenklima alle unsere internationalen K\u00e4sesorten selbst aus. Original nur beim Verk\u00e4ufer 'FEINER K\u00c4SE HEMMEN' erh\u00e4ltlich!","protected":false},"featured_media":6335,"comment_status":"open","ping_status":"closed","template":"","meta":[],"product_cat":[64,417],"product_tag":[],"_links":{"self":[{"href":"https:\/\/food-shop.org\/index.php?rest_route=\/wp\/v2\/product\/6334"}],"collection":[{"href":"https:\/\/food-shop.org\/index.php?rest_route=\/wp\/v2\/product"}],"about":[{"href":"https:\/\/food-shop.org\/index.php?rest_route=\/wp\/v2\/types\/product"}],"replies":[{"embeddable":true,"href":"https:\/\/food-shop.org\/index.php?rest_route=%2Fwp%2Fv2%2Fcomments&post=6334"}],"wp:featuredmedia":[{"embeddable":true,"href":"https:\/\/food-shop.org\/index.php?rest_route=\/wp\/v2\/media\/6335"}],"wp:attachment":[{"href":"https:\/\/food-shop.org\/index.php?rest_route=%2Fwp%2Fv2%2Fmedia&parent=6334"}],"wp:term":[{"taxonomy":"product_cat","embeddable":true,"href":"https:\/\/food-shop.org\/index.php?rest_route=%2Fwp%2Fv2%2Fproduct_cat&post=6334"},{"taxonomy":"product_tag","embeddable":true,"href":"https:\/\/food-shop.org\/index.php?rest_route=%2Fwp%2Fv2%2Fproduct_tag&post=6334"}],"curies":[{"name":"wp","href":"https:\/\/api.w.org\/{rel}","templated":true}]}}