{"id":6324,"date":"2020-08-31T13:04:37","date_gmt":"2020-08-31T13:04:37","guid":{"rendered":"https:\/\/food-shop.org\/?product=bayernland-allgaeuer-emmentaler-45-ca-1kg"},"modified":"2023-04-08T16:58:21","modified_gmt":"2023-04-08T16:58:21","slug":"bayernland-allgaeuer-emmentaler-45-ca-1kg","status":"publish","type":"product","link":"https:\/\/food-shop.org\/?product=bayernland-allgaeuer-emmentaler-45-ca-1kg","title":{"rendered":"Bayernland Allg\u00e4uer Emmentaler 45% ca. 1kg"},"content":{"rendered":"<p><!-- show up to 2 reviews by default --> <\/p>\n<p>Bayernland Allg\u00e4uer Emmentaler 45%, ca. 1kg Ein Klassiker unter den vielseitig einsetzbaren K\u00e4sespezialit\u00e4ten: Emmentaler von Bayernland. Der K\u00e4se hat 45 % Fett in der Trockenmasse und \u00fcberzeugt mit vollem Geschmack. Inhaltsstoffe &amp; N\u00e4hrwerte Inhaltsstoffe Rohmilch, Speisesalz, K\u00e4sereikulturen, mikrobielles Lab Allergenhinweise Milch und Milcherzeugnisse (einschlie\u00dflich Lactose) Zusatzstoffe Fett i. Tr.: 45% N\u00e4hrwertangaben Pro 100 Gramm &#8211; Der urspr\u00fcngliche Zustand eines Produkts Kohlenhydrate 0 g Fett, davon ges\u00e4ttigte Fetts\u00e4uren 20 g Fett 30 g Eiwei\u00df 28 g Salz 0,7 g Kohlenhydrate, davon Zucker 0 g Energie 382 Kalorien Energie 1586 Kilojoule <\/p>\n<p>Allg\u00e4uer Emmentaler, Hartk\u00e4se,Bayernland<br \/>\n<div class=\"main-cross-sell\" data-asin=\"B01D0D78J4\">\n\n\t<div class=\"WooZone-cross-sell-loader\">\n\t\t<div>\n\t\t\t<div id=\"floatingBarsG\">\n\t\t\t\t<div class=\"blockG\" id=\"rotateG_01\"><\/div>\n\t\t\t\t<div class=\"blockG\" id=\"rotateG_02\"><\/div>\n\t\t\t\t<div class=\"blockG\" id=\"rotateG_03\"><\/div>\n\t\t\t\t<div class=\"blockG\" id=\"rotateG_04\"><\/div>\n\t\t\t\t<div class=\"blockG\" id=\"rotateG_05\"><\/div>\n\t\t\t\t<div class=\"blockG\" id=\"rotateG_06\"><\/div>\n\t\t\t\t<div class=\"blockG\" id=\"rotateG_07\"><\/div>\n\t\t\t\t<div class=\"blockG\" id=\"rotateG_08\"><\/div>\n\t\t\t<\/div>\n\t\t\t<div class=\"WooZone-cross-sell-loader-text\"><\/div>\n\t\t<\/div>\n\t<\/div>\n\n\t\t\n<\/div>\n<div style=\"clear:both;\"><\/div>\n","protected":false},"excerpt":{"rendered":"Allg\u00e4uer Emmentaler, Hartk\u00e4se,Bayernland","protected":false},"featured_media":6325,"comment_status":"open","ping_status":"closed","template":"","meta":[],"product_cat":[64,417],"product_tag":[],"_links":{"self":[{"href":"https:\/\/food-shop.org\/index.php?rest_route=\/wp\/v2\/product\/6324"}],"collection":[{"href":"https:\/\/food-shop.org\/index.php?rest_route=\/wp\/v2\/product"}],"about":[{"href":"https:\/\/food-shop.org\/index.php?rest_route=\/wp\/v2\/types\/product"}],"replies":[{"embeddable":true,"href":"https:\/\/food-shop.org\/index.php?rest_route=%2Fwp%2Fv2%2Fcomments&post=6324"}],"wp:featuredmedia":[{"embeddable":true,"href":"https:\/\/food-shop.org\/index.php?rest_route=\/wp\/v2\/media\/6325"}],"wp:attachment":[{"href":"https:\/\/food-shop.org\/index.php?rest_route=%2Fwp%2Fv2%2Fmedia&parent=6324"}],"wp:term":[{"taxonomy":"product_cat","embeddable":true,"href":"https:\/\/food-shop.org\/index.php?rest_route=%2Fwp%2Fv2%2Fproduct_cat&post=6324"},{"taxonomy":"product_tag","embeddable":true,"href":"https:\/\/food-shop.org\/index.php?rest_route=%2Fwp%2Fv2%2Fproduct_tag&post=6324"}],"curies":[{"name":"wp","href":"https:\/\/api.w.org\/{rel}","templated":true}]}}