{"id":6310,"date":"2020-08-31T13:04:29","date_gmt":"2020-08-31T13:04:29","guid":{"rendered":"https:\/\/food-shop.org\/?product=butterkaese-toelzer-art-landmetzger-schiessl-ca-500g"},"modified":"2023-04-08T16:58:21","modified_gmt":"2023-04-08T16:58:21","slug":"butterkaese-toelzer-art-landmetzger-schiessl-ca-500g","status":"publish","type":"product","link":"https:\/\/food-shop.org\/?product=butterkaese-toelzer-art-landmetzger-schiessl-ca-500g","title":{"rendered":"&#8222;Landmetzgerei Schiessl Butterk\u00e4se T\u00f6lzer Art 500g I Hausmacher K\u00e4se Glutenfrei, Schnittk\u00e4se weich, Spitzenqualit\u00e4t aus eigener Herstellung, von Natur aus Lactosefrei &#8222;"},"content":{"rendered":"<p><!-- show up to 2 reviews by default --> <\/p>\n<p>Butterk\u00e4se &#8222;T\u00f6lzer Art&#8220; &#8211; Handwerkliche Herstellung zeichnet diesen weichen Schnittk\u00e4se aus. Besonders mild im Geschmack, mit bester Milch aus Bayern. Unser Bayreuther Butterk\u00e4se besticht durch Aussehen, Qualit\u00e4t und Geschmack. 45% Fett in Tr. Portions-St\u00fccke \u00e0 ca. 0,5 kg. <\/p>\n<p><b>Achtung:<\/b> Achten Sie beim Kauf darauf das rechts im Einkaufswagenfeld &#8222;Verkauf und Versand durch Landmetzger Schiessl&#8220; steht. Betr\u00fcger wie der Verk\u00e4ufer &#8222;3001&#8220; oder &#8222;Bestes schnell geliefert&#8220; versuchen hier gef\u00e4lschte Produkte zu verkaufen! <\/p>\n<p> Zutaten: Milch, Salz, Milchs\u00e4urebakterien, mikrobieller Labaustauschstoff <\/p>\n<p>Butterk\u00e4se &#8222;T\u00f6lzer Art&#8220; &#8211; Handwerkliche Herstellung zeichnet diesen weichen Schnittk\u00e4se aus. Besonders mild im Geschmack, mit bester Milch aus Bayern.<br \/>\nButterk\u00e4se &#8222;T\u00f6lzer Art&#8220; besticht durch Aussehen, Qualit\u00e4t und Geschmack. 45% Fett in Tr. Portions-St\u00fccke \u00e0 ca. 0,5 kg.<br \/>\nLaktosefrei!<br \/>\nEine Bestelleinheit: 500g<br \/>\nACHTUNG: Achten Sie beim Kauf darauf das rechts im Einkaufswagenfeld &#8222;Verkauf und Versand durch Landmetzger Schiessl&#8220; steht. Betr\u00fcger wie der Verk\u00e4ufer &#8222;3001&#8220; oder &#8222;Bestes schnell geliefert&#8220; versuchen hier gef\u00e4lschte Produkte zu verkaufen!<br \/>\n<div class=\"main-cross-sell\" data-asin=\"B003XF410E\">\n\n\t<div class=\"WooZone-cross-sell-loader\">\n\t\t<div>\n\t\t\t<div id=\"floatingBarsG\">\n\t\t\t\t<div class=\"blockG\" id=\"rotateG_01\"><\/div>\n\t\t\t\t<div class=\"blockG\" id=\"rotateG_02\"><\/div>\n\t\t\t\t<div class=\"blockG\" id=\"rotateG_03\"><\/div>\n\t\t\t\t<div class=\"blockG\" id=\"rotateG_04\"><\/div>\n\t\t\t\t<div class=\"blockG\" id=\"rotateG_05\"><\/div>\n\t\t\t\t<div class=\"blockG\" id=\"rotateG_06\"><\/div>\n\t\t\t\t<div class=\"blockG\" id=\"rotateG_07\"><\/div>\n\t\t\t\t<div class=\"blockG\" id=\"rotateG_08\"><\/div>\n\t\t\t<\/div>\n\t\t\t<div class=\"WooZone-cross-sell-loader-text\"><\/div>\n\t\t<\/div>\n\t<\/div>\n\n\t\t\n<\/div>\n<div style=\"clear:both;\"><\/div>\n","protected":false},"excerpt":{"rendered":"Butterk\u00e4se \"T\u00f6lzer Art\" - Handwerkliche Herstellung zeichnet diesen weichen Schnittk\u00e4se aus. Besonders mild im Geschmack, mit bester Milch aus Bayern.\nButterk\u00e4se \"T\u00f6lzer Art\" besticht durch Aussehen, Qualit\u00e4t und Geschmack. 45% Fett in Tr. Portions-St\u00fccke \u00e0 ca. 0,5 kg.\nLaktosefrei!","protected":false},"featured_media":6311,"comment_status":"open","ping_status":"closed","template":"","meta":[],"product_cat":[64,417],"product_tag":[],"_links":{"self":[{"href":"https:\/\/food-shop.org\/index.php?rest_route=\/wp\/v2\/product\/6310"}],"collection":[{"href":"https:\/\/food-shop.org\/index.php?rest_route=\/wp\/v2\/product"}],"about":[{"href":"https:\/\/food-shop.org\/index.php?rest_route=\/wp\/v2\/types\/product"}],"replies":[{"embeddable":true,"href":"https:\/\/food-shop.org\/index.php?rest_route=%2Fwp%2Fv2%2Fcomments&post=6310"}],"wp:featuredmedia":[{"embeddable":true,"href":"https:\/\/food-shop.org\/index.php?rest_route=\/wp\/v2\/media\/6311"}],"wp:attachment":[{"href":"https:\/\/food-shop.org\/index.php?rest_route=%2Fwp%2Fv2%2Fmedia&parent=6310"}],"wp:term":[{"taxonomy":"product_cat","embeddable":true,"href":"https:\/\/food-shop.org\/index.php?rest_route=%2Fwp%2Fv2%2Fproduct_cat&post=6310"},{"taxonomy":"product_tag","embeddable":true,"href":"https:\/\/food-shop.org\/index.php?rest_route=%2Fwp%2Fv2%2Fproduct_tag&post=6310"}],"curies":[{"name":"wp","href":"https:\/\/api.w.org\/{rel}","templated":true}]}}