{"id":6306,"date":"2020-08-31T13:04:26","date_gmt":"2020-08-31T13:04:26","guid":{"rendered":"https:\/\/food-shop.org\/?product=gazi-kashkaval-schnitt-kaese-45-i-tr-kasar-peyniri-400g"},"modified":"2023-04-08T16:58:21","modified_gmt":"2023-04-08T16:58:21","slug":"gazi-kashkaval-schnitt-kaese-45-i-tr-kasar-peyniri-400g","status":"publish","type":"product","link":"https:\/\/food-shop.org\/?product=gazi-kashkaval-schnitt-kaese-45-i-tr-kasar-peyniri-400g","title":{"rendered":"Gazi &#8211; Kashkaval Schnitt- K\u00e4se 45% i.Tr. &#8211; Kasar peyniri (400g)"},"content":{"rendered":"<p><!-- show up to 2 reviews by default --> <\/p>\n<h3>Produktbeschreibungen<\/h3>\n<p>Kasar K\u00e4se ist in vielen L\u00e4ndern des Balkans auch als Kashkaval K\u00e4se bekannt. Hierbei handelt es sich um einen reifen w\u00fcrzigen Schnittk\u00e4se, den man in der T\u00fcrkei &#8211; in St\u00fccke geschnitten &#8211; zum Fr\u00fchst\u00fcck isst oder auf Toast- und Pidesorten als Belag verwendet. <\/p>\n<h3>Inhaltsstoffe \/ Zutaten<\/h3>\n<p>pasteurisierte Kuhmilch, Speisesalz, mikrobielles Lab, Milchs\u00e4urekulturen 45% Fett i. Tr. <\/p>\n<div data-a-expander-name=\"toggle_description\" class=\"a-row a-expander-container a-expander-extend-container\">\n<div class=\"a-expander-content a-expander-extend-content\">\n<h3>Warnhinweise<\/h3>\n<p>Enth\u00e4lt: Kuhmilch <\/p>\n<h3>Anschrift Hersteller\/Importeur<\/h3>\n<p>garmo AG, Ulmer Str. 181-191, 70188 Stuttgart, Deutschland <\/p>\n<\/p><\/div>\n<p> <a href=\"void(0)\" data-action=\"a-expander-toggle\" class=\"a-expander-header a-declarative a-expander-extend-header\" data-a-expander-toggle=\"{\"><i class=\"a-icon a-icon-extender-expand\"><\/i><span class=\"a-expander-prompt\">Weitere Informationen<\/span><\/a> <\/div>\n<p>Gek\u00fchlter Versand im Preis inklusive<br \/>\nHergestellt mit mikrobiellem Lab<br \/>\nVegetarier geeignet<br \/>\nPerfekt zum Toasten, auf dem Grill oder einfach nur aufs Br\u00f6tchen<br \/>\n<div class=\"main-cross-sell\" data-asin=\"B01DO56RN6\">\n\n\t<div class=\"WooZone-cross-sell-loader\">\n\t\t<div>\n\t\t\t<div id=\"floatingBarsG\">\n\t\t\t\t<div class=\"blockG\" id=\"rotateG_01\"><\/div>\n\t\t\t\t<div class=\"blockG\" id=\"rotateG_02\"><\/div>\n\t\t\t\t<div class=\"blockG\" id=\"rotateG_03\"><\/div>\n\t\t\t\t<div class=\"blockG\" id=\"rotateG_04\"><\/div>\n\t\t\t\t<div class=\"blockG\" id=\"rotateG_05\"><\/div>\n\t\t\t\t<div class=\"blockG\" id=\"rotateG_06\"><\/div>\n\t\t\t\t<div class=\"blockG\" id=\"rotateG_07\"><\/div>\n\t\t\t\t<div class=\"blockG\" id=\"rotateG_08\"><\/div>\n\t\t\t<\/div>\n\t\t\t<div class=\"WooZone-cross-sell-loader-text\"><\/div>\n\t\t<\/div>\n\t<\/div>\n\n\t\t\n<\/div>\n<div style=\"clear:both;\"><\/div>\n","protected":false},"excerpt":{"rendered":"Gek\u00fchlter Versand im Preis inklusive\nHergestellt mit mikrobiellem Lab\nVegetarier geeignet","protected":false},"featured_media":6307,"comment_status":"open","ping_status":"closed","template":"","meta":[],"product_cat":[64,417],"product_tag":[],"_links":{"self":[{"href":"https:\/\/food-shop.org\/index.php?rest_route=\/wp\/v2\/product\/6306"}],"collection":[{"href":"https:\/\/food-shop.org\/index.php?rest_route=\/wp\/v2\/product"}],"about":[{"href":"https:\/\/food-shop.org\/index.php?rest_route=\/wp\/v2\/types\/product"}],"replies":[{"embeddable":true,"href":"https:\/\/food-shop.org\/index.php?rest_route=%2Fwp%2Fv2%2Fcomments&post=6306"}],"wp:featuredmedia":[{"embeddable":true,"href":"https:\/\/food-shop.org\/index.php?rest_route=\/wp\/v2\/media\/6307"}],"wp:attachment":[{"href":"https:\/\/food-shop.org\/index.php?rest_route=%2Fwp%2Fv2%2Fmedia&parent=6306"}],"wp:term":[{"taxonomy":"product_cat","embeddable":true,"href":"https:\/\/food-shop.org\/index.php?rest_route=%2Fwp%2Fv2%2Fproduct_cat&post=6306"},{"taxonomy":"product_tag","embeddable":true,"href":"https:\/\/food-shop.org\/index.php?rest_route=%2Fwp%2Fv2%2Fproduct_tag&post=6306"}],"curies":[{"name":"wp","href":"https:\/\/api.w.org\/{rel}","templated":true}]}}