{"id":6279,"date":"2020-08-31T11:42:22","date_gmt":"2020-08-31T11:42:22","guid":{"rendered":"https:\/\/food-shop.org\/?product=sonnen-bassermann-kartoffel-eintopf-800-g"},"modified":"2023-04-08T16:58:20","modified_gmt":"2023-04-08T16:58:20","slug":"sonnen-bassermann-kartoffel-eintopf-800-g","status":"publish","type":"product","link":"https:\/\/food-shop.org\/?product=sonnen-bassermann-kartoffel-eintopf-800-g","title":{"rendered":"Sonnen Bassermann Kartoffel-Eintopf, 800 g"},"content":{"rendered":"<p><!-- show up to 2 reviews by default --> <\/p>\n<h3>Produktbeschreibung<\/h3>\n<p>Feine Kartoffelw\u00fcrfel, leckere W\u00fcrstchen und ger\u00e4ucherter Bauchspeck ergeben einen w\u00fcrzigen Kartoffeltopf. Der Mix aus Gem\u00fcse und speziell ausgew\u00e4hlten Gew\u00fcrzen rundet den Geschmack ab. <\/p>\n<h3>Inhaltsstoffe \/ Zutaten<\/h3>\n<p>Zutaten: Wasser, 39% Kartoffeln, 6% Bockwurst (Schweinefleisch, Wasser, Speisesalz, Dextrose, Gew\u00fcrze, Rauch Karotten), Zwiebeln, 2% Speck (Schweinefleisch, Speisesalz, Dextrose, Gew\u00fcrze, Rauch), Karotten, Kartoffelflocken, modifizierte St\u00e4rke, Speisesalz, SAHNE, Porree, Petersilie, Dextrose ger\u00e4uchert (Dextrose, Rauch), Raps\u00f6l, Antioxidationsmittel (Ascorbins\u00e4ure), nat\u00fcrliches Aroma. Kann Spuren von Gluten, Ei, Sellerie, Soja und Senf enthalten. <\/p>\n<div data-a-expander-name=\"toggle_description\" class=\"a-row a-expander-container a-expander-extend-container\">\n<div class=\"a-expander-content a-expander-extend-content\">\n<h3>Gebrauchsanweisung<\/h3>\n<\/p>\n<ul>\n<li>Im Kochtopf: Erw\u00e4rmen Sie Ihren Eintopf bei mittlerer Hitze in einem Topf und r\u00fchren Sie ab und zu um &#8211; Aufkochen ist nicht notwendig. Guten Appetit!<\/li>\n<li>In der Mikrowelle: Geben Sie Ihren Eintopf in ein mikrowellengeeignetes Gef\u00e4\u00df und decken Sie es mit einem Teller oder einer Haube ab. Dann bei 600 Watt 6 Minuten erw\u00e4rmen. Zwischendurch und zum Schluss noch einmal umr\u00fchren. Guten Appetit!<\/li>\n<\/ul>\n<h3>Anschrift Hersteller\/Importeur<\/h3>\n<p>Postfach 11 22 D-14547 Beelitz <\/p>\n<\/p><\/div>\n<p> <a href=\"void(0)\" data-action=\"a-expander-toggle\" class=\"a-expander-header a-declarative a-expander-extend-header\" data-a-expander-toggle=\"{\"><i class=\"a-icon a-icon-extender-expand\"><\/i><span class=\"a-expander-prompt\">Weitere Informationen<\/span><\/a> <\/div>\n<p>Unverwechselbarer Geschmack<br \/>\nHerzhafter Eintopf<br \/>\nF\u00fcr Kochtopf oder Mikrowelle<br \/>\nOhne k\u00fcnstliche Farbstoffe und geschmacksverst\u00e4rkende Zusatzstoffe<br \/>\n<div class=\"main-cross-sell\" data-asin=\"B00E7PGOIQ\">\n\n\t<div class=\"WooZone-cross-sell-loader\">\n\t\t<div>\n\t\t\t<div id=\"floatingBarsG\">\n\t\t\t\t<div class=\"blockG\" id=\"rotateG_01\"><\/div>\n\t\t\t\t<div class=\"blockG\" id=\"rotateG_02\"><\/div>\n\t\t\t\t<div class=\"blockG\" id=\"rotateG_03\"><\/div>\n\t\t\t\t<div class=\"blockG\" id=\"rotateG_04\"><\/div>\n\t\t\t\t<div class=\"blockG\" id=\"rotateG_05\"><\/div>\n\t\t\t\t<div class=\"blockG\" id=\"rotateG_06\"><\/div>\n\t\t\t\t<div class=\"blockG\" id=\"rotateG_07\"><\/div>\n\t\t\t\t<div class=\"blockG\" id=\"rotateG_08\"><\/div>\n\t\t\t<\/div>\n\t\t\t<div class=\"WooZone-cross-sell-loader-text\"><\/div>\n\t\t<\/div>\n\t<\/div>\n\n\t\t\n<\/div>\n<div style=\"clear:both;\"><\/div>\n","protected":false},"excerpt":{"rendered":"Unverwechselbarer Geschmack\nHerzhafter Eintopf\nF\u00fcr Kochtopf oder Mikrowelle","protected":false},"featured_media":6280,"comment_status":"open","ping_status":"closed","template":"","meta":[],"product_cat":[64,58],"product_tag":[],"_links":{"self":[{"href":"https:\/\/food-shop.org\/index.php?rest_route=\/wp\/v2\/product\/6279"}],"collection":[{"href":"https:\/\/food-shop.org\/index.php?rest_route=\/wp\/v2\/product"}],"about":[{"href":"https:\/\/food-shop.org\/index.php?rest_route=\/wp\/v2\/types\/product"}],"replies":[{"embeddable":true,"href":"https:\/\/food-shop.org\/index.php?rest_route=%2Fwp%2Fv2%2Fcomments&post=6279"}],"wp:featuredmedia":[{"embeddable":true,"href":"https:\/\/food-shop.org\/index.php?rest_route=\/wp\/v2\/media\/6280"}],"wp:attachment":[{"href":"https:\/\/food-shop.org\/index.php?rest_route=%2Fwp%2Fv2%2Fmedia&parent=6279"}],"wp:term":[{"taxonomy":"product_cat","embeddable":true,"href":"https:\/\/food-shop.org\/index.php?rest_route=%2Fwp%2Fv2%2Fproduct_cat&post=6279"},{"taxonomy":"product_tag","embeddable":true,"href":"https:\/\/food-shop.org\/index.php?rest_route=%2Fwp%2Fv2%2Fproduct_tag&post=6279"}],"curies":[{"name":"wp","href":"https:\/\/api.w.org\/{rel}","templated":true}]}}