{"id":6271,"date":"2020-08-31T11:42:18","date_gmt":"2020-08-31T11:42:18","guid":{"rendered":"https:\/\/food-shop.org\/?product=erasco-linsentopf-mit-schweinefleisch-3er-pack-3-x-800-g"},"modified":"2023-04-08T16:58:20","modified_gmt":"2023-04-08T16:58:20","slug":"erasco-linsentopf-mit-schweinefleisch-3er-pack-3-x-800-g","status":"publish","type":"product","link":"https:\/\/food-shop.org\/?product=erasco-linsentopf-mit-schweinefleisch-3er-pack-3-x-800-g","title":{"rendered":"Erasco Linsentopf mit Schweinefleisch, 3er Pack (3 x 800 g)"},"content":{"rendered":"<p><!-- show up to 2 reviews by default --> <\/p>\n<h3>Produktbeschreibung<\/h3>\n<p>Deftig und lecker: der Erasco Linsentopf mit Schweinefleisch. Aus ausgesuchten Linsen, hochwertigem Schweinefleisch, M\u00f6hren und Kartoffeln. Mit leckerer Rauchnote fein abgeschmeckt. <\/p>\n<h3>Inhaltsstoffe \/ Zutaten<\/h3>\n<p>Zutaten: Wasser, 32% gekochte Linsen , 6,6% Kartoffeln, 5,9% M\u00f6hren, 3,6% Kasseler W\u00fcrfel aus Schulter und Schinken (Schweinefleisch, Wasser, Salz, getrockneter Glukosesirup. Stabilisator: Diphosphate, Aroma, Dextrose, Antioxidationsmittel: Natriumisoascorbat, ,Raps\u00f6l, Rauch), Zwiebeln, modifizierte St\u00e4rke, SENF (Wasser, SENFSAATEN, Branntweinessig, Salz, Gew\u00fcrze, nat\u00fcrliches Aroma), Salz, Tomatenmark, Zucker, Raps\u00f6l, Aroma, Hefeextrakt, Petersilie, Speck (Schweinebacke, Salz, Rauch), Dextrose, Raucharoma, f\u00e4rbender Paprikaextrakt, S\u00e4uerungsmittel: Citronens\u00e4ure, Antioxidationsmittel: Ascorbins\u00e4ure, Verdickungsmittel: Guarkernmehl. Kann Spuren von Weizen (Gluten), Sellerie, Milch, Soja und Ei enthalten. <\/p>\n<div data-a-expander-name=\"toggle_description\" class=\"a-row a-expander-container a-expander-extend-container\">\n<div class=\"a-expander-content a-expander-extend-content\">\n<h3>Gebrauchsanweisung<\/h3>\n<\/p>\n<ul>\n<li>Inhalt in eine geeignete Schale geben und erw\u00e4rmen. 600 W ca. 6 Min.<\/li>\n<li>Inhalt langsam im Topf erw\u00e4rmen, gelegentlich umr\u00fchren.<\/li>\n<\/ul>\n<h3>Anschrift Hersteller\/Importeur<\/h3>\n<p>Postfach 12 11 62, D-23532 L\u00fcbeck <\/p>\n<\/p><\/div>\n<p> <a href=\"void(0)\" data-action=\"a-expander-toggle\" class=\"a-expander-header a-declarative a-expander-extend-header\" data-a-expander-toggle=\"{\"><i class=\"a-icon a-icon-extender-expand\"><\/i><span class=\"a-expander-prompt\">Weitere Informationen<\/span><\/a> <\/div>\n<p>Deftiger Linsentopf mit leckerem Schweinefleisch<br \/>\nmit leckeren Kr\u00e4utern verfeinert<br \/>\nohne k\u00fcnstliche Konservierungsstoffe, geschmacksverst\u00e4rkende Zusatzstoffe oder k\u00fcnstliche Farbstoffe<br \/>\nschnell und praktisch zubereitet<br \/>\nauch f\u00fcr Camping und Festivals geeignet<br \/>\n<div class=\"main-cross-sell\" data-asin=\"B01EJBCRUQ\">\n\n\t<div class=\"WooZone-cross-sell-loader\">\n\t\t<div>\n\t\t\t<div id=\"floatingBarsG\">\n\t\t\t\t<div class=\"blockG\" id=\"rotateG_01\"><\/div>\n\t\t\t\t<div class=\"blockG\" id=\"rotateG_02\"><\/div>\n\t\t\t\t<div class=\"blockG\" id=\"rotateG_03\"><\/div>\n\t\t\t\t<div class=\"blockG\" id=\"rotateG_04\"><\/div>\n\t\t\t\t<div class=\"blockG\" id=\"rotateG_05\"><\/div>\n\t\t\t\t<div class=\"blockG\" id=\"rotateG_06\"><\/div>\n\t\t\t\t<div class=\"blockG\" id=\"rotateG_07\"><\/div>\n\t\t\t\t<div class=\"blockG\" id=\"rotateG_08\"><\/div>\n\t\t\t<\/div>\n\t\t\t<div class=\"WooZone-cross-sell-loader-text\"><\/div>\n\t\t<\/div>\n\t<\/div>\n\n\t\t\n<\/div>\n<div style=\"clear:both;\"><\/div>\n","protected":false},"excerpt":{"rendered":"Deftiger Linsentopf mit leckerem Schweinefleisch\nmit leckeren Kr\u00e4utern verfeinert\nohne k\u00fcnstliche Konservierungsstoffe, geschmacksverst\u00e4rkende Zusatzstoffe oder k\u00fcnstliche Farbstoffe","protected":false},"featured_media":6272,"comment_status":"open","ping_status":"closed","template":"","meta":[],"product_cat":[64,58],"product_tag":[],"_links":{"self":[{"href":"https:\/\/food-shop.org\/index.php?rest_route=\/wp\/v2\/product\/6271"}],"collection":[{"href":"https:\/\/food-shop.org\/index.php?rest_route=\/wp\/v2\/product"}],"about":[{"href":"https:\/\/food-shop.org\/index.php?rest_route=\/wp\/v2\/types\/product"}],"replies":[{"embeddable":true,"href":"https:\/\/food-shop.org\/index.php?rest_route=%2Fwp%2Fv2%2Fcomments&post=6271"}],"wp:featuredmedia":[{"embeddable":true,"href":"https:\/\/food-shop.org\/index.php?rest_route=\/wp\/v2\/media\/6272"}],"wp:attachment":[{"href":"https:\/\/food-shop.org\/index.php?rest_route=%2Fwp%2Fv2%2Fmedia&parent=6271"}],"wp:term":[{"taxonomy":"product_cat","embeddable":true,"href":"https:\/\/food-shop.org\/index.php?rest_route=%2Fwp%2Fv2%2Fproduct_cat&post=6271"},{"taxonomy":"product_tag","embeddable":true,"href":"https:\/\/food-shop.org\/index.php?rest_route=%2Fwp%2Fv2%2Fproduct_tag&post=6271"}],"curies":[{"name":"wp","href":"https:\/\/api.w.org\/{rel}","templated":true}]}}