{"id":6263,"date":"2020-08-31T11:42:14","date_gmt":"2020-08-31T11:42:14","guid":{"rendered":"https:\/\/food-shop.org\/?product=erasco-kartoffel-cremesuppe-3er-pack-3-x-390-ml-dose"},"modified":"2023-04-08T16:58:20","modified_gmt":"2023-04-08T16:58:20","slug":"erasco-kartoffel-cremesuppe-3er-pack-3-x-390-ml-dose","status":"publish","type":"product","link":"https:\/\/food-shop.org\/?product=erasco-kartoffel-cremesuppe-3er-pack-3-x-390-ml-dose","title":{"rendered":"Erasco Kartoffel Cremesuppe, 3er Pack (3 x 390 ml Dose)"},"content":{"rendered":"<p><!-- show up to 2 reviews by default --> <\/p>\n<h3>Produktbeschreibungen<\/h3>\n<p>Inhaltsstoffe \/ Zutaten: Wasser, Kartoffeln, 8% SAHNE, Speck (Schweinebacke, Salz, Rauch), pflanzliche \u00d6le (Raps\u00f6l und Palm\u00f6l), M\u00f6hren, 1,4% Kochschinken (Schweinefleisch, Trinkwasser, Salz, Stabilisator: E 450, E 451, Antioxidationsmittel: E 316, E 301, Dextrose, Gew\u00fcrze, Gew\u00fcrzextrakte, Aroma, Rauch), Aroma (enth\u00e4lt SOJA, SELLERIE und MILCH), modifizierte St\u00e4rke, Majoran, MILCHZUCKER, Emulgator E 472e , MILCHEIWEI\u00df, Jodsalz, Verdickungsmittel Guarkernmehl und Xanthan, Geschmacksverst\u00e4rker Mononatriumglutamat, Dinatriumguanylat und Dinatriuminosinat, Farbstoff Riboflavine, Kurkumin.; 1.1. Gebrauchsanweisung: Herd: Inhalt langsam im Topf erw\u00e4rmen, gelegentlich umr\u00fchren. Mikrowelle: Inhalt in eine geeignete Schale geben und abgedeckt erw\u00e4rmen. 600 W ca. 4 Min; <\/p>\n<h3>Inhaltsstoffe \/ Zutaten<\/h3>\n<p>Zutaten: Wasser, 26% Kartoffeln, SAHNE, M\u00f6hren, Speck (Schweinebacke, Salz, Rauch), 1,5% Kochschinken (Schweinefleisch, Trinkwasser, Salz, Stabilisator: E450, E451, Antioxidationsmittel: E316, E301, Dextrose, Gew\u00fcrze, Gew\u00fcrzextrakte, Aroma, Rauch), modifizierte St\u00e4rke, Salz, Raps\u00f6l, Palm\u00f6l, MILCHZUCKER, Zucker, Aroma (enth\u00e4lt SELLERIE und EI, Kr\u00e4uter, MILCHEIWEI\u00df, Gew\u00fcrze, Hefeextrakt, f\u00e4rbender M\u00f6hrenextrakt, Emulgator: E472e, Verdickungsmittel: Guarkernmehl und Xanthan, Farbstoffe: Kurkumin, Dextrose. Kann Spuren von Weizen, Soja und Senf enthalten. <\/p>\n<div data-a-expander-name=\"toggle_description\" class=\"a-row a-expander-container a-expander-extend-container\">\n<div class=\"a-expander-content a-expander-extend-content\">\n<h3>Gebrauchsanweisung<\/h3>\n<p>Herd: Inhalt langsam im Topf erw\u00e4rmen, gelegentlich umr\u00fchren. Mikrowelle: Inhalt in eine geeignete Schale geben und abgedeckt erw\u00e4rmen. 600 W ca. 4 Min <\/p>\n<h3>Warnhinweise<\/h3>\n<p>Kann Spuren von Weizen, Senf, und Ei enthalten. <\/p>\n<h3>Anschrift Hersteller\/Importeur<\/h3>\n<p>Postfach 12 11 62, D-23532 L\u00fcbeck <\/p>\n<\/p><\/div>\n<p> <a href=\"void(0)\" data-action=\"a-expander-toggle\" class=\"a-expander-header a-declarative a-expander-extend-header\" data-a-expander-toggle=\"{\"><i class=\"a-icon a-icon-extender-expand\"><\/i><span class=\"a-expander-prompt\">Weitere Informationen<\/span><\/a> <\/div>\n<p>mit Sahne verfeinert<br \/>\n<div class=\"main-cross-sell\" data-asin=\"B004DDE2I6\">\n\n\t<div class=\"WooZone-cross-sell-loader\">\n\t\t<div>\n\t\t\t<div id=\"floatingBarsG\">\n\t\t\t\t<div class=\"blockG\" id=\"rotateG_01\"><\/div>\n\t\t\t\t<div class=\"blockG\" id=\"rotateG_02\"><\/div>\n\t\t\t\t<div class=\"blockG\" id=\"rotateG_03\"><\/div>\n\t\t\t\t<div class=\"blockG\" id=\"rotateG_04\"><\/div>\n\t\t\t\t<div class=\"blockG\" id=\"rotateG_05\"><\/div>\n\t\t\t\t<div class=\"blockG\" id=\"rotateG_06\"><\/div>\n\t\t\t\t<div class=\"blockG\" id=\"rotateG_07\"><\/div>\n\t\t\t\t<div class=\"blockG\" id=\"rotateG_08\"><\/div>\n\t\t\t<\/div>\n\t\t\t<div class=\"WooZone-cross-sell-loader-text\"><\/div>\n\t\t<\/div>\n\t<\/div>\n\n\t\t\n<\/div>\n<div style=\"clear:both;\"><\/div>\n","protected":false},"excerpt":{"rendered":"mit Sahne verfeinert","protected":false},"featured_media":6264,"comment_status":"open","ping_status":"closed","template":"","meta":[],"product_cat":[64,58],"product_tag":[],"_links":{"self":[{"href":"https:\/\/food-shop.org\/index.php?rest_route=\/wp\/v2\/product\/6263"}],"collection":[{"href":"https:\/\/food-shop.org\/index.php?rest_route=\/wp\/v2\/product"}],"about":[{"href":"https:\/\/food-shop.org\/index.php?rest_route=\/wp\/v2\/types\/product"}],"replies":[{"embeddable":true,"href":"https:\/\/food-shop.org\/index.php?rest_route=%2Fwp%2Fv2%2Fcomments&post=6263"}],"wp:featuredmedia":[{"embeddable":true,"href":"https:\/\/food-shop.org\/index.php?rest_route=\/wp\/v2\/media\/6264"}],"wp:attachment":[{"href":"https:\/\/food-shop.org\/index.php?rest_route=%2Fwp%2Fv2%2Fmedia&parent=6263"}],"wp:term":[{"taxonomy":"product_cat","embeddable":true,"href":"https:\/\/food-shop.org\/index.php?rest_route=%2Fwp%2Fv2%2Fproduct_cat&post=6263"},{"taxonomy":"product_tag","embeddable":true,"href":"https:\/\/food-shop.org\/index.php?rest_route=%2Fwp%2Fv2%2Fproduct_tag&post=6263"}],"curies":[{"name":"wp","href":"https:\/\/api.w.org\/{rel}","templated":true}]}}