{"id":6259,"date":"2020-08-31T11:42:10","date_gmt":"2020-08-31T11:42:10","guid":{"rendered":"https:\/\/food-shop.org\/?product=erasco-ungarische-gulaschsuppe-2er-pack-2-x-770-ml"},"modified":"2023-04-08T16:58:20","modified_gmt":"2023-04-08T16:58:20","slug":"erasco-ungarische-gulaschsuppe-2er-pack-2-x-770-ml","status":"publish","type":"product","link":"https:\/\/food-shop.org\/?product=erasco-ungarische-gulaschsuppe-2er-pack-2-x-770-ml","title":{"rendered":"Erasco Ungarische Gulaschsuppe, 2er Pack (2 x 770 ml)"},"content":{"rendered":"<p><!-- show up to 2 reviews by default --> <\/p>\n<h3>Produktbeschreibung<\/h3>\n<p>Mit Erasco erleben Sie Eintopf jetzt neu: mit zartem Rindfleisch und weiteren authentischen Zutaten, die einen echten geschmacksunterschied machen. \u00dcberzeugen Sie sich selbst und Gehen Sie mit Erasco auf geschmacksexpedition! <\/p>\n<h3>Inhaltsstoffe \/ Zutaten<\/h3>\n<p>Zutaten: Wasser, 9,7% Gem\u00fcse (Zwiebeln, roter Paprika), Kartoffeln, 6,8% gegartes Rindfleisch (Rindfleisch, modifizierte St\u00e4rke, Salz), Tomatenmark, 3,7% Champignons, modifizierte St\u00e4rke, Raps\u00f6l, WEIZENMEHL (GLUTEN), Palm\u00f6l, Salz, Zucker, Aroma (enth\u00e4lt SELLERIE), Raucharoma, Knoblauchpulver, MILCHZUCKER, GERSTENMALZEXTRAKT (GLUTEN), Hefeextrakt, Dextrose, MILCHEIWEI\u00df, f\u00e4rbender Paprikaextrakt, Emulgator: E472e, Verdickungsmittel: Guarkernmehl und Xanthan. Kann Spuren von Soja, Ei und Senf enthalten. <\/p>\n<div data-a-expander-name=\"toggle_description\" class=\"a-row a-expander-container a-expander-extend-container\">\n<div class=\"a-expander-content a-expander-extend-content\">\n<h3>Gebrauchsanweisung<\/h3>\n<p>Herd: Inhalt langsam im Topf erw\u00e4rmen, gelegentlich umr\u00fchren. Mikrowelle: Inhalt in eine geeignete Schale geben und erw\u00e4rmen. 600 W ca. 6 Min. <\/p>\n<h3>Warnhinweise<\/h3>\n<p>Kann Spuren von Ei und Senf enthalten. <\/p>\n<h3>Anschrift Hersteller\/Importeur<\/h3>\n<p>Postfach 12 11 62, D-23532 L\u00fcbeck <\/p>\n<\/p><\/div>\n<p> <a href=\"void(0)\" data-action=\"a-expander-toggle\" class=\"a-expander-header a-declarative a-expander-extend-header\" data-a-expander-toggle=\"{\"><i class=\"a-icon a-icon-extender-expand\"><\/i><span class=\"a-expander-prompt\">Weitere Informationen<\/span><\/a> <\/div>\n<p>Ohne geschmacksverst\u00e4rkende Zusatzstoffe<br \/>\nOhne k\u00fcnstliche Farbstoffe<br \/>\nOhne Konservierungsstoffe lt. Gesetz<br \/>\n<div class=\"main-cross-sell\" data-asin=\"B005X3ZV3K\">\n\n\t<div class=\"WooZone-cross-sell-loader\">\n\t\t<div>\n\t\t\t<div id=\"floatingBarsG\">\n\t\t\t\t<div class=\"blockG\" id=\"rotateG_01\"><\/div>\n\t\t\t\t<div class=\"blockG\" id=\"rotateG_02\"><\/div>\n\t\t\t\t<div class=\"blockG\" id=\"rotateG_03\"><\/div>\n\t\t\t\t<div class=\"blockG\" id=\"rotateG_04\"><\/div>\n\t\t\t\t<div class=\"blockG\" id=\"rotateG_05\"><\/div>\n\t\t\t\t<div class=\"blockG\" id=\"rotateG_06\"><\/div>\n\t\t\t\t<div class=\"blockG\" id=\"rotateG_07\"><\/div>\n\t\t\t\t<div class=\"blockG\" id=\"rotateG_08\"><\/div>\n\t\t\t<\/div>\n\t\t\t<div class=\"WooZone-cross-sell-loader-text\"><\/div>\n\t\t<\/div>\n\t<\/div>\n\n\t\t\n<\/div>\n<div style=\"clear:both;\"><\/div>\n","protected":false},"excerpt":{"rendered":"Ohne geschmacksverst\u00e4rkende Zusatzstoffe\nOhne k\u00fcnstliche Farbstoffe\nOhne Konservierungsstoffe lt. Gesetz","protected":false},"featured_media":6260,"comment_status":"open","ping_status":"closed","template":"","meta":[],"product_cat":[64,58],"product_tag":[],"_links":{"self":[{"href":"https:\/\/food-shop.org\/index.php?rest_route=\/wp\/v2\/product\/6259"}],"collection":[{"href":"https:\/\/food-shop.org\/index.php?rest_route=\/wp\/v2\/product"}],"about":[{"href":"https:\/\/food-shop.org\/index.php?rest_route=\/wp\/v2\/types\/product"}],"replies":[{"embeddable":true,"href":"https:\/\/food-shop.org\/index.php?rest_route=%2Fwp%2Fv2%2Fcomments&post=6259"}],"wp:featuredmedia":[{"embeddable":true,"href":"https:\/\/food-shop.org\/index.php?rest_route=\/wp\/v2\/media\/6260"}],"wp:attachment":[{"href":"https:\/\/food-shop.org\/index.php?rest_route=%2Fwp%2Fv2%2Fmedia&parent=6259"}],"wp:term":[{"taxonomy":"product_cat","embeddable":true,"href":"https:\/\/food-shop.org\/index.php?rest_route=%2Fwp%2Fv2%2Fproduct_cat&post=6259"},{"taxonomy":"product_tag","embeddable":true,"href":"https:\/\/food-shop.org\/index.php?rest_route=%2Fwp%2Fv2%2Fproduct_tag&post=6259"}],"curies":[{"name":"wp","href":"https:\/\/api.w.org\/{rel}","templated":true}]}}