{"id":6251,"date":"2020-08-31T11:42:06","date_gmt":"2020-08-31T11:42:06","guid":{"rendered":"https:\/\/food-shop.org\/?product=knorr-meisterkessel-gulaschsuppe-servierfertig-authentischer-geschmack-1er-pack-1-x-29kg"},"modified":"2023-04-08T16:58:20","modified_gmt":"2023-04-08T16:58:20","slug":"knorr-meisterkessel-gulaschsuppe-servierfertig-authentischer-geschmack-1er-pack-1-x-29kg","status":"publish","type":"product","link":"https:\/\/food-shop.org\/?product=knorr-meisterkessel-gulaschsuppe-servierfertig-authentischer-geschmack-1er-pack-1-x-29kg","title":{"rendered":"Knorr Meisterkessel Gulaschsuppe (servierfertig, authentischer Geschmack) 1er Pack (1 x 2,9 kg)"},"content":{"rendered":"<div class=\"disclaim\"> Stil:<strong>Meisterkessel Gulaschsuppe<\/strong> | Gr\u00f6\u00dfe:<strong>2,9 kg<\/strong> <\/div>\n<p> <!-- show up to 2 reviews by default --> <\/p>\n<h3>Produktbeschreibung<\/h3>\n<\/p>\n<p>Die Knorr Gulaschsuppe ist <b>praktisch und schnell zuzubereiten<\/b>, gelingsicher und hat einen authentischen Geschmack. Die fertige Gulasch Suppe hat einen <b>hohen Anteil an Rindfleisch und Kartoffelst\u00fccken.<\/b><\/p>\n<p>Im handumdrehen zu einer <b>Gulaschsuppe die wie hausgemacht schmeckt.<\/b> Zeitsparend durch die schnelle und einfache Zubereitung der Fertigsuppe.<\/p>\n<p><b>Einfach und schnell in der Anwendung:<\/b> Die Knorr Gulaschsuppe am Herd oder in der Mikrowelle erw\u00e4rmen, ab und zu umr\u00fchren und schon ist die Fertigsuppe servierbereit. Trotzdem kann man der Gulasch Suppe eine eigene Note verleihen indem man weiteres Fleisch, Gew\u00fcrze oder Gem\u00fcse hinzuf\u00fcgt.<\/p>\n<p><b>Besondere Kennzeichnungs- und Kostformen<\/b><\/p>\n<p>Keine laktosehaltigen Zutaten lt. Rezeptur, ohne Farbstoffe, ohne Konservierungsstoffe, alkoholfrei. Die Rezeptur enth\u00e4lt keine laktosehaltigen Zutaten gem\u00e4\u00df Verordnung EU Nr. 1169\/2011 (Anhang II). Technologisch unvermeidbare Spuren k\u00f6nnen nicht ausgeschlossen werden.<\/p>\n<\/p>\n<h3>Inhaltsstoffe \/ Zutaten<\/h3>\n<p>Trinkwasser, 18% Rindfleisch, Kartoffeln, Zwiebeln, Gew\u00fcrze, Weizenmehl, Sonnenblumen\u00f6l, modifizierte St\u00e4rke, jodiertes Speisesalz, Geschmacksverst\u00e4rker (Mononatriumglutamat), Tomatenmark, Knoblauch, Kr\u00e4uter, Paprikaextrakt, Aroma. Kann Spuren von Milch, Ei und Sellerie enthalten. <\/p>\n<div data-a-expander-name=\"toggle_description\" class=\"a-row a-expander-container a-expander-extend-container\">\n<div class=\"a-expander-content a-expander-extend-content\">\n<h3>Gebrauchsanweisung<\/h3>\n<p>Auf dem Herd: Doseninhalt kurz aufkochen, dabei ab und zu umr\u00fchren, servieren. Im Mikrowellenherd: Portionsweise zugedeckt auf mindestens 75\u00b0C erhitzen. <\/p>\n<h3>Warnhinweise<\/h3>\n<p>keine <\/p>\n<h3>Anschrift Hersteller\/Importeur<\/h3>\n<p>Unilever Austria GmbH, Stella-Klein-L\u00f6w-Weg 13, 1023 Wien <\/p>\n<\/p><\/div>\n<p> <a href=\"void(0)\" data-action=\"a-expander-toggle\" class=\"a-expander-header a-declarative a-expander-extend-header\" data-a-expander-toggle=\"{\"><i class=\"a-icon a-icon-extender-expand\"><\/i><span class=\"a-expander-prompt\">Weitere Informationen<\/span><\/a> <\/div>\n<p>Produkte f\u00fcr die professionelle K\u00fcche, Gro\u00dfverbraucher und Notvorrat Lebensmittel<br \/>\nServierFertige Gulaschsuppe mit viel Fleisch- und Kartoffeleinlage<br \/>\nPraktisch, gelingsicher und authentisch wie eine originale, selbstgemachte Gulasch Suppe<br \/>\nTraditionelle Gulaschsuppe mit Rindfleisch und Kartoffelst\u00fccken auf jedem L\u00f6ffel<br \/>\nDie Gulasch Suppe schmeckt immer, nicht nur in der kalten Jahreszeit<br \/>\nDie Fertigsuppe kann auch nach belieben verfeinert werden<br \/>\n<div class=\"main-cross-sell\" data-asin=\"B06XSDH2LS\">\n\n\t<div class=\"WooZone-cross-sell-loader\">\n\t\t<div>\n\t\t\t<div id=\"floatingBarsG\">\n\t\t\t\t<div class=\"blockG\" id=\"rotateG_01\"><\/div>\n\t\t\t\t<div class=\"blockG\" id=\"rotateG_02\"><\/div>\n\t\t\t\t<div class=\"blockG\" id=\"rotateG_03\"><\/div>\n\t\t\t\t<div class=\"blockG\" id=\"rotateG_04\"><\/div>\n\t\t\t\t<div class=\"blockG\" id=\"rotateG_05\"><\/div>\n\t\t\t\t<div class=\"blockG\" id=\"rotateG_06\"><\/div>\n\t\t\t\t<div class=\"blockG\" id=\"rotateG_07\"><\/div>\n\t\t\t\t<div class=\"blockG\" id=\"rotateG_08\"><\/div>\n\t\t\t<\/div>\n\t\t\t<div class=\"WooZone-cross-sell-loader-text\"><\/div>\n\t\t<\/div>\n\t<\/div>\n\n\t\t\n<\/div>\n<div style=\"clear:both;\"><\/div>\n","protected":false},"excerpt":{"rendered":"Produkte f\u00fcr die professionelle K\u00fcche, Gro\u00dfverbraucher und Notvorrat Lebensmittel\nServierFertige Gulaschsuppe mit viel Fleisch- und Kartoffeleinlage\nPraktisch, gelingsicher und authentisch wie eine originale, selbstgemachte Gulasch Suppe","protected":false},"featured_media":6252,"comment_status":"open","ping_status":"closed","template":"","meta":[],"product_cat":[64,58],"product_tag":[],"_links":{"self":[{"href":"https:\/\/food-shop.org\/index.php?rest_route=\/wp\/v2\/product\/6251"}],"collection":[{"href":"https:\/\/food-shop.org\/index.php?rest_route=\/wp\/v2\/product"}],"about":[{"href":"https:\/\/food-shop.org\/index.php?rest_route=\/wp\/v2\/types\/product"}],"replies":[{"embeddable":true,"href":"https:\/\/food-shop.org\/index.php?rest_route=%2Fwp%2Fv2%2Fcomments&post=6251"}],"wp:featuredmedia":[{"embeddable":true,"href":"https:\/\/food-shop.org\/index.php?rest_route=\/wp\/v2\/media\/6252"}],"wp:attachment":[{"href":"https:\/\/food-shop.org\/index.php?rest_route=%2Fwp%2Fv2%2Fmedia&parent=6251"}],"wp:term":[{"taxonomy":"product_cat","embeddable":true,"href":"https:\/\/food-shop.org\/index.php?rest_route=%2Fwp%2Fv2%2Fproduct_cat&post=6251"},{"taxonomy":"product_tag","embeddable":true,"href":"https:\/\/food-shop.org\/index.php?rest_route=%2Fwp%2Fv2%2Fproduct_tag&post=6251"}],"curies":[{"name":"wp","href":"https:\/\/api.w.org\/{rel}","templated":true}]}}