{"id":6225,"date":"2020-08-31T11:41:52","date_gmt":"2020-08-31T11:41:52","guid":{"rendered":"https:\/\/food-shop.org\/?product=erasco-erbsen-eintopf-mit-wuerstchen-800-g"},"modified":"2023-04-08T16:58:20","modified_gmt":"2023-04-08T16:58:20","slug":"erasco-erbsen-eintopf-mit-wuerstchen-800-g","status":"publish","type":"product","link":"https:\/\/food-shop.org\/?product=erasco-erbsen-eintopf-mit-wuerstchen-800-g","title":{"rendered":"Erasco Erbsen-Eintopf mit W\u00fcrstchen, 800\u00a0g"},"content":{"rendered":"<p><!-- show up to 2 reviews by default --> <\/p>\n<h3>Produktbeschreibung<\/h3>\n<p>Erasco Eint\u00f6pfe und Suppen &#8211; erlesene Zutaten sorgen f\u00fcr den leckersten Geschmack, denn &#8222;Das Gute daran, ist das Gute darin.&#8220; <\/p>\n<h3>Inhaltsstoffe \/ Zutaten<\/h3>\n<p>Zutaten: 41% Erbsen, Wasser, 5,8% Bockwurstscheiben (Schweinefleisch, Wasser, Salz, Stabilisator: Diphosphate und Trinatriumcitrat, Gew\u00fcrze, Dextrose, St\u00e4rke, Geliermittel: Carrageen, Gew\u00fcrzextrakte, Antioxidationsmittel: Ascorbins\u00e4ure, Rauch), Kartoffeln, M\u00f6hren, Speck (Schweinebacke, Salz, Rauch), Salz, Hefeextrakt, Zucker, Zwiebelpulver, Knoblauchpulver, Petersilie, Aroma, Spinatpulver, Dextrose, Raucharoma, Verdickungsmittel: Guarkernmehl. Kann Spuren von Weizen (Gluten), Sellerie, Soja, Senf, Milch und Ei enthalten. <\/p>\n<div data-a-expander-name=\"toggle_description\" class=\"a-row a-expander-container a-expander-extend-container\">\n<div class=\"a-expander-content a-expander-extend-content\">\n<h3>Gebrauchsanweisung<\/h3>\n<\/p>\n<ul>\n<li>Inhalt in eine geeignete Schale geben und erw\u00e4rmen. 600 W ca. 6 Min.<\/li>\n<li>Inhalt langsam im Topf erw\u00e4rmen, gelegentlich umr\u00fchren.<\/li>\n<\/ul>\n<h3>Anschrift Hersteller\/Importeur<\/h3>\n<p>Postfach 12 11 62, D-23532 L\u00fcbeck <\/p>\n<\/p><\/div>\n<p> <a href=\"void(0)\" data-action=\"a-expander-toggle\" class=\"a-expander-header a-declarative a-expander-extend-header\" data-a-expander-toggle=\"{\"><i class=\"a-icon a-icon-extender-expand\"><\/i><span class=\"a-expander-prompt\">Weitere Informationen<\/span><\/a> <\/div>\n<p>mit frischen Kartoffel &#8211; und M\u00f6hrenst\u00fccken und mit Speck verfeinert<br \/>\nohne geschmacksverst\u00e4rkende Zusatzstoffe, ohne k\u00fcnstliche Farbstoffe<br \/>\nschnell und praktisch zubereitet<br \/>\nauch f\u00fcr Camping und Festivals geeignet<br \/>\n<div class=\"main-cross-sell\" data-asin=\"B0140F2ANA\">\n\n\t<div class=\"WooZone-cross-sell-loader\">\n\t\t<div>\n\t\t\t<div id=\"floatingBarsG\">\n\t\t\t\t<div class=\"blockG\" id=\"rotateG_01\"><\/div>\n\t\t\t\t<div class=\"blockG\" id=\"rotateG_02\"><\/div>\n\t\t\t\t<div class=\"blockG\" id=\"rotateG_03\"><\/div>\n\t\t\t\t<div class=\"blockG\" id=\"rotateG_04\"><\/div>\n\t\t\t\t<div class=\"blockG\" id=\"rotateG_05\"><\/div>\n\t\t\t\t<div class=\"blockG\" id=\"rotateG_06\"><\/div>\n\t\t\t\t<div class=\"blockG\" id=\"rotateG_07\"><\/div>\n\t\t\t\t<div class=\"blockG\" id=\"rotateG_08\"><\/div>\n\t\t\t<\/div>\n\t\t\t<div class=\"WooZone-cross-sell-loader-text\"><\/div>\n\t\t<\/div>\n\t<\/div>\n\n\t\t\n<\/div>\n<div style=\"clear:both;\"><\/div>\n","protected":false},"excerpt":{"rendered":"mit frischen Kartoffel - und M\u00f6hrenst\u00fccken und mit Speck verfeinert\nohne geschmacksverst\u00e4rkende Zusatzstoffe, ohne k\u00fcnstliche Farbstoffe\nschnell und praktisch zubereitet","protected":false},"featured_media":6226,"comment_status":"open","ping_status":"closed","template":"","meta":[],"product_cat":[64,58],"product_tag":[],"_links":{"self":[{"href":"https:\/\/food-shop.org\/index.php?rest_route=\/wp\/v2\/product\/6225"}],"collection":[{"href":"https:\/\/food-shop.org\/index.php?rest_route=\/wp\/v2\/product"}],"about":[{"href":"https:\/\/food-shop.org\/index.php?rest_route=\/wp\/v2\/types\/product"}],"replies":[{"embeddable":true,"href":"https:\/\/food-shop.org\/index.php?rest_route=%2Fwp%2Fv2%2Fcomments&post=6225"}],"wp:featuredmedia":[{"embeddable":true,"href":"https:\/\/food-shop.org\/index.php?rest_route=\/wp\/v2\/media\/6226"}],"wp:attachment":[{"href":"https:\/\/food-shop.org\/index.php?rest_route=%2Fwp%2Fv2%2Fmedia&parent=6225"}],"wp:term":[{"taxonomy":"product_cat","embeddable":true,"href":"https:\/\/food-shop.org\/index.php?rest_route=%2Fwp%2Fv2%2Fproduct_cat&post=6225"},{"taxonomy":"product_tag","embeddable":true,"href":"https:\/\/food-shop.org\/index.php?rest_route=%2Fwp%2Fv2%2Fproduct_tag&post=6225"}],"curies":[{"name":"wp","href":"https:\/\/api.w.org\/{rel}","templated":true}]}}