{"id":6217,"date":"2020-08-31T11:41:48","date_gmt":"2020-08-31T11:41:48","guid":{"rendered":"https:\/\/food-shop.org\/?product=reichenhof-bio-mitternachtssuppe-vegan-6er-pack-6-x-400-g"},"modified":"2023-04-08T16:58:19","modified_gmt":"2023-04-08T16:58:19","slug":"reichenhof-bio-mitternachtssuppe-vegan-6er-pack-6-x-400-g","status":"publish","type":"product","link":"https:\/\/food-shop.org\/?product=reichenhof-bio-mitternachtssuppe-vegan-6er-pack-6-x-400-g","title":{"rendered":"Reichenhof Bio Mitternachtssuppe vegan, 6er Pack (6 x 380 ml)"},"content":{"rendered":"<p><!-- show up to 2 reviews by default --> <\/p>\n<h3>Produktbeschreibung<\/h3>\n<p>Die Mitternachtssuppe schmeckt zu jeder Tageszeit fantastisch. Mit Paprika, Kartoffeln und Mais ist es eine leichte Suppe mit milder Sch\u00e4rfe. Die Bio-Mitternachtssuppe wird ohne Aromen und Hefeextrakt hergestellt und ist f\u00fcr Veganer und Vegetarier geeignet. \u00dcBER REICHENHOF Wie selbst gekocht, nur schon fertig: Unsere Fertiggerichte, Einto\u0308pfe und Suppen von REICHENHOF beinhalten hochwertige Zutaten, die in selbstkreierten Rezepturen zusammengefu\u0308gt und auf schonende Weise verarbeitet werden. Dabei verzichten wir auf ku\u0308nstliche Zusa\u0308tze und Hefeextrakte. F\u00fcr alle Ern\u00e4hrungsbewussten, die den Geschmack von selbstgemachten Klassikern lieben, aber einfach keine Zeit zum Kochen finden, bietet REICHENHOF eine gesunde Alternative mit vielen veganen und vegetarischen Varianten. <\/p>\n<h3>Inhaltsstoffe \/ Zutaten<\/h3>\n<p>Wasser, Gem\u00fcse* 33% (Paprika rot* 13%, Paprika gr\u00fcn*, Mais*, Karotten*), Tomatenmark* 15%, Kartoffeln*, Rohrohrzucker*, Maisst\u00e4rke*, Sonnenblumen\u00f6l*, Gem\u00fcsebr\u00fche* (Meersalz, Zwiebeln*, Karotten*, Lauch*, Pastinaken*, Petersilie*, Curcuma*, Knoblauch*, Muskatnuss*, Liebstockblatt*, Pfeffer*), Branntweinessig*, Gew\u00fcrze* (enth\u00e4lt SENFMEHL*), Meersalz, Petersilie**Zutaten aus kontrolliert biologischem Anbau <\/p>\n<div data-a-expander-name=\"toggle_description\" class=\"a-row a-expander-container a-expander-extend-container\">\n<div class=\"a-expander-content a-expander-extend-content\">\n<h3>Gebrauchsanweisung<\/h3>\n<p>Inhalt kurz erw\u00e4rmen, nicht zum kochen bringen. <\/p>\n<h3>Warnhinweise<\/h3>\n<p>Keine Warnhinwesise. <\/p>\n<h3>Anschrift Hersteller\/Importeur<\/h3>\n<p>NABA Feinkost GmbH, Fahner H\u00f6he 99100 Gierst\u00e4dt <\/p>\n<\/p><\/div>\n<p> <a href=\"void(0)\" data-action=\"a-expander-toggle\" class=\"a-expander-header a-declarative a-expander-extend-header\" data-a-expander-toggle=\"{\"><i class=\"a-icon a-icon-extender-expand\"><\/i><span class=\"a-expander-prompt\">Weitere Informationen<\/span><\/a> <\/div>\n<p>Leichte Gem\u00fcsesuppe mit Paprika, Mais und Karotten, ohne Fleisch<br \/>\nSchonende Verarbeitung f\u00fcr den besten Geschmack und die Erhaltung von Bissfestigkeit und wertvollen Inhaltsstoffen<br \/>\nVegan, hefefrei, aus kontrolliert biologischem Anbau<br \/>\nWir verzichten auf jeglichen Zusatz von Aromen, Konservierungsstoffen, Farbstoffen und anderen k\u00fcnstlichen Zus\u00e4tzen<br \/>\nUnsere Dosen sind Wei\u00dfblechverpackungen, welche die h\u00f6chsten Recyclingraten von allen Verpackungen haben und somit sehr rohstoff- und energieffizient sind<br \/>\n<div class=\"main-cross-sell\" data-asin=\"B07J5F392P\">\n\n\t<div class=\"WooZone-cross-sell-loader\">\n\t\t<div>\n\t\t\t<div id=\"floatingBarsG\">\n\t\t\t\t<div class=\"blockG\" id=\"rotateG_01\"><\/div>\n\t\t\t\t<div class=\"blockG\" id=\"rotateG_02\"><\/div>\n\t\t\t\t<div class=\"blockG\" id=\"rotateG_03\"><\/div>\n\t\t\t\t<div class=\"blockG\" id=\"rotateG_04\"><\/div>\n\t\t\t\t<div class=\"blockG\" id=\"rotateG_05\"><\/div>\n\t\t\t\t<div class=\"blockG\" id=\"rotateG_06\"><\/div>\n\t\t\t\t<div class=\"blockG\" id=\"rotateG_07\"><\/div>\n\t\t\t\t<div class=\"blockG\" id=\"rotateG_08\"><\/div>\n\t\t\t<\/div>\n\t\t\t<div class=\"WooZone-cross-sell-loader-text\"><\/div>\n\t\t<\/div>\n\t<\/div>\n\n\t\t\n<\/div>\n<div style=\"clear:both;\"><\/div>\n","protected":false},"excerpt":{"rendered":"Leichte Gem\u00fcsesuppe mit Paprika, Mais und Karotten, ohne Fleisch\nSchonende Verarbeitung f\u00fcr den besten Geschmack und die Erhaltung von Bissfestigkeit und wertvollen Inhaltsstoffen\nVegan, hefefrei, aus kontrolliert biologischem Anbau","protected":false},"featured_media":6218,"comment_status":"open","ping_status":"closed","template":"","meta":[],"product_cat":[64,58],"product_tag":[],"_links":{"self":[{"href":"https:\/\/food-shop.org\/index.php?rest_route=\/wp\/v2\/product\/6217"}],"collection":[{"href":"https:\/\/food-shop.org\/index.php?rest_route=\/wp\/v2\/product"}],"about":[{"href":"https:\/\/food-shop.org\/index.php?rest_route=\/wp\/v2\/types\/product"}],"replies":[{"embeddable":true,"href":"https:\/\/food-shop.org\/index.php?rest_route=%2Fwp%2Fv2%2Fcomments&post=6217"}],"wp:featuredmedia":[{"embeddable":true,"href":"https:\/\/food-shop.org\/index.php?rest_route=\/wp\/v2\/media\/6218"}],"wp:attachment":[{"href":"https:\/\/food-shop.org\/index.php?rest_route=%2Fwp%2Fv2%2Fmedia&parent=6217"}],"wp:term":[{"taxonomy":"product_cat","embeddable":true,"href":"https:\/\/food-shop.org\/index.php?rest_route=%2Fwp%2Fv2%2Fproduct_cat&post=6217"},{"taxonomy":"product_tag","embeddable":true,"href":"https:\/\/food-shop.org\/index.php?rest_route=%2Fwp%2Fv2%2Fproduct_tag&post=6217"}],"curies":[{"name":"wp","href":"https:\/\/api.w.org\/{rel}","templated":true}]}}