{"id":6213,"date":"2020-08-31T11:41:45","date_gmt":"2020-08-31T11:41:45","guid":{"rendered":"https:\/\/food-shop.org\/?product=erasco-serbischer-bohnen-eintopf-3er-pack-3-x-400-g"},"modified":"2023-04-09T17:19:22","modified_gmt":"2023-04-09T17:19:22","slug":"erasco-serbischer-bohnen-eintopf-3er-pack-3-x-400-g","status":"publish","type":"product","link":"https:\/\/food-shop.org\/?product=erasco-serbischer-bohnen-eintopf-3er-pack-3-x-400-g","title":{"rendered":"Erasco Serbischer Bohnen-Eintopf, 3er Pack (3 x 400 g)"},"content":{"rendered":"<p><!-- show up to 2 reviews by default --> <\/p>\n<h3>Produktbeschreibungen<\/h3>\n<p>Inhaltsstoffe \/ Zutaten: 43% Gem\u00fcse (passierte Tomaten, M\u00f6hren, gr\u00fcne Bohnen, Zwiebeln, roter Paprika), Wasser, 22% wei\u00dfe Bohnen, Speck (Schweinebacke, Salz, Rauch), WEIZENMEHL, Zucker, Jodsalz, modifizierte St\u00e4rke, Aroma (enth\u00e4lt SELLERIE), Verdickungsmittel: Guarkernmehl, MILCHZUCKER, S\u00e4uerungsmittel: Citronens\u00e4ure.; 1.1. Gebrauchsanweisung: Herd: Inhalt langsam im Topf erw\u00e4rmen, gelegentlich umr\u00fchren. Mikrowelle: Inhalt in eine geeignete Schale geben und erw\u00e4rmen. 600 W ca. 4 Min.; <\/p>\n<h3>Inhaltsstoffe \/ Zutaten<\/h3>\n<p>Zutaten: 43% Gem\u00fcse (passierte Tomaten, M\u00f6hren, gr\u00fcne Bohnen, Zwiebeln, roter Paprika), Wasser, 20% wei\u00dfe Bohnen, Speck (Schweinebacke, Salz, Rauch), WEIZENMEHL (GLUTEN), Zucker, Salz, modifizierte St\u00e4rke, Aroma (enth\u00e4lt SELLERIE), Dextrose, Kochsalzersatz (Kaliumchlorid) Gew\u00fcrze, S\u00e4uerungsmittel: Citronens\u00e4ure, Verdickungsmittel: Guarkernmehl. Kann Spuren von Milch, Soja, Senf und Ei enthalten. <\/p>\n<div data-a-expander-name=\"toggle_description\" class=\"a-row a-expander-container a-expander-extend-container\">\n<div class=\"a-expander-content a-expander-extend-content\">\n<h3>Gebrauchsanweisung<\/h3>\n<p>Herd: Inhalt langsam im Topf erw\u00e4rmen, gelegentlich umr\u00fchren. Mikrowelle: Inhalt in eine geeignete Schale geben und erw\u00e4rmen. 600 W ca. 4 Min. <\/p>\n<h3>Warnhinweise<\/h3>\n<p>Kann Spuren von Milch, Soja, Senf und Ei enthalten. <\/p>\n<h3>Anschrift Hersteller\/Importeur<\/h3>\n<p>Postfach 12 11 62, D-23532 L\u00fcbeck <\/p>\n<\/p><\/div>\n<p> <a href=\"void(0)\" data-action=\"a-expander-toggle\" class=\"a-expander-header a-declarative a-expander-extend-header\" data-a-expander-toggle=\"{\"><i class=\"a-icon a-icon-extender-expand\"><\/i><span class=\"a-expander-prompt\">Weitere Informationen<\/span><\/a> <\/div>\n<p>mit viel Gem\u00fcse<br \/>\n<div class=\"main-cross-sell\" data-asin=\"B005X3XMEK\">\n\n\t<div class=\"WooZone-cross-sell-loader\">\n\t\t<div>\n\t\t\t<div id=\"floatingBarsG\">\n\t\t\t\t<div class=\"blockG\" id=\"rotateG_01\"><\/div>\n\t\t\t\t<div class=\"blockG\" id=\"rotateG_02\"><\/div>\n\t\t\t\t<div class=\"blockG\" id=\"rotateG_03\"><\/div>\n\t\t\t\t<div class=\"blockG\" id=\"rotateG_04\"><\/div>\n\t\t\t\t<div class=\"blockG\" id=\"rotateG_05\"><\/div>\n\t\t\t\t<div class=\"blockG\" id=\"rotateG_06\"><\/div>\n\t\t\t\t<div class=\"blockG\" id=\"rotateG_07\"><\/div>\n\t\t\t\t<div class=\"blockG\" id=\"rotateG_08\"><\/div>\n\t\t\t<\/div>\n\t\t\t<div class=\"WooZone-cross-sell-loader-text\"><\/div>\n\t\t<\/div>\n\t<\/div>\n\n\t\t\n<\/div>\n<div style=\"clear:both;\"><\/div>\n","protected":false},"excerpt":{"rendered":"mit viel Gem\u00fcse","protected":false},"featured_media":6214,"comment_status":"open","ping_status":"closed","template":"","meta":[],"product_cat":[64,58],"product_tag":[],"_links":{"self":[{"href":"https:\/\/food-shop.org\/index.php?rest_route=\/wp\/v2\/product\/6213"}],"collection":[{"href":"https:\/\/food-shop.org\/index.php?rest_route=\/wp\/v2\/product"}],"about":[{"href":"https:\/\/food-shop.org\/index.php?rest_route=\/wp\/v2\/types\/product"}],"replies":[{"embeddable":true,"href":"https:\/\/food-shop.org\/index.php?rest_route=%2Fwp%2Fv2%2Fcomments&post=6213"}],"wp:featuredmedia":[{"embeddable":true,"href":"https:\/\/food-shop.org\/index.php?rest_route=\/wp\/v2\/media\/6214"}],"wp:attachment":[{"href":"https:\/\/food-shop.org\/index.php?rest_route=%2Fwp%2Fv2%2Fmedia&parent=6213"}],"wp:term":[{"taxonomy":"product_cat","embeddable":true,"href":"https:\/\/food-shop.org\/index.php?rest_route=%2Fwp%2Fv2%2Fproduct_cat&post=6213"},{"taxonomy":"product_tag","embeddable":true,"href":"https:\/\/food-shop.org\/index.php?rest_route=%2Fwp%2Fv2%2Fproduct_tag&post=6213"}],"curies":[{"name":"wp","href":"https:\/\/api.w.org\/{rel}","templated":true}]}}