{"id":6209,"date":"2020-08-31T11:41:44","date_gmt":"2020-08-31T11:41:44","guid":{"rendered":"https:\/\/food-shop.org\/?product=erasco-pichelsteiner-topf-1-x-800-g-dose"},"modified":"2023-04-09T17:19:21","modified_gmt":"2023-04-09T17:19:21","slug":"erasco-pichelsteiner-topf-1-x-800-g-dose","status":"publish","type":"product","link":"https:\/\/food-shop.org\/?product=erasco-pichelsteiner-topf-1-x-800-g-dose","title":{"rendered":"Erasco Pichelsteiner Topf (1 x 800 g Dose)"},"content":{"rendered":"<div class=\"disclaim\"> Anzahl:<strong>1<\/strong> <\/div>\n<p> <!-- show up to 2 reviews by default --> <\/p>\n<h3>Inhaltsstoffe \/ Zutaten<\/h3>\n<p>Zutaten: 52% Gem\u00fcse (18% Wei\u00dfkohl, Kartoffeln, M\u00f6hren, Porree, gr\u00fcne Bohnen, Erbsen), Wasser, 1,7% gegartes Rindfleisch (Rindfleisch, St\u00e4rke, Salz), 1,7% Kasseler (Schweinefleisch, Wasser, Salz, getrockneter Glucosesirup, Stabilisator: Diphosphate, Aroma, Dextrose, Antioxidationsmittel: Natriumascorbat, Raps\u00f6l, Rauch), Salz, Zucker, Aromen (enth\u00e4lt SELLERIE); Dextrose, Gew\u00fcrze, Antioxidationsmittel Ascorbins\u00e4ure, S\u00e4uerungsmittel Citronens\u00e4ure, Verdickungsmittel Guarkernmehl. Kann Spuren von Weizen, Milch. Soja, Senf und Ei enthalten. <\/p>\n<h3>Gebrauchsanweisung<\/h3>\n<\/p>\n<ul>\n<li>Inhalt in eine geeignete Schale geben und erw\u00e4rmen. 600 W ca. 6 Min.<\/li>\n<li>Inhalt langsam im Topf erw\u00e4rmen, gelegentlich umr\u00fchren.<\/li>\n<\/ul>\n<div data-a-expander-name=\"toggle_description\" class=\"a-row a-expander-container a-expander-extend-container\">\n<div class=\"a-expander-content a-expander-extend-content\">\n<h3>Warnhinweise<\/h3>\n<p>enth\u00e4lt Weizen, Soja und Sellerie <\/p>\n<\/p><\/div>\n<p> <a href=\"void(0)\" data-action=\"a-expander-toggle\" class=\"a-expander-header a-declarative a-expander-extend-header\" data-a-expander-toggle=\"{\"><i class=\"a-icon a-icon-extender-expand\"><\/i><span class=\"a-expander-prompt\">Weitere Informationen<\/span><\/a> <\/div>\n<p>nat\u00fcrlich lecker<br \/>\nohne geschmacksverst\u00e4rkende Zusatzstoffe<br \/>\nohne k\u00fcnstliche Farbstoffe<br \/>\nohne Konservierungsstoffe lt. Gesetz<br \/>\nmit nat\u00fcrlichem Meersalz<br \/>\n<div class=\"main-cross-sell\" data-asin=\"B0012V2TLO\">\n\n\t<div class=\"WooZone-cross-sell-loader\">\n\t\t<div>\n\t\t\t<div id=\"floatingBarsG\">\n\t\t\t\t<div class=\"blockG\" id=\"rotateG_01\"><\/div>\n\t\t\t\t<div class=\"blockG\" id=\"rotateG_02\"><\/div>\n\t\t\t\t<div class=\"blockG\" id=\"rotateG_03\"><\/div>\n\t\t\t\t<div class=\"blockG\" id=\"rotateG_04\"><\/div>\n\t\t\t\t<div class=\"blockG\" id=\"rotateG_05\"><\/div>\n\t\t\t\t<div class=\"blockG\" id=\"rotateG_06\"><\/div>\n\t\t\t\t<div class=\"blockG\" id=\"rotateG_07\"><\/div>\n\t\t\t\t<div class=\"blockG\" id=\"rotateG_08\"><\/div>\n\t\t\t<\/div>\n\t\t\t<div class=\"WooZone-cross-sell-loader-text\"><\/div>\n\t\t<\/div>\n\t<\/div>\n\n\t\t\n<\/div>\n<div style=\"clear:both;\"><\/div>\n","protected":false},"excerpt":{"rendered":"nat\u00fcrlich lecker\nohne geschmacksverst\u00e4rkende Zusatzstoffe\nohne k\u00fcnstliche Farbstoffe","protected":false},"featured_media":6210,"comment_status":"open","ping_status":"closed","template":"","meta":[],"product_cat":[64,58],"product_tag":[],"_links":{"self":[{"href":"https:\/\/food-shop.org\/index.php?rest_route=\/wp\/v2\/product\/6209"}],"collection":[{"href":"https:\/\/food-shop.org\/index.php?rest_route=\/wp\/v2\/product"}],"about":[{"href":"https:\/\/food-shop.org\/index.php?rest_route=\/wp\/v2\/types\/product"}],"replies":[{"embeddable":true,"href":"https:\/\/food-shop.org\/index.php?rest_route=%2Fwp%2Fv2%2Fcomments&post=6209"}],"wp:featuredmedia":[{"embeddable":true,"href":"https:\/\/food-shop.org\/index.php?rest_route=\/wp\/v2\/media\/6210"}],"wp:attachment":[{"href":"https:\/\/food-shop.org\/index.php?rest_route=%2Fwp%2Fv2%2Fmedia&parent=6209"}],"wp:term":[{"taxonomy":"product_cat","embeddable":true,"href":"https:\/\/food-shop.org\/index.php?rest_route=%2Fwp%2Fv2%2Fproduct_cat&post=6209"},{"taxonomy":"product_tag","embeddable":true,"href":"https:\/\/food-shop.org\/index.php?rest_route=%2Fwp%2Fv2%2Fproduct_tag&post=6209"}],"curies":[{"name":"wp","href":"https:\/\/api.w.org\/{rel}","templated":true}]}}