{"id":6197,"date":"2020-08-31T11:41:37","date_gmt":"2020-08-31T11:41:37","guid":{"rendered":"https:\/\/food-shop.org\/?product=erasco-kuerbis-cremesuppe-1er-pack-1-x-390-g"},"modified":"2023-04-09T17:19:21","modified_gmt":"2023-04-09T17:19:21","slug":"erasco-kuerbis-cremesuppe-1er-pack-1-x-390-g","status":"publish","type":"product","link":"https:\/\/food-shop.org\/?product=erasco-kuerbis-cremesuppe-1er-pack-1-x-390-g","title":{"rendered":"Erasco K\u00fcrbis Cremesuppe, 1er Pack (1 x 390 ml)"},"content":{"rendered":"<p><!-- show up to 2 reviews by default --> <\/p>\n<h3>Produktbeschreibung<\/h3>\n<p>K\u00fcrbis Cremesuppe <\/p>\n<h3>Inhaltsstoffe \/ Zutaten<\/h3>\n<p>Zutaten: Wasser, 22% K\u00fcrbis, 3,6% SAHNE, 3,3% Apfelp\u00fcree (\u00c4pfel, Zucker), M\u00f6hren, modifizierte St\u00e4rke, Raps\u00f6l, Zwiebeln, Zucker, Salz, Aroma (enth\u00e4lt MILCH), Dextrose, f\u00e4rbender M\u00f6hrenextrakt, Verdickungsmittel: Guarkernmehl, Johannisbrotkernmehl und Xanthan. Kann Spuren von Weizen, Sellerie, Soja, Senf und Ei enthalten. <\/p>\n<div data-a-expander-name=\"toggle_description\" class=\"a-row a-expander-container a-expander-extend-container\">\n<div class=\"a-expander-content a-expander-extend-content\">\n<h3>Gebrauchsanweisung<\/h3>\n<\/p>\n<ul>\n<li>Inhalt in eine geeignete Schale geben und abgedeckt erw\u00e4rmen. 600 W ca. 4 Min.<\/li>\n<li>Inhalt langsam im Topf erw\u00e4rmen, gelegentlich umr\u00fchren.<\/li>\n<\/ul>\n<h3>Anschrift Hersteller\/Importeur<\/h3>\n<p>Postfach 12 11 62, D-23532 L\u00fcbeck <\/p>\n<\/p><\/div>\n<p> <a href=\"void(0)\" data-action=\"a-expander-toggle\" class=\"a-expander-header a-declarative a-expander-extend-header\" data-a-expander-toggle=\"{\"><i class=\"a-icon a-icon-extender-expand\"><\/i><span class=\"a-expander-prompt\">Weitere Informationen<\/span><\/a> <\/div>\n<p>ohne geschmacksverst\u00e4rkende Zusatzstoffe<br \/>\nohne k\u00fcnstliche Farbstoffe<br \/>\n<div class=\"main-cross-sell\" data-asin=\"B01B4EHLLQ\">\n\n\t<div class=\"WooZone-cross-sell-loader\">\n\t\t<div>\n\t\t\t<div id=\"floatingBarsG\">\n\t\t\t\t<div class=\"blockG\" id=\"rotateG_01\"><\/div>\n\t\t\t\t<div class=\"blockG\" id=\"rotateG_02\"><\/div>\n\t\t\t\t<div class=\"blockG\" id=\"rotateG_03\"><\/div>\n\t\t\t\t<div class=\"blockG\" id=\"rotateG_04\"><\/div>\n\t\t\t\t<div class=\"blockG\" id=\"rotateG_05\"><\/div>\n\t\t\t\t<div class=\"blockG\" id=\"rotateG_06\"><\/div>\n\t\t\t\t<div class=\"blockG\" id=\"rotateG_07\"><\/div>\n\t\t\t\t<div class=\"blockG\" id=\"rotateG_08\"><\/div>\n\t\t\t<\/div>\n\t\t\t<div class=\"WooZone-cross-sell-loader-text\"><\/div>\n\t\t<\/div>\n\t<\/div>\n\n\t\t\n<\/div>\n<div style=\"clear:both;\"><\/div>\n","protected":false},"excerpt":{"rendered":"ohne geschmacksverst\u00e4rkende Zusatzstoffe\nohne k\u00fcnstliche Farbstoffe","protected":false},"featured_media":6198,"comment_status":"open","ping_status":"closed","template":"","meta":[],"product_cat":[64,58],"product_tag":[],"_links":{"self":[{"href":"https:\/\/food-shop.org\/index.php?rest_route=\/wp\/v2\/product\/6197"}],"collection":[{"href":"https:\/\/food-shop.org\/index.php?rest_route=\/wp\/v2\/product"}],"about":[{"href":"https:\/\/food-shop.org\/index.php?rest_route=\/wp\/v2\/types\/product"}],"replies":[{"embeddable":true,"href":"https:\/\/food-shop.org\/index.php?rest_route=%2Fwp%2Fv2%2Fcomments&post=6197"}],"wp:featuredmedia":[{"embeddable":true,"href":"https:\/\/food-shop.org\/index.php?rest_route=\/wp\/v2\/media\/6198"}],"wp:attachment":[{"href":"https:\/\/food-shop.org\/index.php?rest_route=%2Fwp%2Fv2%2Fmedia&parent=6197"}],"wp:term":[{"taxonomy":"product_cat","embeddable":true,"href":"https:\/\/food-shop.org\/index.php?rest_route=%2Fwp%2Fv2%2Fproduct_cat&post=6197"},{"taxonomy":"product_tag","embeddable":true,"href":"https:\/\/food-shop.org\/index.php?rest_route=%2Fwp%2Fv2%2Fproduct_tag&post=6197"}],"curies":[{"name":"wp","href":"https:\/\/api.w.org\/{rel}","templated":true}]}}