{"id":6193,"date":"2020-08-31T11:41:36","date_gmt":"2020-08-31T11:41:36","guid":{"rendered":"https:\/\/food-shop.org\/?product=lacroix-steinpilz-creme-suppe-3er-pack-3-x-400-ml"},"modified":"2023-04-09T17:19:21","modified_gmt":"2023-04-09T17:19:21","slug":"lacroix-steinpilz-creme-suppe-3er-pack-3-x-400-ml","status":"publish","type":"product","link":"https:\/\/food-shop.org\/?product=lacroix-steinpilz-creme-suppe-3er-pack-3-x-400-ml","title":{"rendered":"Lacroix Steinpilz-Creme-Suppe, 3er Pack (3 x 400 ml)"},"content":{"rendered":"<p><!-- show up to 2 reviews by default --> <\/p>\n<h3>Produktbeschreibungen<\/h3>\n<p>Inhaltsstoffe \/ Zutaten: Zutaten: Wasser, Steinpilze 4 %, SAHNE 3 %, pflanzliche \u00d6le (Palm\u00f6l, Raps\u00f6l), modifizierte St\u00e4rke, Zwiebeln, Jodsalz, AROMA (enth\u00e4lt WEIZEN, SOJA, MILCH und SELLERIE), Verdickungsmittel: Guarkernmehl und Xanthan; WEIZENMEHL, MILCHZUCKER, MILCHEIWEI\u00df, Zucker, f\u00e4rbender M\u00f6hrenextrakt, GERSTENMALZEXTRAKT, Gew\u00fcrze, Emulgator E 472e.; 1.1. Gebrauchsanweisung: Unverd\u00fcnnt erhitzen.; <\/p>\n<h3>Inhaltsstoffe \/ Zutaten<\/h3>\n<p>Zutaten: Wasser, Steinpilze 4 %, SAHNE 3 %, pflanzliche \u00d6le (Palm\u00f6l, Raps\u00f6l), modifizierte St\u00e4rke, Zwiebeln, Jodsalz, AROMA (enth\u00e4lt WEIZEN, SOJA, MILCH und SELLERIE), Verdickungsmittel: Guarkernmehl und Xanthan; WEIZENMEHL, MILCHZUCKER, MILCHEIWEI\u00df, Zucker, f\u00e4rbender M\u00f6hrenextrakt, GERSTENMALZEXTRAKT, Gew\u00fcrze, Emulgator E 472e. <\/p>\n<div data-a-expander-name=\"toggle_description\" class=\"a-row a-expander-container a-expander-extend-container\">\n<div class=\"a-expander-content a-expander-extend-content\">\n<h3>Gebrauchsanweisung<\/h3>\n<p>Unverd\u00fcnnt erhitzen. <\/p>\n<h3>Anschrift Hersteller\/Importeur<\/h3>\n<p>Postfach 108120, D-23530 L\u00fcbeck <\/p>\n<\/p><\/div>\n<p> <a href=\"void(0)\" data-action=\"a-expander-toggle\" class=\"a-expander-header a-declarative a-expander-extend-header\" data-a-expander-toggle=\"{\"><i class=\"a-icon a-icon-extender-expand\"><\/i><span class=\"a-expander-prompt\">Weitere Informationen<\/span><\/a> <\/div>\n<p>Ob es etwas K\u00f6stliches zwischendurch oder eine feine Vorspeise sein soll \u2013 Lacroix-Suppen zaubern stets geschmackvolle Raffinesse auf den Tisch. Die Suppen sind kreiert aus erlesenen Zutaten und abgeschmeckt von Lacroix-Meisterk\u00f6chen. Bon app\u00e9tit!<br \/>\nUnsere Lacroix Qualit\u00e4tsphilosophie: Die klassischen Suppen von Lacroix werden ohne geschmacksverst\u00e4rkende Zusatzstoffe entwickelt und produziert \u2013 damit unsere Suppen so schmecken, wie Sie es erwarten, eben wie selbstgemacht. Bon app\u00e9tit!<br \/>\n<div class=\"main-cross-sell\" data-asin=\"B00EAEP07A\">\n\n\t<div class=\"WooZone-cross-sell-loader\">\n\t\t<div>\n\t\t\t<div id=\"floatingBarsG\">\n\t\t\t\t<div class=\"blockG\" id=\"rotateG_01\"><\/div>\n\t\t\t\t<div class=\"blockG\" id=\"rotateG_02\"><\/div>\n\t\t\t\t<div class=\"blockG\" id=\"rotateG_03\"><\/div>\n\t\t\t\t<div class=\"blockG\" id=\"rotateG_04\"><\/div>\n\t\t\t\t<div class=\"blockG\" id=\"rotateG_05\"><\/div>\n\t\t\t\t<div class=\"blockG\" id=\"rotateG_06\"><\/div>\n\t\t\t\t<div class=\"blockG\" id=\"rotateG_07\"><\/div>\n\t\t\t\t<div class=\"blockG\" id=\"rotateG_08\"><\/div>\n\t\t\t<\/div>\n\t\t\t<div class=\"WooZone-cross-sell-loader-text\"><\/div>\n\t\t<\/div>\n\t<\/div>\n\n\t\t\n<\/div>\n<div style=\"clear:both;\"><\/div>\n","protected":false},"excerpt":{"rendered":"Ob es etwas K\u00f6stliches zwischendurch oder eine feine Vorspeise sein soll \u2013 Lacroix-Suppen zaubern stets geschmackvolle Raffinesse auf den Tisch. Die Suppen sind kreiert aus erlesenen Zutaten und abgeschmeckt von Lacroix-Meisterk\u00f6chen. Bon app\u00e9tit!\nUnsere Lacroix Qualit\u00e4tsphilosophie: Die klassischen Suppen von Lacroix werden ohne geschmacksverst\u00e4rkende Zusatzstoffe entwickelt und produziert \u2013 damit unsere Suppen so schmecken, wie Sie es erwarten, eben wie selbstgemacht. Bon app\u00e9tit!","protected":false},"featured_media":6194,"comment_status":"open","ping_status":"closed","template":"","meta":[],"product_cat":[64,58],"product_tag":[],"_links":{"self":[{"href":"https:\/\/food-shop.org\/index.php?rest_route=\/wp\/v2\/product\/6193"}],"collection":[{"href":"https:\/\/food-shop.org\/index.php?rest_route=\/wp\/v2\/product"}],"about":[{"href":"https:\/\/food-shop.org\/index.php?rest_route=\/wp\/v2\/types\/product"}],"replies":[{"embeddable":true,"href":"https:\/\/food-shop.org\/index.php?rest_route=%2Fwp%2Fv2%2Fcomments&post=6193"}],"wp:featuredmedia":[{"embeddable":true,"href":"https:\/\/food-shop.org\/index.php?rest_route=\/wp\/v2\/media\/6194"}],"wp:attachment":[{"href":"https:\/\/food-shop.org\/index.php?rest_route=%2Fwp%2Fv2%2Fmedia&parent=6193"}],"wp:term":[{"taxonomy":"product_cat","embeddable":true,"href":"https:\/\/food-shop.org\/index.php?rest_route=%2Fwp%2Fv2%2Fproduct_cat&post=6193"},{"taxonomy":"product_tag","embeddable":true,"href":"https:\/\/food-shop.org\/index.php?rest_route=%2Fwp%2Fv2%2Fproduct_tag&post=6193"}],"curies":[{"name":"wp","href":"https:\/\/api.w.org\/{rel}","templated":true}]}}