{"id":6189,"date":"2020-08-31T11:41:33","date_gmt":"2020-08-31T11:41:33","guid":{"rendered":"https:\/\/food-shop.org\/?product=erasco-huehner-reis-topf-3er-pack-3-x-800-g"},"modified":"2023-04-09T17:19:21","modified_gmt":"2023-04-09T17:19:21","slug":"erasco-huehner-reis-topf-3er-pack-3-x-800-g","status":"publish","type":"product","link":"https:\/\/food-shop.org\/?product=erasco-huehner-reis-topf-3er-pack-3-x-800-g","title":{"rendered":"Erasco H\u00fchner Reis-Topf, 3er Pack (3 x 800 g)"},"content":{"rendered":"<div class=\"disclaim\"> Anzahl:<strong>3<\/strong> <\/div>\n<p> <!-- show up to 2 reviews by default --> <\/p>\n<h3>Produktbeschreibungen<\/h3>\n<\/p>\n<p><strong>Erasco H\u00fchner Reis-Topf, 3er Pack (3 x 800 g)<\/strong><\/p>\n<p>Gebrauchsanweisung: Herd: Inhalt langsam im Topf erw\u00e4rmen, gelegentlich umr\u00fchren. Mikrowelle: Inhalt in eine geeignete Schale geben und erw\u00e4rmen. 600 W ca. 6 Min.;<\/p>\n<p>Erasco H\u00fchner Reis-Topf, 3er Pack (3 x 800 g)<\/p>\n<p>Inhaltsstoffe \/ Zutaten: Wasser, 9 % Reis, 7 % Gem\u00fcse (M\u00f6hren, Erbsen, Porree), 5 % gegartes H\u00fchnerfleisch (H\u00fchnerfleisch, Salz), H\u00fchnerfett, Jodsalz, Aroma (enth\u00e4lt EI, WEIZEN und SELLERIE), Kr\u00e4uter, Verdickungsmittel: Guarkernmehl, MILCHZUCKER, f\u00e4rbender M\u00f6hrenextrakt.<\/p>\n<\/p>\n<h3>Inhaltsstoffe \/ Zutaten<\/h3>\n<p>Zutaten: Wasser, 33% gekochter Reis, 6,9% Gem\u00fcse (M\u00f6hren, Erbsen, Porree), 5% gegartes H\u00fchnerfleisch (H\u00fchnerfleisch, Salz), H\u00fchnerfett, Salz, Aroma (enth\u00e4lt EI und SELLERIE), Petersilie, Verdickungsmittel: Guarkernmehl, Dextrose, f\u00e4rbender M\u00f6hrenextrakt. Kann Spuren von Weizen (Gluten), Soja, Milch und Senf enthalten. <\/p>\n<div data-a-expander-name=\"toggle_description\" class=\"a-row a-expander-container a-expander-extend-container\">\n<div class=\"a-expander-content a-expander-extend-content\">\n<h3>Gebrauchsanweisung<\/h3>\n<p>Herd: Inhalt langsam im Topf erw\u00e4rmen, gelegentlich umr\u00fchren. Mikrowelle: Inhalt in eine geeignete Schale geben und erw\u00e4rmen. 600 W ca. 6 Min. <\/p>\n<h3>Warnhinweise<\/h3>\n<p>Kann Spuren von Soja und Senf enthalten. <\/p>\n<h3>Anschrift Hersteller\/Importeur<\/h3>\n<p>Postfach 12 11 62, D-23532 L\u00fcbeck <\/p>\n<\/p><\/div>\n<p> <a href=\"void(0)\" data-action=\"a-expander-toggle\" class=\"a-expander-header a-declarative a-expander-extend-header\" data-a-expander-toggle=\"{\"><i class=\"a-icon a-icon-extender-expand\"><\/i><span class=\"a-expander-prompt\">Weitere Informationen<\/span><\/a> <\/div>\n<p>mit nat\u00fcrlicher H\u00fchnerbr\u00fche<br \/>\nohne geschmacksverst\u00e4rkende Zusatzstoffe<br \/>\nohne k\u00fcnstliche Farbstoffe<br \/>\nohne Konservierungsstoffe<br \/>\nmit nat\u00fcrlichem Meersalz<br \/>\n<div class=\"main-cross-sell\" data-asin=\"B0062YGH78\">\n\n\t<div class=\"WooZone-cross-sell-loader\">\n\t\t<div>\n\t\t\t<div id=\"floatingBarsG\">\n\t\t\t\t<div class=\"blockG\" id=\"rotateG_01\"><\/div>\n\t\t\t\t<div class=\"blockG\" id=\"rotateG_02\"><\/div>\n\t\t\t\t<div class=\"blockG\" id=\"rotateG_03\"><\/div>\n\t\t\t\t<div class=\"blockG\" id=\"rotateG_04\"><\/div>\n\t\t\t\t<div class=\"blockG\" id=\"rotateG_05\"><\/div>\n\t\t\t\t<div class=\"blockG\" id=\"rotateG_06\"><\/div>\n\t\t\t\t<div class=\"blockG\" id=\"rotateG_07\"><\/div>\n\t\t\t\t<div class=\"blockG\" id=\"rotateG_08\"><\/div>\n\t\t\t<\/div>\n\t\t\t<div class=\"WooZone-cross-sell-loader-text\"><\/div>\n\t\t<\/div>\n\t<\/div>\n\n\t\t\n<\/div>\n<div style=\"clear:both;\"><\/div>\n","protected":false},"excerpt":{"rendered":"mit nat\u00fcrlicher H\u00fchnerbr\u00fche\nohne geschmacksverst\u00e4rkende Zusatzstoffe\nohne k\u00fcnstliche Farbstoffe","protected":false},"featured_media":6190,"comment_status":"open","ping_status":"closed","template":"","meta":[],"product_cat":[64,58],"product_tag":[],"_links":{"self":[{"href":"https:\/\/food-shop.org\/index.php?rest_route=\/wp\/v2\/product\/6189"}],"collection":[{"href":"https:\/\/food-shop.org\/index.php?rest_route=\/wp\/v2\/product"}],"about":[{"href":"https:\/\/food-shop.org\/index.php?rest_route=\/wp\/v2\/types\/product"}],"replies":[{"embeddable":true,"href":"https:\/\/food-shop.org\/index.php?rest_route=%2Fwp%2Fv2%2Fcomments&post=6189"}],"wp:featuredmedia":[{"embeddable":true,"href":"https:\/\/food-shop.org\/index.php?rest_route=\/wp\/v2\/media\/6190"}],"wp:attachment":[{"href":"https:\/\/food-shop.org\/index.php?rest_route=%2Fwp%2Fv2%2Fmedia&parent=6189"}],"wp:term":[{"taxonomy":"product_cat","embeddable":true,"href":"https:\/\/food-shop.org\/index.php?rest_route=%2Fwp%2Fv2%2Fproduct_cat&post=6189"},{"taxonomy":"product_tag","embeddable":true,"href":"https:\/\/food-shop.org\/index.php?rest_route=%2Fwp%2Fv2%2Fproduct_tag&post=6189"}],"curies":[{"name":"wp","href":"https:\/\/api.w.org\/{rel}","templated":true}]}}