{"id":6175,"date":"2020-08-31T11:41:23","date_gmt":"2020-08-31T11:41:23","guid":{"rendered":"https:\/\/food-shop.org\/?product=knorr-meisterkessel-kraeftige-rindsuppe-500-g"},"modified":"2023-04-09T17:19:21","modified_gmt":"2023-04-09T17:19:21","slug":"knorr-meisterkessel-kraeftige-rindsuppe-500-g","status":"publish","type":"product","link":"https:\/\/food-shop.org\/?product=knorr-meisterkessel-kraeftige-rindsuppe-500-g","title":{"rendered":"Knorr &#8211; Meisterkessel &#8211; Kr\u00e4ftige Rindsuppe &#8211; 500 g"},"content":{"rendered":"<p><!-- show up to 2 reviews by default --> <\/p>\n<p>Knorr Meisterkessel Kr\u00e4ftige Rindsuppe mit Nudeln, Gem\u00fcse und Rindfleisch ist rasch zubereitet und ideal f\u00fcr zwischendurch oder als kleine Hauptmahlzeit. Ohne Zusatz von Konservierungsmitteln Zubereitung: Inhalt der Dose in einen passenden Kochtopf leeren, auf Esstemperatur erhitzen. ab und zu umr\u00fchren. Zubereitung im Mikrowellenherd (Angaben f\u00fcr 750 Watt):<br \/> Doseninhalt in einen Teller leeren, zugedeckt 4 Minuten erhitzen und vor dem Servieren umr\u00fchren<\/p>\n<p> Nettof\u00fcllgewicht: 500g <\/p>\n<div class=\"main-cross-sell\" data-asin=\"B0057DYF0G\">\n\n\t<div class=\"WooZone-cross-sell-loader\">\n\t\t<div>\n\t\t\t<div id=\"floatingBarsG\">\n\t\t\t\t<div class=\"blockG\" id=\"rotateG_01\"><\/div>\n\t\t\t\t<div class=\"blockG\" id=\"rotateG_02\"><\/div>\n\t\t\t\t<div class=\"blockG\" id=\"rotateG_03\"><\/div>\n\t\t\t\t<div class=\"blockG\" id=\"rotateG_04\"><\/div>\n\t\t\t\t<div class=\"blockG\" id=\"rotateG_05\"><\/div>\n\t\t\t\t<div class=\"blockG\" id=\"rotateG_06\"><\/div>\n\t\t\t\t<div class=\"blockG\" id=\"rotateG_07\"><\/div>\n\t\t\t\t<div class=\"blockG\" id=\"rotateG_08\"><\/div>\n\t\t\t<\/div>\n\t\t\t<div class=\"WooZone-cross-sell-loader-text\"><\/div>\n\t\t<\/div>\n\t<\/div>\n\n\t\t\n<\/div>\n<div style=\"clear:both;\"><\/div>\n","protected":false},"excerpt":{"rendered":"Knorr Meisterkessel Kr\u00e4ftige Rindsuppe mit Nudeln, Gem\u00fcse und Rindfleisch ist rasch zubereitet und ideal f\u00fcr zwischendurch oder als kleine Hauptmahlzeit. Ohne Zusatz von Konservierungsmitteln Zubereitung: Inhalt der Dose in einen passenden Kochtopf leeren, auf Esstemperatur erhitzen. ab und zu umr\u00fchren. Zubereitung im Mikrowellenherd (Angaben f\u00fcr 750 Watt): Doseninhalt in einen Teller leeren, zugedeckt 4 Minuten [...]","protected":false},"featured_media":6176,"comment_status":"open","ping_status":"closed","template":"","meta":[],"product_cat":[64,58],"product_tag":[],"_links":{"self":[{"href":"https:\/\/food-shop.org\/index.php?rest_route=\/wp\/v2\/product\/6175"}],"collection":[{"href":"https:\/\/food-shop.org\/index.php?rest_route=\/wp\/v2\/product"}],"about":[{"href":"https:\/\/food-shop.org\/index.php?rest_route=\/wp\/v2\/types\/product"}],"replies":[{"embeddable":true,"href":"https:\/\/food-shop.org\/index.php?rest_route=%2Fwp%2Fv2%2Fcomments&post=6175"}],"wp:featuredmedia":[{"embeddable":true,"href":"https:\/\/food-shop.org\/index.php?rest_route=\/wp\/v2\/media\/6176"}],"wp:attachment":[{"href":"https:\/\/food-shop.org\/index.php?rest_route=%2Fwp%2Fv2%2Fmedia&parent=6175"}],"wp:term":[{"taxonomy":"product_cat","embeddable":true,"href":"https:\/\/food-shop.org\/index.php?rest_route=%2Fwp%2Fv2%2Fproduct_cat&post=6175"},{"taxonomy":"product_tag","embeddable":true,"href":"https:\/\/food-shop.org\/index.php?rest_route=%2Fwp%2Fv2%2Fproduct_tag&post=6175"}],"curies":[{"name":"wp","href":"https:\/\/api.w.org\/{rel}","templated":true}]}}