{"id":6169,"date":"2020-08-31T11:41:19","date_gmt":"2020-08-31T11:41:19","guid":{"rendered":"https:\/\/food-shop.org\/?product=bio-ravioli-bolognese-3er-pack-3-dosen-a-400-ml"},"modified":"2023-04-09T17:19:21","modified_gmt":"2023-04-09T17:19:21","slug":"bio-ravioli-bolognese-3er-pack-3-dosen-a-400-ml","status":"publish","type":"product","link":"https:\/\/food-shop.org\/?product=bio-ravioli-bolognese-3er-pack-3-dosen-a-400-ml","title":{"rendered":"BIO Ravioli Bolognese 3er Pack (3 Dosen \u00e0 400 ml)"},"content":{"rendered":"<p><!-- show up to 2 reviews by default --> <\/p>\n<h3>Produktbeschreibungen<\/h3>\n<p>BIO Ravioli Bolognese &#8211; gef\u00fcllt mit Blattspinat und Mozzarella<br \/>Bio Ravioli Bolognese von Zimmermann sind pikant mit Blattspinat und Mozzarella gef\u00fcllt in einer feinen Tomatenso\u00dfe mit Hackfleisch. <br \/>Die Raviolis aus kontrolliert \u00f6kologischer Landwirtschaft ergeben sind im Nu zubereitet. <br \/>Hier ist dem traditionsreichen, seit 1894 bestehenden, ehemaligen K\u00f6niglich Bayerischen Hoflieferanten Zimmermann ein hochwertiges Bioprodukt gelungen, welches qualitativ sowie geschmacklich h\u00f6chsten Anspr\u00fcchen gen\u00fcgt.<\/p>\n<p>Enth\u00e4lt 3 Dosen \u00e0 400 ml <\/p>\n<h3>Inhaltsstoffe \/ Zutaten<\/h3>\n<p>Tomatensauce mit Fleisch (76%): Trinkwasser, Tomaten* 30%, Rindfleisch* 7%, St\u00e4rke*, Rohrzucker*, Meersalz, Gew\u00fcrze*, Kr\u00e4uter*, Sonnenblumen\u00f6l*, Glukosesirup*, Reismehl*, Karamellzucker*, Verdickungsmittel: Guarkernmehl, Gew\u00fcrzextrakt*. Ravioli (24%): HARTWEIZENGRIE\u00df*, Trinkwasser, Blattspinat* 12%, SPEISEQUARK* (20% F.i.Tr.) 8%, VOLLEI*, Wei\u00dfbrot* (WEIZENMEHL*, Hefe*, Speisesalz), MOZZARELLA* (40% F.i.Tr.) 4%, St\u00e4rke*, Meersalz, Glukosesirup*, Zucker*, Gew\u00fcrze* (mit SELLERIE*), Kr\u00e4uter*, Sonnenblumen\u00f6l*, Dextrose*, Gew\u00fcrzextrakt*. (*aus kontrolliert \u00f6kologischer Landwirtschaft) <\/p>\n<div data-a-expander-name=\"toggle_description\" class=\"a-row a-expander-container a-expander-extend-container\">\n<div class=\"a-expander-content a-expander-extend-content\">\n<h3>Anschrift Hersteller\/Importeur<\/h3>\n<p>Fleischwerke Zimmermann GmbH &amp; Co. KG <br \/>E.- Zimmermann &#8211; Str. 29 <br \/>86580 Thannhausen <\/p>\n<\/p><\/div>\n<p> <a href=\"void(0)\" data-action=\"a-expander-toggle\" class=\"a-expander-header a-declarative a-expander-extend-header\" data-a-expander-toggle=\"{\"><i class=\"a-icon a-icon-extender-expand\"><\/i><span class=\"a-expander-prompt\">Weitere Informationen<\/span><\/a> <\/div>\n<p>BIO Ravioli Bolognese<br \/>\ngef\u00fcllt mit Blattspinat und Mozzarella<br \/>\nenthaltene Allergene: Sellerie, Weizen, Ei, Milch<br \/>\nEnth\u00e4lt 3 Dosen \u00e0 400 ml<br \/>\nBrennwert: 309 kJ\/ 73 kcal<br \/>\n<div class=\"main-cross-sell\" data-asin=\"B01BN7E5FO\">\n\n\t<div class=\"WooZone-cross-sell-loader\">\n\t\t<div>\n\t\t\t<div id=\"floatingBarsG\">\n\t\t\t\t<div class=\"blockG\" id=\"rotateG_01\"><\/div>\n\t\t\t\t<div class=\"blockG\" id=\"rotateG_02\"><\/div>\n\t\t\t\t<div class=\"blockG\" id=\"rotateG_03\"><\/div>\n\t\t\t\t<div class=\"blockG\" id=\"rotateG_04\"><\/div>\n\t\t\t\t<div class=\"blockG\" id=\"rotateG_05\"><\/div>\n\t\t\t\t<div class=\"blockG\" id=\"rotateG_06\"><\/div>\n\t\t\t\t<div class=\"blockG\" id=\"rotateG_07\"><\/div>\n\t\t\t\t<div class=\"blockG\" id=\"rotateG_08\"><\/div>\n\t\t\t<\/div>\n\t\t\t<div class=\"WooZone-cross-sell-loader-text\"><\/div>\n\t\t<\/div>\n\t<\/div>\n\n\t\t\n<\/div>\n<div style=\"clear:both;\"><\/div>\n","protected":false},"excerpt":{"rendered":"BIO Ravioli Bolognese\ngef\u00fcllt mit Blattspinat und Mozzarella\nenthaltene Allergene: Sellerie, Weizen, Ei, Milch","protected":false},"featured_media":6170,"comment_status":"open","ping_status":"closed","template":"","meta":[],"product_cat":[64,58],"product_tag":[],"_links":{"self":[{"href":"https:\/\/food-shop.org\/index.php?rest_route=\/wp\/v2\/product\/6169"}],"collection":[{"href":"https:\/\/food-shop.org\/index.php?rest_route=\/wp\/v2\/product"}],"about":[{"href":"https:\/\/food-shop.org\/index.php?rest_route=\/wp\/v2\/types\/product"}],"replies":[{"embeddable":true,"href":"https:\/\/food-shop.org\/index.php?rest_route=%2Fwp%2Fv2%2Fcomments&post=6169"}],"wp:featuredmedia":[{"embeddable":true,"href":"https:\/\/food-shop.org\/index.php?rest_route=\/wp\/v2\/media\/6170"}],"wp:attachment":[{"href":"https:\/\/food-shop.org\/index.php?rest_route=%2Fwp%2Fv2%2Fmedia&parent=6169"}],"wp:term":[{"taxonomy":"product_cat","embeddable":true,"href":"https:\/\/food-shop.org\/index.php?rest_route=%2Fwp%2Fv2%2Fproduct_cat&post=6169"},{"taxonomy":"product_tag","embeddable":true,"href":"https:\/\/food-shop.org\/index.php?rest_route=%2Fwp%2Fv2%2Fproduct_tag&post=6169"}],"curies":[{"name":"wp","href":"https:\/\/api.w.org\/{rel}","templated":true}]}}