{"id":6137,"date":"2020-08-31T11:41:03","date_gmt":"2020-08-31T11:41:03","guid":{"rendered":"https:\/\/food-shop.org\/?product=erasco-markkloesschen-topf-1-x-800-g-dose"},"modified":"2023-04-09T17:19:20","modified_gmt":"2023-04-09T17:19:20","slug":"erasco-markkloesschen-topf-1-x-800-g-dose","status":"publish","type":"product","link":"https:\/\/food-shop.org\/?product=erasco-markkloesschen-topf-1-x-800-g-dose","title":{"rendered":"Erasco Markkl\u00f6\u00dfchen Topf (1 x 800 g Dose)"},"content":{"rendered":"<div class=\"disclaim\"> Anzahl:<strong>1<\/strong> <\/div>\n<p> <!-- show up to 2 reviews by default --> <\/p>\n<h3>Inhaltsstoffe \/ Zutaten<\/h3>\n<p>Zutaten: Wasser, 13% Gem\u00fcse (M\u00f6hren, Kohlrabi, Porree, gr\u00fcne Bohnen), 11% gekochte Muschnudeln (HARTWEIZENGRIE\u00df (GLUTEN), Wasser, EIKLAR), 5,9% Markkl\u00f6\u00dfchen (VOLLEI, WEIZENMEHL (GLUTEN), 17% Rindermark, Wasser, PANIERMEHL (WEIZENMEHL (GLUTEN), Hefe, Speisesalz), Petersilie, Salz, modifizierte Maisst\u00e4rke, MOLKEPULVER, Gew\u00fcrze, MAGERMILCHPULVER, Aroma, Zwiebeln, Gew\u00fcrze und Gew\u00fcrzkr\u00e4uterextrakt, Hefeextrakt, Zucker, W\u00fcrze (enth\u00e4lt WEIZEN (GLUTEN) und SOJA), Glukosesirup), Salz, Raps\u00f6l, Hefeextrakt, Kochsalzersatz (Kaliumchlorid), Zucker, Petersilie, f\u00e4rbender M\u00f6hrenextrakt, Aroma, Verdickungsmittel: Guarkernmehl, Dextrose. Kann Spuren von Sellerie und Senf enthalten. <\/p>\n<h3>Gebrauchsanweisung<\/h3>\n<\/p>\n<ul>\n<li>Inhalt in eine geeignete Schale geben und erw\u00e4rmen. 600 W ca. 6 Min.<\/li>\n<li>Inhalt langsam im Topf erw\u00e4rmen, gelegentlich umr\u00fchren.<\/li>\n<\/ul>\n<div data-a-expander-name=\"toggle_description\" class=\"a-row a-expander-container a-expander-extend-container\">\n<div class=\"a-expander-content a-expander-extend-content\">\n<h3>Warnhinweise<\/h3>\n<p>enth\u00e4lt Ei, Soja und Sellerie <\/p>\n<\/p><\/div>\n<p> <a href=\"void(0)\" data-action=\"a-expander-toggle\" class=\"a-expander-header a-declarative a-expander-extend-header\" data-a-expander-toggle=\"{\"><i class=\"a-icon a-icon-extender-expand\"><\/i><span class=\"a-expander-prompt\">Weitere Informationen<\/span><\/a> <\/div>\n<p>nat\u00fcrlich lecker<br \/>\nohne geschmacksverst\u00e4rkende Zusatzstoffe<br \/>\nohne k\u00fcnstliche Farbstoffe<br \/>\nohne Konservierungsstoffe lt. Gesetz<br \/>\n<div class=\"main-cross-sell\" data-asin=\"B003TRNDVE\">\n\n\t<div class=\"WooZone-cross-sell-loader\">\n\t\t<div>\n\t\t\t<div id=\"floatingBarsG\">\n\t\t\t\t<div class=\"blockG\" id=\"rotateG_01\"><\/div>\n\t\t\t\t<div class=\"blockG\" id=\"rotateG_02\"><\/div>\n\t\t\t\t<div class=\"blockG\" id=\"rotateG_03\"><\/div>\n\t\t\t\t<div class=\"blockG\" id=\"rotateG_04\"><\/div>\n\t\t\t\t<div class=\"blockG\" id=\"rotateG_05\"><\/div>\n\t\t\t\t<div class=\"blockG\" id=\"rotateG_06\"><\/div>\n\t\t\t\t<div class=\"blockG\" id=\"rotateG_07\"><\/div>\n\t\t\t\t<div class=\"blockG\" id=\"rotateG_08\"><\/div>\n\t\t\t<\/div>\n\t\t\t<div class=\"WooZone-cross-sell-loader-text\"><\/div>\n\t\t<\/div>\n\t<\/div>\n\n\t\t\n<\/div>\n<div style=\"clear:both;\"><\/div>\n","protected":false},"excerpt":{"rendered":"nat\u00fcrlich lecker\nohne geschmacksverst\u00e4rkende Zusatzstoffe\nohne k\u00fcnstliche Farbstoffe","protected":false},"featured_media":6138,"comment_status":"open","ping_status":"closed","template":"","meta":[],"product_cat":[64,58],"product_tag":[],"_links":{"self":[{"href":"https:\/\/food-shop.org\/index.php?rest_route=\/wp\/v2\/product\/6137"}],"collection":[{"href":"https:\/\/food-shop.org\/index.php?rest_route=\/wp\/v2\/product"}],"about":[{"href":"https:\/\/food-shop.org\/index.php?rest_route=\/wp\/v2\/types\/product"}],"replies":[{"embeddable":true,"href":"https:\/\/food-shop.org\/index.php?rest_route=%2Fwp%2Fv2%2Fcomments&post=6137"}],"wp:featuredmedia":[{"embeddable":true,"href":"https:\/\/food-shop.org\/index.php?rest_route=\/wp\/v2\/media\/6138"}],"wp:attachment":[{"href":"https:\/\/food-shop.org\/index.php?rest_route=%2Fwp%2Fv2%2Fmedia&parent=6137"}],"wp:term":[{"taxonomy":"product_cat","embeddable":true,"href":"https:\/\/food-shop.org\/index.php?rest_route=%2Fwp%2Fv2%2Fproduct_cat&post=6137"},{"taxonomy":"product_tag","embeddable":true,"href":"https:\/\/food-shop.org\/index.php?rest_route=%2Fwp%2Fv2%2Fproduct_tag&post=6137"}],"curies":[{"name":"wp","href":"https:\/\/api.w.org\/{rel}","templated":true}]}}