{"id":6122,"date":"2020-08-31T11:40:55","date_gmt":"2020-08-31T11:40:55","guid":{"rendered":"https:\/\/food-shop.org\/?product=doebelnerflecke-suess-sauer"},"modified":"2023-04-09T17:19:20","modified_gmt":"2023-04-09T17:19:20","slug":"doebelnerflecke-suess-sauer","status":"publish","type":"product","link":"https:\/\/food-shop.org\/?product=doebelnerflecke-suess-sauer","title":{"rendered":"D\u00f6belnerFlecke &#8211; s\u00fc\u00df-sauer"},"content":{"rendered":"<p><!-- show up to 2 reviews by default --> <\/p>\n<h3>Produktbeschreibungen<\/h3>\n<p>Flecke &#8211; s\u00fc\u00df-sauer (D\u00f6belner) S\u00e4chsische Spezialit\u00e4t aus Rinderpansen, Schweinelunge, sauren Gurken und Kartoffelst\u00fccken in einer hellen, s\u00fc\u00dfe, angedickt.. <\/p>\n<p>Zutaten: 22% Rinderpansen, 7% Kartoffeln, 4% Gurken (Gurken, nat\u00fcrliche Aromen, S\u00fc\u00dfstoff Saccharin), 2% Schweinelunge, Trinkwasser, Kochsalz, Maisst\u00e4rke, Weizenmehl, Zucker, Branntweinessig, Gew\u00fcrze. F\u00fcllmenge: 620 g Zubereitung: Tafelfertige Zubereitung, nur Erhitzen. Allergene: Gluten..<\/p>\n<p>Herstellerinformationen D\u00f6belner Spezialit\u00e4ten GmbH, August-Julius-Clemen-Strasse 1b, 04720 D\u00f6beln.<\/p>\n<p>Auch bei Amazon erh\u00e4ltlich: DDR Tomatenso\u00dfe Dose, Dosenfisch DDR, DDR Tomatensauce Dose, DDR Dosensuppe, DDR Dosenwurst, Werder Ketchup, Werder Tomatenketchup, Werder Gew\u00fcrzketchup, Werder Ketchup DDR, Werder Curry Ketchup, Werder Ketchup Premium, Ketchup von Werder, Tomatensosse Werder Ketchup, Werder Chili Ketchup, Werder Currywurst Ketchup, Werder Feinkost Tomatenketchup, Werder Havel Ketchup, Werder Ketchup Knoblauch, Werder Ketchup Sorten, DDR Konserven Produkte <\/p>\n<h3>Inhaltsstoffe \/ Zutaten<\/h3>\n<p>22% Rinderpansen, 7% Kartoffeln, 4% Gurken (Gurken, nat\u00fcrliche Aromen, S\u00fc\u00dfstoff Saccharin), 2% Schweinelunge, Trinkwasser, Kochsalz, Maisst\u00e4rke, WEIZENmehl, Zucker, Branntweinessig, Gew\u00fcrze. <\/p>\n<div data-a-expander-name=\"toggle_description\" class=\"a-row a-expander-container a-expander-extend-container\">\n<div class=\"a-expander-content a-expander-extend-content\">\n<h3>Gebrauchsanweisung<\/h3>\n<p>Einnern Sie sich an die tollen und typischen Produkte aus der DDR <\/p>\n<h3>Rechtliche Hinweise<\/h3>\n<p>Hersteller- und Produktangaben finden Sie in den Bilddaten <\/p>\n<h3>Anschrift Hersteller\/Importeur<\/h3>\n<p>D\u00f6belner Spezialit\u00e4ten GmbH, August-Julius-Clemen-Strasse 1b, 04720 D\u00f6beln <\/p>\n<\/p><\/div>\n<p> <a href=\"void(0)\" data-action=\"a-expander-toggle\" class=\"a-expander-header a-declarative a-expander-extend-header\" data-a-expander-toggle=\"{\"><i class=\"a-icon a-icon-extender-expand\"><\/i><span class=\"a-expander-prompt\">Weitere Informationen<\/span><\/a> <\/div>\n<p>Flecke &#8211; s\u00fc\u00df-sauer (D\u00f6belner) S\u00e4chsische Spezialit\u00e4t aus Rinderpansen, Schweinelunge, sauren Gurken und Kartoffelst\u00fccken in einer hellen, s\u00fc\u00dfe, angedickt.<br \/>\nZutaten: 22% Rinderpansen, 7% Kartoffeln, 4% Gurken (Gurken, nat\u00fcrliche Aromen, S\u00fc\u00dfstoff Saccharin), 2% Schweinelunge, Trinkwasser, Kochsalz, Maisst\u00e4rke, Weizenmehl, Zucker, Branntweinessig, Gew\u00fcrze. F\u00fcllmenge: 620 g Zubereitung: Tafelfertige Zubereitung, nur Erhitzen. Allergene: Gluten.<br \/>\nHerstellerinformationen D\u00f6belner Spezialit\u00e4ten GmbH, August-Julius-Clemen-Strasse 1b, 04720 D\u00f6beln<br \/>\nAuch bei Amazon erh\u00e4ltlich: DDR Tomatenso\u00dfe Dose, Dosenfisch DDR, DDR Tomatensauce Dose, DDR Dosensuppe, DDR Dosenwurst, Werder Ketchup, Werder Tomatenketchup, Werder Gew\u00fcrzketchup, Werder Ketchup DDR, Werder Curry Ketchup, Werder Ketchup Premium, Ketchup von Werder, Tomatensosse Werder Ketchup, Werder Chili Ketchup, Werder Currywurst Ketchup, Werder Feinkost Tomatenketchup, Werder Havel Ketchup, Werder Ketchup Knoblauch, Werder Ketchup Sorten, DDR Konserven Produkte<br \/>\n<div class=\"main-cross-sell\" data-asin=\"B07PJ4CDL9\">\n\n\t<div class=\"WooZone-cross-sell-loader\">\n\t\t<div>\n\t\t\t<div id=\"floatingBarsG\">\n\t\t\t\t<div class=\"blockG\" id=\"rotateG_01\"><\/div>\n\t\t\t\t<div class=\"blockG\" id=\"rotateG_02\"><\/div>\n\t\t\t\t<div class=\"blockG\" id=\"rotateG_03\"><\/div>\n\t\t\t\t<div class=\"blockG\" id=\"rotateG_04\"><\/div>\n\t\t\t\t<div class=\"blockG\" id=\"rotateG_05\"><\/div>\n\t\t\t\t<div class=\"blockG\" id=\"rotateG_06\"><\/div>\n\t\t\t\t<div class=\"blockG\" id=\"rotateG_07\"><\/div>\n\t\t\t\t<div class=\"blockG\" id=\"rotateG_08\"><\/div>\n\t\t\t<\/div>\n\t\t\t<div class=\"WooZone-cross-sell-loader-text\"><\/div>\n\t\t<\/div>\n\t<\/div>\n\n\t\t\n<\/div>\n<div style=\"clear:both;\"><\/div>\n","protected":false},"excerpt":{"rendered":"Flecke - s\u00fc\u00df-sauer (D\u00f6belner) S\u00e4chsische Spezialit\u00e4t aus Rinderpansen, Schweinelunge, sauren Gurken und Kartoffelst\u00fccken in einer hellen, s\u00fc\u00dfe, angedickt.\nZutaten: 22% Rinderpansen, 7% Kartoffeln, 4% Gurken (Gurken, nat\u00fcrliche Aromen, S\u00fc\u00dfstoff Saccharin), 2% Schweinelunge, Trinkwasser, Kochsalz, Maisst\u00e4rke, Weizenmehl, Zucker, Branntweinessig, Gew\u00fcrze. F\u00fcllmenge: 620 g Zubereitung: Tafelfertige Zubereitung, nur Erhitzen. Allergene: Gluten.\nHerstellerinformationen D\u00f6belner Spezialit\u00e4ten GmbH, August-Julius-Clemen-Strasse 1b, 04720 D\u00f6beln","protected":false},"featured_media":6123,"comment_status":"open","ping_status":"closed","template":"","meta":[],"product_cat":[64,58],"product_tag":[],"_links":{"self":[{"href":"https:\/\/food-shop.org\/index.php?rest_route=\/wp\/v2\/product\/6122"}],"collection":[{"href":"https:\/\/food-shop.org\/index.php?rest_route=\/wp\/v2\/product"}],"about":[{"href":"https:\/\/food-shop.org\/index.php?rest_route=\/wp\/v2\/types\/product"}],"replies":[{"embeddable":true,"href":"https:\/\/food-shop.org\/index.php?rest_route=%2Fwp%2Fv2%2Fcomments&post=6122"}],"wp:featuredmedia":[{"embeddable":true,"href":"https:\/\/food-shop.org\/index.php?rest_route=\/wp\/v2\/media\/6123"}],"wp:attachment":[{"href":"https:\/\/food-shop.org\/index.php?rest_route=%2Fwp%2Fv2%2Fmedia&parent=6122"}],"wp:term":[{"taxonomy":"product_cat","embeddable":true,"href":"https:\/\/food-shop.org\/index.php?rest_route=%2Fwp%2Fv2%2Fproduct_cat&post=6122"},{"taxonomy":"product_tag","embeddable":true,"href":"https:\/\/food-shop.org\/index.php?rest_route=%2Fwp%2Fv2%2Fproduct_tag&post=6122"}],"curies":[{"name":"wp","href":"https:\/\/api.w.org\/{rel}","templated":true}]}}