{"id":6112,"date":"2020-08-31T11:40:49","date_gmt":"2020-08-31T11:40:49","guid":{"rendered":"https:\/\/food-shop.org\/?product=juergen-langbein-buesumer-krabbensuppe-400-ml"},"modified":"2023-04-09T17:19:20","modified_gmt":"2023-04-09T17:19:20","slug":"juergen-langbein-buesumer-krabbensuppe-400-ml","status":"publish","type":"product","link":"https:\/\/food-shop.org\/?product=juergen-langbein-buesumer-krabbensuppe-400-ml","title":{"rendered":"B\u00dcSUMER KRABBENSUPPE von J\u00fcrgen Langbein, 400ml"},"content":{"rendered":"<p><!-- show up to 2 reviews by default --> <\/p>\n<h3>Produktbeschreibung<\/h3>\n<p>Feine Spezialit\u00e4t mit Krabben und einem Schuss Wei\u00dfwein. Nach traditionellem Rezept B\u00fcsumer Art &#8211; eine unwiderstehlich maritime Vorspeise! <\/p>\n<h3>Inhaltsstoffe \/ Zutaten<\/h3>\n<p>Zutaten: Wasser, GARNELEN (5%), Palmfett, WEIZENmehl, NordseeKRABBEN (2%), Wei\u00dfwein (2%), SAHNE (1,5%), KREBSTIERextrakt, Tomatenmark, modifizierte Maisst\u00e4rke, Speisesalz, Speisest\u00e4rke, W\u00fcrze, Zucker, SELLERIE, Meerrettich, Zwiebelextrakt, Gew\u00fcrze, S\u00e4uerungsmittel: Citronens\u00e4ure; Farbstoff: Beta-Carotin, Paprikaextrakt; Geschmacksverst\u00e4rker: Mononatriumglutamat; nat\u00fcrliches Aroma (enth\u00e4lt LACTOSE) <\/p>\n<div data-a-expander-name=\"toggle_description\" class=\"a-row a-expander-container a-expander-extend-container\">\n<div class=\"a-expander-content a-expander-extend-content\">\n<h3>Gebrauchsanweisung<\/h3>\n<p>Tafelfertig. Unter gelegentlichem R\u00fchren erw\u00e4rmen. <\/p>\n<h3>Anschrift Hersteller\/Importeur<\/h3>\n<p>Feldstra\u00dfe 7, 24568 Kaltenkirchen <\/p>\n<\/p><\/div>\n<p> <a href=\"void(0)\" data-action=\"a-expander-toggle\" class=\"a-expander-header a-declarative a-expander-extend-header\" data-a-expander-toggle=\"{\"><i class=\"a-icon a-icon-extender-expand\"><\/i><span class=\"a-expander-prompt\">Weitere Informationen<\/span><\/a> <\/div>\n<p>Feine Spezialit\u00e4t mit Krabben<br \/>\nMit Weiswein verfeinert<br \/>\nTafelfertig, unter gelegentlichem R\u00fchren erhitzen<br \/>\nHandwerklich traditionelle Herstellung<br \/>\nFeine K\u00fcche J\u00fcrgen Langbein, D-25468 Kaltenkirchen<br \/>\n<div class=\"main-cross-sell\" data-asin=\"B00AHD2LYI\">\n\n\t<div class=\"WooZone-cross-sell-loader\">\n\t\t<div>\n\t\t\t<div id=\"floatingBarsG\">\n\t\t\t\t<div class=\"blockG\" id=\"rotateG_01\"><\/div>\n\t\t\t\t<div class=\"blockG\" id=\"rotateG_02\"><\/div>\n\t\t\t\t<div class=\"blockG\" id=\"rotateG_03\"><\/div>\n\t\t\t\t<div class=\"blockG\" id=\"rotateG_04\"><\/div>\n\t\t\t\t<div class=\"blockG\" id=\"rotateG_05\"><\/div>\n\t\t\t\t<div class=\"blockG\" id=\"rotateG_06\"><\/div>\n\t\t\t\t<div class=\"blockG\" id=\"rotateG_07\"><\/div>\n\t\t\t\t<div class=\"blockG\" id=\"rotateG_08\"><\/div>\n\t\t\t<\/div>\n\t\t\t<div class=\"WooZone-cross-sell-loader-text\"><\/div>\n\t\t<\/div>\n\t<\/div>\n\n\t\t\n<\/div>\n<div style=\"clear:both;\"><\/div>\n","protected":false},"excerpt":{"rendered":"Feine Spezialit\u00e4t mit Krabben\nMit Weiswein verfeinert\nTafelfertig, unter gelegentlichem R\u00fchren erhitzen","protected":false},"featured_media":6113,"comment_status":"open","ping_status":"closed","template":"","meta":[],"product_cat":[64,58],"product_tag":[],"_links":{"self":[{"href":"https:\/\/food-shop.org\/index.php?rest_route=\/wp\/v2\/product\/6112"}],"collection":[{"href":"https:\/\/food-shop.org\/index.php?rest_route=\/wp\/v2\/product"}],"about":[{"href":"https:\/\/food-shop.org\/index.php?rest_route=\/wp\/v2\/types\/product"}],"replies":[{"embeddable":true,"href":"https:\/\/food-shop.org\/index.php?rest_route=%2Fwp%2Fv2%2Fcomments&post=6112"}],"wp:featuredmedia":[{"embeddable":true,"href":"https:\/\/food-shop.org\/index.php?rest_route=\/wp\/v2\/media\/6113"}],"wp:attachment":[{"href":"https:\/\/food-shop.org\/index.php?rest_route=%2Fwp%2Fv2%2Fmedia&parent=6112"}],"wp:term":[{"taxonomy":"product_cat","embeddable":true,"href":"https:\/\/food-shop.org\/index.php?rest_route=%2Fwp%2Fv2%2Fproduct_cat&post=6112"},{"taxonomy":"product_tag","embeddable":true,"href":"https:\/\/food-shop.org\/index.php?rest_route=%2Fwp%2Fv2%2Fproduct_tag&post=6112"}],"curies":[{"name":"wp","href":"https:\/\/api.w.org\/{rel}","templated":true}]}}