{"id":6106,"date":"2020-08-31T11:40:44","date_gmt":"2020-08-31T11:40:44","guid":{"rendered":"https:\/\/food-shop.org\/?product=sonnen-bassermann-linsentopf-6er-pack-6-x-1-24-kg"},"modified":"2023-04-09T17:19:20","modified_gmt":"2023-04-09T17:19:20","slug":"sonnen-bassermann-linsentopf-6er-pack-6-x-1-24-kg","status":"publish","type":"product","link":"https:\/\/food-shop.org\/?product=sonnen-bassermann-linsentopf-6er-pack-6-x-1-24-kg","title":{"rendered":"Sonnen Bassermann Linsentopf, 6er Pack (6 x 1.24 kg)"},"content":{"rendered":"<p><!-- show up to 2 reviews by default --> <\/p>\n<h3>Produktbeschreibung<\/h3>\n<p>in gewohnt bester Qualit\u00e4t <\/p>\n<h3>Inhaltsstoffe \/ Zutaten<\/h3>\n<p>Zutaten: Wasser, 11% Linsen, Karotten, 5% Bockwurst (Schweinefleisch, Wasser, Speisesalz, Dextrose, Gew\u00fcrze, Rauch, Karotten), 5% Kartoffeln, Tomatenmark, 3,5% Speck gew\u00fcrzt (Schweinefleisch, Speisesalz, Raucharoma), MagerMILCH, Zwiebeln, Porree, Speisesalz, modifizierte St\u00e4rke, Raps\u00f6l, WEIZENmehl, Branntweinessig, Wei\u00df-Weinessig, Antioxidationsmittel (Ascorbins\u00e4ure), Verdickungsmittel (Guarkernmehl), Gew\u00fcrzextrakt Kann Spuren von Ei, Sellerie, Soja und Senf enthalten. <\/p>\n<div data-a-expander-name=\"toggle_description\" class=\"a-row a-expander-container a-expander-extend-container\">\n<div class=\"a-expander-content a-expander-extend-content\">\n<h3>Gebrauchsanweisung<\/h3>\n<\/p>\n<ul>\n<li>Im Kochtopf: Erw\u00e4rmen Sie Ihren Eintopf bei mittlerer Hitze in einem Topf und r\u00fchren Sie ab und zu um &#8211; Aufkochen ist nicht notwendig. Guten Appetit!<\/li>\n<li>In der Mikrowelle: Geben Sie Ihren Eintopf in ein mikrowellengeeignetes Gef\u00e4\u00df und decken Sie es mit einem Teller oder einer Haube ab. Dann bei 600 Watt 9-11 Minuten erw\u00e4rmen. Zum Schluss noch einmal umr\u00fchren. Guten Appetit!<\/li>\n<\/ul>\n<h3>Warnhinweise<\/h3>\n<p>Enthaltene Allergene Weizen sowie daraus hergestellte Erzeugnisse; Schwefeldioxid und Sulphite, als SO2 angegeben; Milch und daraus hergestellte Erzeugnisse (einschlie\u00dflich Laktose); Glutenhaltige Getreide sowie daraus hergestellte Erzeugnisse Kann Spuren von &#8230; enthalten Senf und daraus hergestellte Erzeugnisse; Sellerie und daraus hergestellte Erzeugnisse; Sojabohnen und daraus hergestellte Erzeugnisse; Eier und daraus hergestellte Erzeugnisse <\/p>\n<h3>Anschrift Hersteller\/Importeur<\/h3>\n<p>Postfach 11 22 D-14547 Beelitz <\/p>\n<\/p><\/div>\n<p> <a href=\"void(0)\" data-action=\"a-expander-toggle\" class=\"a-expander-header a-declarative a-expander-extend-header\" data-a-expander-toggle=\"{\"><i class=\"a-icon a-icon-extender-expand\"><\/i><span class=\"a-expander-prompt\">Weitere Informationen<\/span><\/a> <\/div>\n<p>in gewohnt bester Qualit\u00e4t<br \/>\n\u00fcberzeugender Geschmack<br \/>\nin abwechslungsreichen Sorten<br \/>\nnat\u00fcrlich ohne Geschmacksverst\u00e4rker und ohne Konservierungsstoffe<br \/>\nmit einem praktischen leicht zu \u00f6ffnenden Verschluss<br \/>\n<div class=\"main-cross-sell\" data-asin=\"B01C8XOO4Y\">\n\n\t<div class=\"WooZone-cross-sell-loader\">\n\t\t<div>\n\t\t\t<div id=\"floatingBarsG\">\n\t\t\t\t<div class=\"blockG\" id=\"rotateG_01\"><\/div>\n\t\t\t\t<div class=\"blockG\" id=\"rotateG_02\"><\/div>\n\t\t\t\t<div class=\"blockG\" id=\"rotateG_03\"><\/div>\n\t\t\t\t<div class=\"blockG\" id=\"rotateG_04\"><\/div>\n\t\t\t\t<div class=\"blockG\" id=\"rotateG_05\"><\/div>\n\t\t\t\t<div class=\"blockG\" id=\"rotateG_06\"><\/div>\n\t\t\t\t<div class=\"blockG\" id=\"rotateG_07\"><\/div>\n\t\t\t\t<div class=\"blockG\" id=\"rotateG_08\"><\/div>\n\t\t\t<\/div>\n\t\t\t<div class=\"WooZone-cross-sell-loader-text\"><\/div>\n\t\t<\/div>\n\t<\/div>\n\n\t\t\n<\/div>\n<div style=\"clear:both;\"><\/div>\n","protected":false},"excerpt":{"rendered":"in gewohnt bester Qualit\u00e4t\n\u00fcberzeugender Geschmack\nin abwechslungsreichen Sorten","protected":false},"featured_media":6107,"comment_status":"open","ping_status":"closed","template":"","meta":[],"product_cat":[64,58],"product_tag":[],"_links":{"self":[{"href":"https:\/\/food-shop.org\/index.php?rest_route=\/wp\/v2\/product\/6106"}],"collection":[{"href":"https:\/\/food-shop.org\/index.php?rest_route=\/wp\/v2\/product"}],"about":[{"href":"https:\/\/food-shop.org\/index.php?rest_route=\/wp\/v2\/types\/product"}],"replies":[{"embeddable":true,"href":"https:\/\/food-shop.org\/index.php?rest_route=%2Fwp%2Fv2%2Fcomments&post=6106"}],"wp:featuredmedia":[{"embeddable":true,"href":"https:\/\/food-shop.org\/index.php?rest_route=\/wp\/v2\/media\/6107"}],"wp:attachment":[{"href":"https:\/\/food-shop.org\/index.php?rest_route=%2Fwp%2Fv2%2Fmedia&parent=6106"}],"wp:term":[{"taxonomy":"product_cat","embeddable":true,"href":"https:\/\/food-shop.org\/index.php?rest_route=%2Fwp%2Fv2%2Fproduct_cat&post=6106"},{"taxonomy":"product_tag","embeddable":true,"href":"https:\/\/food-shop.org\/index.php?rest_route=%2Fwp%2Fv2%2Fproduct_tag&post=6106"}],"curies":[{"name":"wp","href":"https:\/\/api.w.org\/{rel}","templated":true}]}}