{"id":6076,"date":"2020-08-31T11:30:28","date_gmt":"2020-08-31T11:30:28","guid":{"rendered":"https:\/\/food-shop.org\/?product=erasco-luebecker-hochzeitssuppe-3er-pack-3-x-390-ml-dose"},"modified":"2023-04-09T17:19:19","modified_gmt":"2023-04-09T17:19:19","slug":"erasco-luebecker-hochzeitssuppe-3er-pack-3-x-390-ml-dose","status":"publish","type":"product","link":"https:\/\/food-shop.org\/?product=erasco-luebecker-hochzeitssuppe-3er-pack-3-x-390-ml-dose","title":{"rendered":"Erasco L\u00fcbecker Hochzeitssuppe , 3er Pack (3 x 390 ml Dose)"},"content":{"rendered":"<p><!-- show up to 2 reviews by default --> <\/p>\n<h3>Produktbeschreibungen<\/h3>\n<p>Inhaltsstoffe \/ Zutaten: Wasser, 9,9% Gem\u00fcse (M\u00f6hren, Kohlrabi, Spargel, Erbsen, Porree), 5,2% Fleischkl\u00f6\u00dfchen (Schweinefleisch zum Teil fein zerkleinert, Wasser, St\u00e4rke, Salz, Zwiebeln, Gew\u00fcrze), 2,2% EIERSTICH (VOLLEI, Wasser, Salz, Verdickungsmittel: Carrageen, Gew\u00fcrzextrakte, modifizierte Kartoffelst\u00e4rke), Sternchennudeln (HARTWEIZENGRIE\u00df, H\u00dcHNEREIWEI\u00df), H\u00fchnerfett, Zucker, Jodsalz, Kr\u00e4uter, Aroma (enth\u00e4lt SOJA, MILCH, SELLERIE), MILCHZUCKER, Farbstoff: Riboflavine, Verdickungsmittel: Guarkernmehl, Geschmacksverst\u00e4rker: Mononatriumglutamat, Dinatriumguanylat, Dinatrium-5-ribonucleodid und Dinatriuminosinat.; 1.1. Gebrauchsanweisung: Herd: Inhalt langsam im Topf erw\u00e4rmen, gelegentlich umr\u00fchren. Mikrowelle: Inhalt in eine geeignete Schale geben und erw\u00e4rmen. 600 W ca. 4 Min.; <\/p>\n<h3>Inhaltsstoffe \/ Zutaten<\/h3>\n<p>Zutaten: Wasser, 9,3% Gem\u00fcse (M\u00f6hren, Kohlrabi, Spargel, Erbsen, Porree), gekochte Nudeln (HARTWEIZENGRIE\u00df (GLUTEN), Wasser, H\u00dcHNEREIWEI\u00df), 5,2% Fleischkl\u00f6\u00dfchen (Schweinefleisch zum Teil fein zerkleinert, Wasser, St\u00e4rke, Salz, Zwiebeln, Gew\u00fcrze), 2,2% EIERSTICH (59% VOLLEI, Wasser, MAGERMILCHPULVER, modifizierte Kartoffelst\u00e4rke, Verdickungsmittel: Carrageen, Salz, Gew\u00fcrzextrakte), H\u00fchnerfett, Salz, Kochsalzersatz (Kaliumchlorid) Zucker, Aroma (enth\u00e4lt EI und SELLERIE), Petersilie, Zwiebelpulver, Dextrose, f\u00e4rbender M\u00f6hrenextrakt, Verdickungsmittel: Guarkernmehl. Kann Spuren von Soja und Senf enthalten. <\/p>\n<div data-a-expander-name=\"toggle_description\" class=\"a-row a-expander-container a-expander-extend-container\">\n<div class=\"a-expander-content a-expander-extend-content\">\n<h3>Gebrauchsanweisung<\/h3>\n<p>Herd: Inhalt langsam im Topf erw\u00e4rmen, gelegentlich umr\u00fchren. Mikrowelle: Inhalt in eine geeignete Schale geben und erw\u00e4rmen. 600 W ca. 4 Min. <\/p>\n<h3>Warnhinweise<\/h3>\n<p>Kann Spuren von Senf enthalten. <\/p>\n<h3>Anschrift Hersteller\/Importeur<\/h3>\n<p>Postfach 12 11 62, D-23532 L\u00fcbeck <\/p>\n<\/p><\/div>\n<p> <a href=\"void(0)\" data-action=\"a-expander-toggle\" class=\"a-expander-header a-declarative a-expander-extend-header\" data-a-expander-toggle=\"{\"><i class=\"a-icon a-icon-extender-expand\"><\/i><span class=\"a-expander-prompt\">Weitere Informationen<\/span><\/a> <\/div>\n<p>klassische L\u00fcbecker Hochzeitssuppe mit Gem\u00fcse und Fleischkl\u00f6sschen<br \/>\n<div class=\"main-cross-sell\" data-asin=\"B004CYI6LK\">\n\n\t<div class=\"WooZone-cross-sell-loader\">\n\t\t<div>\n\t\t\t<div id=\"floatingBarsG\">\n\t\t\t\t<div class=\"blockG\" id=\"rotateG_01\"><\/div>\n\t\t\t\t<div class=\"blockG\" id=\"rotateG_02\"><\/div>\n\t\t\t\t<div class=\"blockG\" id=\"rotateG_03\"><\/div>\n\t\t\t\t<div class=\"blockG\" id=\"rotateG_04\"><\/div>\n\t\t\t\t<div class=\"blockG\" id=\"rotateG_05\"><\/div>\n\t\t\t\t<div class=\"blockG\" id=\"rotateG_06\"><\/div>\n\t\t\t\t<div class=\"blockG\" id=\"rotateG_07\"><\/div>\n\t\t\t\t<div class=\"blockG\" id=\"rotateG_08\"><\/div>\n\t\t\t<\/div>\n\t\t\t<div class=\"WooZone-cross-sell-loader-text\"><\/div>\n\t\t<\/div>\n\t<\/div>\n\n\t\t\n<\/div>\n<div style=\"clear:both;\"><\/div>\n","protected":false},"excerpt":{"rendered":"klassische L\u00fcbecker Hochzeitssuppe mit Gem\u00fcse und Fleischkl\u00f6sschen","protected":false},"featured_media":6077,"comment_status":"open","ping_status":"closed","template":"","meta":[],"product_cat":[64,58],"product_tag":[],"_links":{"self":[{"href":"https:\/\/food-shop.org\/index.php?rest_route=\/wp\/v2\/product\/6076"}],"collection":[{"href":"https:\/\/food-shop.org\/index.php?rest_route=\/wp\/v2\/product"}],"about":[{"href":"https:\/\/food-shop.org\/index.php?rest_route=\/wp\/v2\/types\/product"}],"replies":[{"embeddable":true,"href":"https:\/\/food-shop.org\/index.php?rest_route=%2Fwp%2Fv2%2Fcomments&post=6076"}],"wp:featuredmedia":[{"embeddable":true,"href":"https:\/\/food-shop.org\/index.php?rest_route=\/wp\/v2\/media\/6077"}],"wp:attachment":[{"href":"https:\/\/food-shop.org\/index.php?rest_route=%2Fwp%2Fv2%2Fmedia&parent=6076"}],"wp:term":[{"taxonomy":"product_cat","embeddable":true,"href":"https:\/\/food-shop.org\/index.php?rest_route=%2Fwp%2Fv2%2Fproduct_cat&post=6076"},{"taxonomy":"product_tag","embeddable":true,"href":"https:\/\/food-shop.org\/index.php?rest_route=%2Fwp%2Fv2%2Fproduct_tag&post=6076"}],"curies":[{"name":"wp","href":"https:\/\/api.w.org\/{rel}","templated":true}]}}