{"id":6036,"date":"2020-08-31T11:30:12","date_gmt":"2020-08-31T11:30:12","guid":{"rendered":"https:\/\/food-shop.org\/?product=buss-paprika-reistopf-6er-pack-6-x-800-g"},"modified":"2023-04-09T17:19:19","modified_gmt":"2023-04-09T17:19:19","slug":"buss-paprika-reistopf-6er-pack-6-x-800-g","status":"publish","type":"product","link":"https:\/\/food-shop.org\/?product=buss-paprika-reistopf-6er-pack-6-x-800-g","title":{"rendered":"Buss Paprika-Reistopf, 6er Pack (6 x 800 g)"},"content":{"rendered":"<p><!-- show up to 2 reviews by default --> <\/p>\n<h3>Produktbeschreibung<\/h3>\n<p>Ein herzhafter Eintopf aus Reis, Tomaten, Paprika und Zwiebeln <\/p>\n<h3>Inhaltsstoffe \/ Zutaten<\/h3>\n<p>Zutaten: Wasser, Tomatenmark, Gem\u00fcse (Tomaten, 9% Paprika, Zwiebeln), Reis, Zucker, Salz, Raps\u00f6l, modifizierte St\u00e4rke, WEIZENMEHL, Hefeextrakt, Gew\u00fcrze (enthalten SENF), Branntweinessig, Verdickungsmittel Guarkernmehl, Aromen (enthalten EI, SOJA, MILCH, SELLERIE, SENF). <\/p>\n<div data-a-expander-name=\"toggle_description\" class=\"a-row a-expander-container a-expander-extend-container\">\n<div class=\"a-expander-content a-expander-extend-content\">\n<h3>Gebrauchsanweisung<\/h3>\n<p>Wir empfehlen die Zubereitung in der Mikrowelle: Doseninhalt in mikrowellengeeignetes Geschirr f\u00fcllen, mit mikrowellengeeignetem Geschirr abdecken und ca. 6 Minuten (600 Watt) je nach Ger\u00e4teleistung erw\u00e4rmen. Zwischendurch und zum Schluss umr\u00fchren. Bitte beachten Sie die Angaben des Ger\u00e4teherstellers.Zubereitung im Kochtopf: Doseninhalt langsam in einem Topf bei mittlerer Hitze erw\u00e4rmen. Ab und zu umr\u00fchren! Nicht kochen! <\/p>\n<h3>Anschrift Hersteller\/Importeur<\/h3>\n<p>D-28870 Ottersberg, <\/p>\n<\/p><\/div>\n<p> <a href=\"void(0)\" data-action=\"a-expander-toggle\" class=\"a-expander-header a-declarative a-expander-extend-header\" data-a-expander-toggle=\"{\"><i class=\"a-icon a-icon-extender-expand\"><\/i><span class=\"a-expander-prompt\">Weitere Informationen<\/span><\/a> <\/div>\n<p>Ein hochwertiger Eintopf f\u00fcr den schnellen Genuss.<br \/>\nSchnell und einfach zuzubereiten.<br \/>\nIdeal f\u00fcr die Bevorratung<br \/>\nF\u00fcr Kochtopf oder Mikrowelle<br \/>\n6 Dosen im Karton<br \/>\n<div class=\"main-cross-sell\" data-asin=\"B01M69QRRF\">\n\n\t<div class=\"WooZone-cross-sell-loader\">\n\t\t<div>\n\t\t\t<div id=\"floatingBarsG\">\n\t\t\t\t<div class=\"blockG\" id=\"rotateG_01\"><\/div>\n\t\t\t\t<div class=\"blockG\" id=\"rotateG_02\"><\/div>\n\t\t\t\t<div class=\"blockG\" id=\"rotateG_03\"><\/div>\n\t\t\t\t<div class=\"blockG\" id=\"rotateG_04\"><\/div>\n\t\t\t\t<div class=\"blockG\" id=\"rotateG_05\"><\/div>\n\t\t\t\t<div class=\"blockG\" id=\"rotateG_06\"><\/div>\n\t\t\t\t<div class=\"blockG\" id=\"rotateG_07\"><\/div>\n\t\t\t\t<div class=\"blockG\" id=\"rotateG_08\"><\/div>\n\t\t\t<\/div>\n\t\t\t<div class=\"WooZone-cross-sell-loader-text\"><\/div>\n\t\t<\/div>\n\t<\/div>\n\n\t\t\n<\/div>\n<div style=\"clear:both;\"><\/div>\n","protected":false},"excerpt":{"rendered":"Ein hochwertiger Eintopf f\u00fcr den schnellen Genuss.\nSchnell und einfach zuzubereiten.\nIdeal f\u00fcr die Bevorratung","protected":false},"featured_media":6037,"comment_status":"open","ping_status":"closed","template":"","meta":[],"product_cat":[64,58],"product_tag":[],"_links":{"self":[{"href":"https:\/\/food-shop.org\/index.php?rest_route=\/wp\/v2\/product\/6036"}],"collection":[{"href":"https:\/\/food-shop.org\/index.php?rest_route=\/wp\/v2\/product"}],"about":[{"href":"https:\/\/food-shop.org\/index.php?rest_route=\/wp\/v2\/types\/product"}],"replies":[{"embeddable":true,"href":"https:\/\/food-shop.org\/index.php?rest_route=%2Fwp%2Fv2%2Fcomments&post=6036"}],"wp:featuredmedia":[{"embeddable":true,"href":"https:\/\/food-shop.org\/index.php?rest_route=\/wp\/v2\/media\/6037"}],"wp:attachment":[{"href":"https:\/\/food-shop.org\/index.php?rest_route=%2Fwp%2Fv2%2Fmedia&parent=6036"}],"wp:term":[{"taxonomy":"product_cat","embeddable":true,"href":"https:\/\/food-shop.org\/index.php?rest_route=%2Fwp%2Fv2%2Fproduct_cat&post=6036"},{"taxonomy":"product_tag","embeddable":true,"href":"https:\/\/food-shop.org\/index.php?rest_route=%2Fwp%2Fv2%2Fproduct_tag&post=6036"}],"curies":[{"name":"wp","href":"https:\/\/api.w.org\/{rel}","templated":true}]}}