{"id":5990,"date":"2020-08-31T11:29:53","date_gmt":"2020-08-31T11:29:53","guid":{"rendered":"https:\/\/food-shop.org\/?product=oekoland-erbsensuppe-6er-pack-6-x-400-g"},"modified":"2023-04-09T17:19:18","modified_gmt":"2023-04-09T17:19:18","slug":"oekoland-erbsensuppe-6er-pack-6-x-400-g","status":"publish","type":"product","link":"https:\/\/food-shop.org\/?product=oekoland-erbsensuppe-6er-pack-6-x-400-g","title":{"rendered":"\u00d6KOLAND Erbsensuppe, 6er Pack (6 x 400 g)"},"content":{"rendered":"<p><!-- show up to 2 reviews by default --> <\/p>\n<h3>Inhaltsstoffe \/ Zutaten<\/h3>\n<p>Trinkwasser, 23 % Erbsen, 8 % W\u00fcrstchenscheiben (Schweine- und Rindfleisch, Trinkwasser, Meersalz, Gew\u00fcrze (Pfeffer, Ingwer, K\u00fcmmel, Knoblauch, Koriander), Dextrose, Saitling, Rauch), Kartoffeln, Karotten, Lauch, Zwiebeln, Sonnenblumen\u00f6l, Sellerie, Steinsalz, Maisst\u00e4rke, Meersalz, Verdickungsmittel: Guarkernmehl, Rohrohrzucker, Oregano, Gew\u00fcrze Knoblauch, Pfeffer, Curcuma), Kr\u00e4uter (Petersilie, Liebst\u00f6ckel, Rosmarin). <\/p>\n<h3>Anschrift Hersteller\/Importeur<\/h3>\n<p>\u00d6koland GmbH NordVertriebsgesellschaft f\u00fcr \u00f6kologische Erzeugnisse, Georgstr. 3-5, 31515 Wunstorf <\/p>\n<p>\u00d6KOLAND, Erbsensuppe<br \/>\nEchter, leckerer Bio-Genuss auf h\u00f6chstem Niveau, \u00d6koland verspricht hochwertige Lebensmittel aus biologischen Rohstoffen mit exzellentem Geschmack.<br \/>\n<div class=\"main-cross-sell\" data-asin=\"B00OQPW63E\">\n\n\t<div class=\"WooZone-cross-sell-loader\">\n\t\t<div>\n\t\t\t<div id=\"floatingBarsG\">\n\t\t\t\t<div class=\"blockG\" id=\"rotateG_01\"><\/div>\n\t\t\t\t<div class=\"blockG\" id=\"rotateG_02\"><\/div>\n\t\t\t\t<div class=\"blockG\" id=\"rotateG_03\"><\/div>\n\t\t\t\t<div class=\"blockG\" id=\"rotateG_04\"><\/div>\n\t\t\t\t<div class=\"blockG\" id=\"rotateG_05\"><\/div>\n\t\t\t\t<div class=\"blockG\" id=\"rotateG_06\"><\/div>\n\t\t\t\t<div class=\"blockG\" id=\"rotateG_07\"><\/div>\n\t\t\t\t<div class=\"blockG\" id=\"rotateG_08\"><\/div>\n\t\t\t<\/div>\n\t\t\t<div class=\"WooZone-cross-sell-loader-text\"><\/div>\n\t\t<\/div>\n\t<\/div>\n\n\t\t\n<\/div>\n<div style=\"clear:both;\"><\/div>\n","protected":false},"excerpt":{"rendered":"\u00d6KOLAND, Erbsensuppe\nEchter, leckerer Bio-Genuss auf h\u00f6chstem Niveau, \u00d6koland verspricht hochwertige Lebensmittel aus biologischen Rohstoffen mit exzellentem Geschmack.","protected":false},"featured_media":5991,"comment_status":"open","ping_status":"closed","template":"","meta":[],"product_cat":[64,58],"product_tag":[],"_links":{"self":[{"href":"https:\/\/food-shop.org\/index.php?rest_route=\/wp\/v2\/product\/5990"}],"collection":[{"href":"https:\/\/food-shop.org\/index.php?rest_route=\/wp\/v2\/product"}],"about":[{"href":"https:\/\/food-shop.org\/index.php?rest_route=\/wp\/v2\/types\/product"}],"replies":[{"embeddable":true,"href":"https:\/\/food-shop.org\/index.php?rest_route=%2Fwp%2Fv2%2Fcomments&post=5990"}],"wp:featuredmedia":[{"embeddable":true,"href":"https:\/\/food-shop.org\/index.php?rest_route=\/wp\/v2\/media\/5991"}],"wp:attachment":[{"href":"https:\/\/food-shop.org\/index.php?rest_route=%2Fwp%2Fv2%2Fmedia&parent=5990"}],"wp:term":[{"taxonomy":"product_cat","embeddable":true,"href":"https:\/\/food-shop.org\/index.php?rest_route=%2Fwp%2Fv2%2Fproduct_cat&post=5990"},{"taxonomy":"product_tag","embeddable":true,"href":"https:\/\/food-shop.org\/index.php?rest_route=%2Fwp%2Fv2%2Fproduct_tag&post=5990"}],"curies":[{"name":"wp","href":"https:\/\/api.w.org\/{rel}","templated":true}]}}