{"id":5986,"date":"2020-08-31T11:29:52","date_gmt":"2020-08-31T11:29:52","guid":{"rendered":"https:\/\/food-shop.org\/?product=juergen-langbein-ochsenschwanz-suppe-6er-pack-6-x-400-ml"},"modified":"2023-04-09T17:19:18","modified_gmt":"2023-04-09T17:19:18","slug":"juergen-langbein-ochsenschwanz-suppe-6er-pack-6-x-400-ml","status":"publish","type":"product","link":"https:\/\/food-shop.org\/?product=juergen-langbein-ochsenschwanz-suppe-6er-pack-6-x-400-ml","title":{"rendered":"OCHSENSCHWANZ-SUPPE von J\u00fcrgen Langbein, 6x400ml"},"content":{"rendered":"<p><!-- show up to 2 reviews by default --> <\/p>\n<h3>Produktbeschreibung<\/h3>\n<p>Gebundener Rinder-Fond mit zarten Rindfleischst\u00fcckchen &#8211; kr\u00e4ftig und vollmundig im Geschmack eine feine Suppe f\u00fcr besondere Momente. Probieren Sie dazu feines K\u00e4segeb\u00e4ck! <\/p>\n<h3>Inhaltsstoffe \/ Zutaten<\/h3>\n<p>Zutaten: Wasser, Rindfleisch (8%), WEIZENmehl, Madeirawein (3%), Palmfett, Tomatenmark, modifizierte Maisst\u00e4rke, Speisest\u00e4rke, Speisesalz, Suppenkr\u00e4uter (Karotten, Pastinaken, Petersilie, Porree, SELLERIEbl\u00e4tter), Gew\u00fcrze (enth\u00e4lt SENF), Zucker, SELLERIE, Meerrettich, Zwiebelextrakt, S\u00e4uerungsmittel Citronens\u00e4ure, Farbstoff: Beta-Carotin, Paprikaextrakt, Zuckerkul\u00f6r; Geschmacksverst\u00e4rker: Mononatriumglutamat; Aroma (enth\u00e4lt SOJA, LACTOSE) <\/p>\n<div data-a-expander-name=\"toggle_description\" class=\"a-row a-expander-container a-expander-extend-container\">\n<div class=\"a-expander-content a-expander-extend-content\">\n<h3>Gebrauchsanweisung<\/h3>\n<p>Tafelfertig. Unter gelegentlichem R\u00fchren erw\u00e4rmen. <\/p>\n<h3>Anschrift Hersteller\/Importeur<\/h3>\n<p>Feldstra\u00dfe 7, 24568 Kaltenkirchen <\/p>\n<\/p><\/div>\n<p> <a href=\"void(0)\" data-action=\"a-expander-toggle\" class=\"a-expander-header a-declarative a-expander-extend-header\" data-a-expander-toggle=\"{\"><i class=\"a-icon a-icon-extender-expand\"><\/i><span class=\"a-expander-prompt\">Weitere Informationen<\/span><\/a> <\/div>\n<p>Rinder-Fond mit zarten Rindfleischst\u00fcckchen<br \/>\nMit Madeira verfeinert<br \/>\nTafelfertig, unter gelegentlichem R\u00fchren erhitzen<br \/>\nHandwerklich traditionelle Herstellung<br \/>\nFeine K\u00fcche J\u00fcrgen Langbein, D-25468 Kaltenkirchen<br \/>\n<div class=\"main-cross-sell\" data-asin=\"B07FMNYGTN\">\n\n\t<div class=\"WooZone-cross-sell-loader\">\n\t\t<div>\n\t\t\t<div id=\"floatingBarsG\">\n\t\t\t\t<div class=\"blockG\" id=\"rotateG_01\"><\/div>\n\t\t\t\t<div class=\"blockG\" id=\"rotateG_02\"><\/div>\n\t\t\t\t<div class=\"blockG\" id=\"rotateG_03\"><\/div>\n\t\t\t\t<div class=\"blockG\" id=\"rotateG_04\"><\/div>\n\t\t\t\t<div class=\"blockG\" id=\"rotateG_05\"><\/div>\n\t\t\t\t<div class=\"blockG\" id=\"rotateG_06\"><\/div>\n\t\t\t\t<div class=\"blockG\" id=\"rotateG_07\"><\/div>\n\t\t\t\t<div class=\"blockG\" id=\"rotateG_08\"><\/div>\n\t\t\t<\/div>\n\t\t\t<div class=\"WooZone-cross-sell-loader-text\"><\/div>\n\t\t<\/div>\n\t<\/div>\n\n\t\t\n<\/div>\n<div style=\"clear:both;\"><\/div>\n","protected":false},"excerpt":{"rendered":"Rinder-Fond mit zarten Rindfleischst\u00fcckchen\nMit Madeira verfeinert\nTafelfertig, unter gelegentlichem R\u00fchren erhitzen","protected":false},"featured_media":5987,"comment_status":"open","ping_status":"closed","template":"","meta":[],"product_cat":[64,58],"product_tag":[],"_links":{"self":[{"href":"https:\/\/food-shop.org\/index.php?rest_route=\/wp\/v2\/product\/5986"}],"collection":[{"href":"https:\/\/food-shop.org\/index.php?rest_route=\/wp\/v2\/product"}],"about":[{"href":"https:\/\/food-shop.org\/index.php?rest_route=\/wp\/v2\/types\/product"}],"replies":[{"embeddable":true,"href":"https:\/\/food-shop.org\/index.php?rest_route=%2Fwp%2Fv2%2Fcomments&post=5986"}],"wp:featuredmedia":[{"embeddable":true,"href":"https:\/\/food-shop.org\/index.php?rest_route=\/wp\/v2\/media\/5987"}],"wp:attachment":[{"href":"https:\/\/food-shop.org\/index.php?rest_route=%2Fwp%2Fv2%2Fmedia&parent=5986"}],"wp:term":[{"taxonomy":"product_cat","embeddable":true,"href":"https:\/\/food-shop.org\/index.php?rest_route=%2Fwp%2Fv2%2Fproduct_cat&post=5986"},{"taxonomy":"product_tag","embeddable":true,"href":"https:\/\/food-shop.org\/index.php?rest_route=%2Fwp%2Fv2%2Fproduct_tag&post=5986"}],"curies":[{"name":"wp","href":"https:\/\/api.w.org\/{rel}","templated":true}]}}