{"id":5982,"date":"2020-08-31T11:29:50","date_gmt":"2020-08-31T11:29:50","guid":{"rendered":"https:\/\/food-shop.org\/?product=heinz-tomato-soup-dose-6er-pack-6-x-400-g"},"modified":"2023-04-09T17:19:18","modified_gmt":"2023-04-09T17:19:18","slug":"heinz-tomato-soup-dose-6er-pack-6-x-400-g","status":"publish","type":"product","link":"https:\/\/food-shop.org\/?product=heinz-tomato-soup-dose-6er-pack-6-x-400-g","title":{"rendered":"Heinz Cream of Tomato Soup \u2013 Leckere Tomatensuppe nach original englischem Rezept \u2013 6 x 400 g"},"content":{"rendered":"<p><!-- show up to 2 reviews by default --> <\/p>\n<h3>Inhaltsstoffe \/ Zutaten<\/h3>\n<p>Zutaten: Tomaten 89%, Wasser, modifizierte St\u00e4rke, Zucker, Raps\u00f6l, MAGERMILCHPULVER, Speisesalz, Sahne (MILCH), Molkeneiwei\u00df (MILCH), S\u00e4uerungsmittel (Citronens\u00e4ure), Gew\u00fcrzextrakte, Kr\u00e4uterextrakte. <\/p>\n<h3>Gebrauchsanweisung<\/h3>\n<p>Regenerierfertig: durch W\u00e4rmezufuhr fertig machen. <\/p>\n<div data-a-expander-name=\"toggle_description\" class=\"a-row a-expander-container a-expander-extend-container\">\n<div class=\"a-expander-content a-expander-extend-content\">\n<h3>Rechtliche Hinweise<\/h3>\n<p>Englisher Beschriftung <\/p>\n<h3>Anschrift Hersteller\/Importeur<\/h3>\n<p>Erkrather Str. 228b 40233 D\u00fcsseldorf <\/p>\n<\/p><\/div>\n<p> <a href=\"void(0)\" data-action=\"a-expander-toggle\" class=\"a-expander-header a-declarative a-expander-extend-header\" data-a-expander-toggle=\"{\"><i class=\"a-icon a-icon-extender-expand\"><\/i><span class=\"a-expander-prompt\">Weitere Informationen<\/span><\/a> <\/div>\n<p>Cremig-sahnige Tomatensuppe nach original englischer Heinz Kultrezeptur. Servierfertig und Cook &amp; Chill geeignet.<br \/>\nTomaten Creme Suppe<br \/>\n<div class=\"main-cross-sell\" data-asin=\"B013T7NFIE\">\n\n\t<div class=\"WooZone-cross-sell-loader\">\n\t\t<div>\n\t\t\t<div id=\"floatingBarsG\">\n\t\t\t\t<div class=\"blockG\" id=\"rotateG_01\"><\/div>\n\t\t\t\t<div class=\"blockG\" id=\"rotateG_02\"><\/div>\n\t\t\t\t<div class=\"blockG\" id=\"rotateG_03\"><\/div>\n\t\t\t\t<div class=\"blockG\" id=\"rotateG_04\"><\/div>\n\t\t\t\t<div class=\"blockG\" id=\"rotateG_05\"><\/div>\n\t\t\t\t<div class=\"blockG\" id=\"rotateG_06\"><\/div>\n\t\t\t\t<div class=\"blockG\" id=\"rotateG_07\"><\/div>\n\t\t\t\t<div class=\"blockG\" id=\"rotateG_08\"><\/div>\n\t\t\t<\/div>\n\t\t\t<div class=\"WooZone-cross-sell-loader-text\"><\/div>\n\t\t<\/div>\n\t<\/div>\n\n\t\t\n<\/div>\n<div style=\"clear:both;\"><\/div>\n","protected":false},"excerpt":{"rendered":"Cremig-sahnige Tomatensuppe nach original englischer Heinz Kultrezeptur. Servierfertig und Cook &amp; Chill geeignet.\nTomaten Creme Suppe","protected":false},"featured_media":5983,"comment_status":"open","ping_status":"closed","template":"","meta":[],"product_cat":[64,58],"product_tag":[],"_links":{"self":[{"href":"https:\/\/food-shop.org\/index.php?rest_route=\/wp\/v2\/product\/5982"}],"collection":[{"href":"https:\/\/food-shop.org\/index.php?rest_route=\/wp\/v2\/product"}],"about":[{"href":"https:\/\/food-shop.org\/index.php?rest_route=\/wp\/v2\/types\/product"}],"replies":[{"embeddable":true,"href":"https:\/\/food-shop.org\/index.php?rest_route=%2Fwp%2Fv2%2Fcomments&post=5982"}],"wp:featuredmedia":[{"embeddable":true,"href":"https:\/\/food-shop.org\/index.php?rest_route=\/wp\/v2\/media\/5983"}],"wp:attachment":[{"href":"https:\/\/food-shop.org\/index.php?rest_route=%2Fwp%2Fv2%2Fmedia&parent=5982"}],"wp:term":[{"taxonomy":"product_cat","embeddable":true,"href":"https:\/\/food-shop.org\/index.php?rest_route=%2Fwp%2Fv2%2Fproduct_cat&post=5982"},{"taxonomy":"product_tag","embeddable":true,"href":"https:\/\/food-shop.org\/index.php?rest_route=%2Fwp%2Fv2%2Fproduct_tag&post=5982"}],"curies":[{"name":"wp","href":"https:\/\/api.w.org\/{rel}","templated":true}]}}