{"id":5978,"date":"2020-08-31T11:29:49","date_gmt":"2020-08-31T11:29:49","guid":{"rendered":"https:\/\/food-shop.org\/?product=erasco-huehner-reis-topf-3er-pack-3-x-400-g"},"modified":"2023-04-09T17:19:18","modified_gmt":"2023-04-09T17:19:18","slug":"erasco-huehner-reis-topf-3er-pack-3-x-400-g","status":"publish","type":"product","link":"https:\/\/food-shop.org\/?product=erasco-huehner-reis-topf-3er-pack-3-x-400-g","title":{"rendered":"Erasco H\u00fchner Reis-Topf, 3er Pack (3 x 400 g)"},"content":{"rendered":"<p><!-- show up to 2 reviews by default --> <\/p>\n<h3>Produktbeschreibung<\/h3>\n<p>Mit frischen M\u00f6hren. Hei\u00df auf Reis: Unser Erasco H\u00fchner-Reistopf ist herrlich lecker und wird aus k\u00f6stlichem Reis, ausgew\u00e4hltem H\u00fchnerfleisch und feinem Gem\u00fcse, wie M\u00f6hren, Lauch und Erbsen, schonend zubereitet. <\/p>\n<h3>Inhaltsstoffe \/ Zutaten<\/h3>\n<p>Zutaten: Wasser, 30% Reis, 7% Gem\u00fcse (M\u00f6hren, Porree, Erbsen), 4,7% gegartes H\u00fchnerfleisch (H\u00fchnerfleisch, Salz), H\u00fchnerfett, Salz, Aromen (enth\u00e4lt EI und SELLERIE), Kr\u00e4uter, Dextrose, f\u00e4rbender M\u00f6hrenextrakt, Verdickungsmitttel: Guarkernmehl. Kann Spuren von Weizen (Gluten), Milch, Soja und Senf enthalten. <\/p>\n<div data-a-expander-name=\"toggle_description\" class=\"a-row a-expander-container a-expander-extend-container\">\n<div class=\"a-expander-content a-expander-extend-content\">\n<h3>Gebrauchsanweisung<\/h3>\n<\/p>\n<ul>\n<li>Inhalt in eine geeignete Schale geben und erw\u00e4rmen. 600 W ca. 4 Min.<\/li>\n<li>Inhalt langsam im Topf erw\u00e4rmen, gelegentlich umr\u00fchren.<\/li>\n<\/ul>\n<h3>Anschrift Hersteller\/Importeur<\/h3>\n<p>Postfach 12 11 62, D-23532 L\u00fcbeck <\/p>\n<\/p><\/div>\n<p> <a href=\"void(0)\" data-action=\"a-expander-toggle\" class=\"a-expander-header a-declarative a-expander-extend-header\" data-a-expander-toggle=\"{\"><i class=\"a-icon a-icon-extender-expand\"><\/i><span class=\"a-expander-prompt\">Weitere Informationen<\/span><\/a> <\/div>\n<p>mit erlesenem Langkornreis<br \/>\nohne geschmacksverst\u00e4rkende Zusatzstoffe<br \/>\nohne k\u00fcnstliche Farbstoffe<br \/>\nohne Gentechnik<br \/>\nohne Konservierungsstoffe, laut Gesetz<br \/>\n<div class=\"main-cross-sell\" data-asin=\"B01BY0XM1S\">\n\n\t<div class=\"WooZone-cross-sell-loader\">\n\t\t<div>\n\t\t\t<div id=\"floatingBarsG\">\n\t\t\t\t<div class=\"blockG\" id=\"rotateG_01\"><\/div>\n\t\t\t\t<div class=\"blockG\" id=\"rotateG_02\"><\/div>\n\t\t\t\t<div class=\"blockG\" id=\"rotateG_03\"><\/div>\n\t\t\t\t<div class=\"blockG\" id=\"rotateG_04\"><\/div>\n\t\t\t\t<div class=\"blockG\" id=\"rotateG_05\"><\/div>\n\t\t\t\t<div class=\"blockG\" id=\"rotateG_06\"><\/div>\n\t\t\t\t<div class=\"blockG\" id=\"rotateG_07\"><\/div>\n\t\t\t\t<div class=\"blockG\" id=\"rotateG_08\"><\/div>\n\t\t\t<\/div>\n\t\t\t<div class=\"WooZone-cross-sell-loader-text\"><\/div>\n\t\t<\/div>\n\t<\/div>\n\n\t\t\n<\/div>\n<div style=\"clear:both;\"><\/div>\n","protected":false},"excerpt":{"rendered":"mit erlesenem Langkornreis\nohne geschmacksverst\u00e4rkende Zusatzstoffe\nohne k\u00fcnstliche Farbstoffe","protected":false},"featured_media":5979,"comment_status":"open","ping_status":"closed","template":"","meta":[],"product_cat":[64,58],"product_tag":[],"_links":{"self":[{"href":"https:\/\/food-shop.org\/index.php?rest_route=\/wp\/v2\/product\/5978"}],"collection":[{"href":"https:\/\/food-shop.org\/index.php?rest_route=\/wp\/v2\/product"}],"about":[{"href":"https:\/\/food-shop.org\/index.php?rest_route=\/wp\/v2\/types\/product"}],"replies":[{"embeddable":true,"href":"https:\/\/food-shop.org\/index.php?rest_route=%2Fwp%2Fv2%2Fcomments&post=5978"}],"wp:featuredmedia":[{"embeddable":true,"href":"https:\/\/food-shop.org\/index.php?rest_route=\/wp\/v2\/media\/5979"}],"wp:attachment":[{"href":"https:\/\/food-shop.org\/index.php?rest_route=%2Fwp%2Fv2%2Fmedia&parent=5978"}],"wp:term":[{"taxonomy":"product_cat","embeddable":true,"href":"https:\/\/food-shop.org\/index.php?rest_route=%2Fwp%2Fv2%2Fproduct_cat&post=5978"},{"taxonomy":"product_tag","embeddable":true,"href":"https:\/\/food-shop.org\/index.php?rest_route=%2Fwp%2Fv2%2Fproduct_tag&post=5978"}],"curies":[{"name":"wp","href":"https:\/\/api.w.org\/{rel}","templated":true}]}}