{"id":5974,"date":"2020-08-31T11:25:28","date_gmt":"2020-08-31T11:25:28","guid":{"rendered":"https:\/\/food-shop.org\/?product=sokolow-konserwa-golonka-wieprzowa-premium-300g"},"modified":"2023-04-09T17:19:18","modified_gmt":"2023-04-09T17:19:18","slug":"sokolow-konserwa-golonka-wieprzowa-premium-300g","status":"publish","type":"product","link":"https:\/\/food-shop.org\/?product=sokolow-konserwa-golonka-wieprzowa-premium-300g","title":{"rendered":"SOKOLOW konserwa Golonka wieprzowa Premium 300g"},"content":{"rendered":"<p><!-- show up to 2 reviews by default --> <\/p>\n<h3>Produktbeschreibungen<\/h3>\n<\/p>\n<p><strong>Schweinshaxe Premium 300g von Sokol\u00f3w<\/strong><\/p>\n<p>Konserve grob gehackt sterillisiert<\/p>\n<\/p>\n<h3>Inhaltsstoffe \/ Zutaten<\/h3>\n<p>Zutaten: Schweinefleisch (86%), Wasser, Speisesalz, Stabilisatoren: Triphosphate, Zukier, Gw\u00fcrze (mit SENF) Antioxidationsmittel: Natriumascorbat, Konservierungsstoff : Natriumnitrit. An einem trockenen Ort lagern, bei eine Temperatur von +1\u00b0C bis +25\u00b0C. Nach dem \u00d6ffnen im K\u00fchlschrank aufbewahren und innerhalb von 24 Stunden verzehren. Mindestens haltbar bis: siehe auf der Verpackung, unten. <\/p>\n<p>Schweinshaxe Premium 300g von Sokol\u00f3w I Ein original polnisches Produkt aus der Kategorie: Polnische Brotaufstriche Pasteten und Fleischkonseven<br \/>\nIn unserem H\u00e4ndlershop finden Sie \u00fcber 2000 Produkte. Polnische Lebensmittel, schlesische Spezialit\u00e4ten, Kosmetik und vieles mehr.<br \/>\nProfitieren Sie von unserer langj\u00e4hrigen Erfahrung und der professionellen Bearbeitung Ihrer Bestellung<br \/>\nDie Zutaten finden Sie in dieser Beschreibung und auf dem Produkt, u.U. als Zusatzaufkleber.<br \/>\n<div class=\"main-cross-sell\" data-asin=\"B07RPB8KB9\">\n\n\t<div class=\"WooZone-cross-sell-loader\">\n\t\t<div>\n\t\t\t<div id=\"floatingBarsG\">\n\t\t\t\t<div class=\"blockG\" id=\"rotateG_01\"><\/div>\n\t\t\t\t<div class=\"blockG\" id=\"rotateG_02\"><\/div>\n\t\t\t\t<div class=\"blockG\" id=\"rotateG_03\"><\/div>\n\t\t\t\t<div class=\"blockG\" id=\"rotateG_04\"><\/div>\n\t\t\t\t<div class=\"blockG\" id=\"rotateG_05\"><\/div>\n\t\t\t\t<div class=\"blockG\" id=\"rotateG_06\"><\/div>\n\t\t\t\t<div class=\"blockG\" id=\"rotateG_07\"><\/div>\n\t\t\t\t<div class=\"blockG\" id=\"rotateG_08\"><\/div>\n\t\t\t<\/div>\n\t\t\t<div class=\"WooZone-cross-sell-loader-text\"><\/div>\n\t\t<\/div>\n\t<\/div>\n\n\t\t\n<\/div>\n<div style=\"clear:both;\"><\/div>\n","protected":false},"excerpt":{"rendered":"Schweinshaxe Premium 300g von Sokol\u00f3w I Ein original polnisches Produkt aus der Kategorie: Polnische Brotaufstriche Pasteten und Fleischkonseven\nIn unserem H\u00e4ndlershop finden Sie \u00fcber 2000 Produkte. Polnische Lebensmittel, schlesische Spezialit\u00e4ten, Kosmetik und vieles mehr.\nProfitieren Sie von unserer langj\u00e4hrigen Erfahrung und der professionellen Bearbeitung Ihrer Bestellung","protected":false},"featured_media":5975,"comment_status":"open","ping_status":"closed","template":"","meta":[],"product_cat":[64,58],"product_tag":[],"_links":{"self":[{"href":"https:\/\/food-shop.org\/index.php?rest_route=\/wp\/v2\/product\/5974"}],"collection":[{"href":"https:\/\/food-shop.org\/index.php?rest_route=\/wp\/v2\/product"}],"about":[{"href":"https:\/\/food-shop.org\/index.php?rest_route=\/wp\/v2\/types\/product"}],"replies":[{"embeddable":true,"href":"https:\/\/food-shop.org\/index.php?rest_route=%2Fwp%2Fv2%2Fcomments&post=5974"}],"wp:featuredmedia":[{"embeddable":true,"href":"https:\/\/food-shop.org\/index.php?rest_route=\/wp\/v2\/media\/5975"}],"wp:attachment":[{"href":"https:\/\/food-shop.org\/index.php?rest_route=%2Fwp%2Fv2%2Fmedia&parent=5974"}],"wp:term":[{"taxonomy":"product_cat","embeddable":true,"href":"https:\/\/food-shop.org\/index.php?rest_route=%2Fwp%2Fv2%2Fproduct_cat&post=5974"},{"taxonomy":"product_tag","embeddable":true,"href":"https:\/\/food-shop.org\/index.php?rest_route=%2Fwp%2Fv2%2Fproduct_tag&post=5974"}],"curies":[{"name":"wp","href":"https:\/\/api.w.org\/{rel}","templated":true}]}}