{"id":5964,"date":"2020-08-31T11:25:20","date_gmt":"2020-08-31T11:25:20","guid":{"rendered":"https:\/\/food-shop.org\/?product=dreistern-2-paprikaschoten-fleischfuellung-1-x-800-g-ringpulldose"},"modified":"2023-04-09T17:19:17","modified_gmt":"2023-04-09T17:19:17","slug":"dreistern-2-paprikaschoten-fleischfuellung-1-x-800-g-ringpulldose","status":"publish","type":"product","link":"https:\/\/food-shop.org\/?product=dreistern-2-paprikaschoten-fleischfuellung-1-x-800-g-ringpulldose","title":{"rendered":"Dreistern 2 Gef\u00fcllte Paprikaschoten, 800 g"},"content":{"rendered":"<p><!-- show up to 2 reviews by default --> <\/p>\n<p>Dreistern Paprikaschoten 800g 2 Paprikaschoten mit feiner Fleischf\u00fcllung in pikanter Sauce bestehend aus 50% Gem\u00fcsepaprika, 35% Schweinefleisch N\u00e4hrwertangaben je 100 g (unzubereitet) Energie in kJ \/ kcal 473 \/ 114 Fett (in g) 7,6 davon ges\u00e4ttigte Fetts\u00e4uren 3,1 davon einfach unges\u00e4ttigte Fetts\u00e4uren &#8211; davon mehrfach unges\u00e4ttigte Fetts\u00e4uren &#8211; Kohlenhydrate (in g) 5,9 davon Zucker 3,1 davon mehrwertige Alkohole &#8211; davon St\u00e4rke &#8211; Ballaststoffe (in g) &#8211; Eiwei\u00df (in g) 4,9 Salz (in g) 1,2 Verantwortliches Lebensmittelunternehmen: DREISTERN-Konserven GmbH &amp; Co KG Philipp-Oehmigke-Str. 4 16816 Neuruppin <\/p>\n<p>2 Paprikaschoten mit feiner Fleischf\u00fcllung in pikanter Sauce<br \/>\n<div class=\"main-cross-sell\" data-asin=\"B07YRWC5Q7\">\n\n\t<div class=\"WooZone-cross-sell-loader\">\n\t\t<div>\n\t\t\t<div id=\"floatingBarsG\">\n\t\t\t\t<div class=\"blockG\" id=\"rotateG_01\"><\/div>\n\t\t\t\t<div class=\"blockG\" id=\"rotateG_02\"><\/div>\n\t\t\t\t<div class=\"blockG\" id=\"rotateG_03\"><\/div>\n\t\t\t\t<div class=\"blockG\" id=\"rotateG_04\"><\/div>\n\t\t\t\t<div class=\"blockG\" id=\"rotateG_05\"><\/div>\n\t\t\t\t<div class=\"blockG\" id=\"rotateG_06\"><\/div>\n\t\t\t\t<div class=\"blockG\" id=\"rotateG_07\"><\/div>\n\t\t\t\t<div class=\"blockG\" id=\"rotateG_08\"><\/div>\n\t\t\t<\/div>\n\t\t\t<div class=\"WooZone-cross-sell-loader-text\"><\/div>\n\t\t<\/div>\n\t<\/div>\n\n\t\t\n<\/div>\n<div style=\"clear:both;\"><\/div>\n","protected":false},"excerpt":{"rendered":"2 Paprikaschoten mit feiner Fleischf\u00fcllung in pikanter Sauce","protected":false},"featured_media":5965,"comment_status":"open","ping_status":"closed","template":"","meta":[],"product_cat":[64,58],"product_tag":[],"_links":{"self":[{"href":"https:\/\/food-shop.org\/index.php?rest_route=\/wp\/v2\/product\/5964"}],"collection":[{"href":"https:\/\/food-shop.org\/index.php?rest_route=\/wp\/v2\/product"}],"about":[{"href":"https:\/\/food-shop.org\/index.php?rest_route=\/wp\/v2\/types\/product"}],"replies":[{"embeddable":true,"href":"https:\/\/food-shop.org\/index.php?rest_route=%2Fwp%2Fv2%2Fcomments&post=5964"}],"wp:featuredmedia":[{"embeddable":true,"href":"https:\/\/food-shop.org\/index.php?rest_route=\/wp\/v2\/media\/5965"}],"wp:attachment":[{"href":"https:\/\/food-shop.org\/index.php?rest_route=%2Fwp%2Fv2%2Fmedia&parent=5964"}],"wp:term":[{"taxonomy":"product_cat","embeddable":true,"href":"https:\/\/food-shop.org\/index.php?rest_route=%2Fwp%2Fv2%2Fproduct_cat&post=5964"},{"taxonomy":"product_tag","embeddable":true,"href":"https:\/\/food-shop.org\/index.php?rest_route=%2Fwp%2Fv2%2Fproduct_tag&post=5964"}],"curies":[{"name":"wp","href":"https:\/\/api.w.org\/{rel}","templated":true}]}}