{"id":5956,"date":"2020-08-31T11:25:16","date_gmt":"2020-08-31T11:25:16","guid":{"rendered":"https:\/\/food-shop.org\/?product=eifeler-paprika-gulasch-1er-pack-1-x-400-g"},"modified":"2023-04-09T17:19:17","modified_gmt":"2023-04-09T17:19:17","slug":"eifeler-paprika-gulasch-1er-pack-1-x-400-g","status":"publish","type":"product","link":"https:\/\/food-shop.org\/?product=eifeler-paprika-gulasch-1er-pack-1-x-400-g","title":{"rendered":"Eifeler Paprika Gulasch, 1er Pack (1 x 400 g)"},"content":{"rendered":"<p><!-- show up to 2 reviews by default --> <\/p>\n<h3>Produktbeschreibung<\/h3>\n<p>Eifel Paprika Gulasch ungarische Art ist ein leckeres Fertiggericht in der Dose aus Schweinefleisch. <\/p>\n<h3>Inhaltsstoffe \/ Zutaten<\/h3>\n<p>Zutaten: Schweinefleisch (55%), Trinkwasser, Paprika (11%), passierte Tomaten, Tomatenmark 2-fach konzentriert, Raps\u00f6l, Gew\u00fcrze, jodiertes Speisesalz (Speisesalz, Kaliumjodat), modifizierte St\u00e4rke, Gew\u00fcrzextrakte, Dextrose, Karamellzucker, Kr\u00e4uter, Verdickungsmittel: Guarkernmehl. <\/p>\n<div data-a-expander-name=\"toggle_description\" class=\"a-row a-expander-container a-expander-extend-container\">\n<div class=\"a-expander-content a-expander-extend-content\">\n<h3>Gebrauchsanweisung<\/h3>\n<p>im Topf langsam erhitzen und regelm\u00e4ssig umr\u00fchren, oder in mikrowellengeeignetes Geschirr umf\u00fcllen und erhitzen (ca. 4 Minuten bei 600 Watt), mehrmals umr\u00fchren Gewichtsverlust durch Erhitzen <\/p>\n<h3>Rechtliche Hinweise<\/h3>\n<p>Hersteller: Eifeler Fleischwaren Ludwig Babendererde GmbH &#8211; Oberbettinger Str. 27 &#8211; D-54587 Lissendorf || N\u00e4hrwertdeklaration: Durchschnittliche N\u00e4hrwerte je 100 g Brennwert:527 kJ\/ 126 kcal Fett:6,7 g davon: &#8211; ges\u00e4ttigte Fetts\u00e4uren:1,8 g Kohlenhydrate:4,6 g davon: &#8211; Zucker: 2,7 g Eiwei\u00df:11,8 g Salz:1,18 g <\/p>\n<h3>Anschrift Hersteller\/Importeur<\/h3>\n<p>Oberbettinger Str. 27, D-54587 Lissendorf <\/p>\n<\/p><\/div>\n<p> <a href=\"void(0)\" data-action=\"a-expander-toggle\" class=\"a-expander-header a-declarative a-expander-extend-header\" data-a-expander-toggle=\"{\"><i class=\"a-icon a-icon-extender-expand\"><\/i><span class=\"a-expander-prompt\">Weitere Informationen<\/span><\/a> <\/div>\n<p>Eifel Paprika Gulasch ungarische Art<br \/>\nGulasch vom Schwein<br \/>\nFertiggericht in der Konservendose<br \/>\nInhalt einfach erw\u00e4rmen<br \/>\n400 g<br \/>\n<div class=\"main-cross-sell\" data-asin=\"B00M0LVIV2\">\n\n\t<div class=\"WooZone-cross-sell-loader\">\n\t\t<div>\n\t\t\t<div id=\"floatingBarsG\">\n\t\t\t\t<div class=\"blockG\" id=\"rotateG_01\"><\/div>\n\t\t\t\t<div class=\"blockG\" id=\"rotateG_02\"><\/div>\n\t\t\t\t<div class=\"blockG\" id=\"rotateG_03\"><\/div>\n\t\t\t\t<div class=\"blockG\" id=\"rotateG_04\"><\/div>\n\t\t\t\t<div class=\"blockG\" id=\"rotateG_05\"><\/div>\n\t\t\t\t<div class=\"blockG\" id=\"rotateG_06\"><\/div>\n\t\t\t\t<div class=\"blockG\" id=\"rotateG_07\"><\/div>\n\t\t\t\t<div class=\"blockG\" id=\"rotateG_08\"><\/div>\n\t\t\t<\/div>\n\t\t\t<div class=\"WooZone-cross-sell-loader-text\"><\/div>\n\t\t<\/div>\n\t<\/div>\n\n\t\t\n<\/div>\n<div style=\"clear:both;\"><\/div>\n","protected":false},"excerpt":{"rendered":"Eifel Paprika Gulasch ungarische Art\nGulasch vom Schwein\nFertiggericht in der Konservendose","protected":false},"featured_media":5957,"comment_status":"open","ping_status":"closed","template":"","meta":[],"product_cat":[64,58],"product_tag":[],"_links":{"self":[{"href":"https:\/\/food-shop.org\/index.php?rest_route=\/wp\/v2\/product\/5956"}],"collection":[{"href":"https:\/\/food-shop.org\/index.php?rest_route=\/wp\/v2\/product"}],"about":[{"href":"https:\/\/food-shop.org\/index.php?rest_route=\/wp\/v2\/types\/product"}],"replies":[{"embeddable":true,"href":"https:\/\/food-shop.org\/index.php?rest_route=%2Fwp%2Fv2%2Fcomments&post=5956"}],"wp:featuredmedia":[{"embeddable":true,"href":"https:\/\/food-shop.org\/index.php?rest_route=\/wp\/v2\/media\/5957"}],"wp:attachment":[{"href":"https:\/\/food-shop.org\/index.php?rest_route=%2Fwp%2Fv2%2Fmedia&parent=5956"}],"wp:term":[{"taxonomy":"product_cat","embeddable":true,"href":"https:\/\/food-shop.org\/index.php?rest_route=%2Fwp%2Fv2%2Fproduct_cat&post=5956"},{"taxonomy":"product_tag","embeddable":true,"href":"https:\/\/food-shop.org\/index.php?rest_route=%2Fwp%2Fv2%2Fproduct_tag&post=5956"}],"curies":[{"name":"wp","href":"https:\/\/api.w.org\/{rel}","templated":true}]}}