{"id":5941,"date":"2020-08-31T11:25:04","date_gmt":"2020-08-31T11:25:04","guid":{"rendered":"https:\/\/food-shop.org\/?product=cornedbeef-vom-angus-rind-bio-mager-aus-streng-kontrollierter-aufzucht-200g"},"modified":"2023-04-09T17:19:17","modified_gmt":"2023-04-09T17:19:17","slug":"cornedbeef-vom-angus-rind-bio-mager-aus-streng-kontrollierter-aufzucht-200g","status":"publish","type":"product","link":"https:\/\/food-shop.org\/?product=cornedbeef-vom-angus-rind-bio-mager-aus-streng-kontrollierter-aufzucht-200g","title":{"rendered":"Cornedbeef vom Angus Rind Bio, mager, aus streng kontrollierter Aufzucht, 200g"},"content":{"rendered":"<p><!-- show up to 2 reviews by default --> <\/p>\n<h3>Produktbeschreibungen<\/h3>\n<p>Aus bestem, magerem Angus-Weiderindfleisch. Schonend gegart, herzhaft gew\u00fcrzt und mit Aspik verfeinert. Ein Genuss auf Brot, z.B. mit saurer Gurke, oder als Beilage zu Bratkartoffeln. <\/p>\n<h3>Inhaltsstoffe \/ Zutaten<\/h3>\n<p>84% Rindfleisch*, Gelatine*, Trinkwasser, Speisesalz, Meersalz, Gew\u00fcrze (Senf), Antioxidationsmittel: Ascorbins\u00e4ure, Natriumascorbat; Dextrose*, Maltodextrin*, Pastinaken*, Zwiebel*, Tomate*, Karamellzucker*, Sonnenblumen\u00f6l*, Konservierungsstoff: Natriumnitrit (*aus kontrolliert biologischer Erzeugung). Kann Spuren von Eiern, Soja, Schalenfr\u00fcchten, Sellerie und Sesam enthalten. <\/p>\n<p>BESTES, mageres Angus Weiderindfleisch aus Bramsche<br \/>\nKONTROLLIERTE Aufzucht der Rinder mit hauseigener Schlachtung<br \/>\nW\u00dcRZIG und schmackhaft, ein besonderer Brotaufstrich<br \/>\nSEIT 1921 versendet Schrader Tee, Kaffee, Kakao, Geb\u00e4ck und weitere erlesene Delikatessen. Genie\u00dfen Sie Feinkost aus aller Welt in einer gro\u00dfen Auswahl<br \/>\nINAHLT: 200g bestes Angusrind Cornedbeef in Bioqualit\u00e4t<br \/>\n<div class=\"main-cross-sell\" data-asin=\"B083SQFZZP\">\n\n\t<div class=\"WooZone-cross-sell-loader\">\n\t\t<div>\n\t\t\t<div id=\"floatingBarsG\">\n\t\t\t\t<div class=\"blockG\" id=\"rotateG_01\"><\/div>\n\t\t\t\t<div class=\"blockG\" id=\"rotateG_02\"><\/div>\n\t\t\t\t<div class=\"blockG\" id=\"rotateG_03\"><\/div>\n\t\t\t\t<div class=\"blockG\" id=\"rotateG_04\"><\/div>\n\t\t\t\t<div class=\"blockG\" id=\"rotateG_05\"><\/div>\n\t\t\t\t<div class=\"blockG\" id=\"rotateG_06\"><\/div>\n\t\t\t\t<div class=\"blockG\" id=\"rotateG_07\"><\/div>\n\t\t\t\t<div class=\"blockG\" id=\"rotateG_08\"><\/div>\n\t\t\t<\/div>\n\t\t\t<div class=\"WooZone-cross-sell-loader-text\"><\/div>\n\t\t<\/div>\n\t<\/div>\n\n\t\t\n<\/div>\n<div style=\"clear:both;\"><\/div>\n","protected":false},"excerpt":{"rendered":"BESTES, mageres Angus Weiderindfleisch aus Bramsche\nKONTROLLIERTE Aufzucht der Rinder mit hauseigener Schlachtung\nW\u00dcRZIG und schmackhaft, ein besonderer Brotaufstrich","protected":false},"featured_media":5942,"comment_status":"open","ping_status":"closed","template":"","meta":[],"product_cat":[64,58],"product_tag":[],"_links":{"self":[{"href":"https:\/\/food-shop.org\/index.php?rest_route=\/wp\/v2\/product\/5941"}],"collection":[{"href":"https:\/\/food-shop.org\/index.php?rest_route=\/wp\/v2\/product"}],"about":[{"href":"https:\/\/food-shop.org\/index.php?rest_route=\/wp\/v2\/types\/product"}],"replies":[{"embeddable":true,"href":"https:\/\/food-shop.org\/index.php?rest_route=%2Fwp%2Fv2%2Fcomments&post=5941"}],"wp:featuredmedia":[{"embeddable":true,"href":"https:\/\/food-shop.org\/index.php?rest_route=\/wp\/v2\/media\/5942"}],"wp:attachment":[{"href":"https:\/\/food-shop.org\/index.php?rest_route=%2Fwp%2Fv2%2Fmedia&parent=5941"}],"wp:term":[{"taxonomy":"product_cat","embeddable":true,"href":"https:\/\/food-shop.org\/index.php?rest_route=%2Fwp%2Fv2%2Fproduct_cat&post=5941"},{"taxonomy":"product_tag","embeddable":true,"href":"https:\/\/food-shop.org\/index.php?rest_route=%2Fwp%2Fv2%2Fproduct_tag&post=5941"}],"curies":[{"name":"wp","href":"https:\/\/api.w.org\/{rel}","templated":true}]}}