{"id":5916,"date":"2020-08-31T11:24:51","date_gmt":"2020-08-31T11:24:51","guid":{"rendered":"https:\/\/food-shop.org\/?product=simon-delikatess-fruehstuecksfleisch-12x200g-konserven"},"modified":"2023-04-09T17:19:17","modified_gmt":"2023-04-09T17:19:17","slug":"simon-delikatess-fruehstuecksfleisch-12x200g-konserven","status":"publish","type":"product","link":"https:\/\/food-shop.org\/?product=simon-delikatess-fruehstuecksfleisch-12x200g-konserven","title":{"rendered":"SIMON Delikatess Fr\u00fchst\u00fccksfleisch, 12er Pack (12 x 200g Konserven)"},"content":{"rendered":"<p><!-- show up to 2 reviews by default --> <\/p>\n<h3>Produktbeschreibungen<\/h3>\n<p>SIMON Delikatess Fr\u00fchst\u00fccksfleisch 12x200g Konserve <\/p>\n<h3>Inhaltsstoffe \/ Zutaten<\/h3>\n<p>Zutaten: 86% Schweinefleisch, Trinkwasser, Speisesalz, Gew\u00fcrze, Kr\u00e4uter,MILCHEIWEI\u00df, Stabilisator: Triphosphate, Antioxidationsmittel:Natriumascorbat, Hefeextrakt, Konservierungsstoff: Natriumnitrit. KannSpuren von Sellerie, Gluten, Soja enthalten. <\/p>\n<div data-a-expander-name=\"toggle_description\" class=\"a-row a-expander-container a-expander-extend-container\">\n<div class=\"a-expander-content a-expander-extend-content\">\n<h3>Gebrauchsanweisung<\/h3>\n<p>***Verzehrfertig***ist verzehrfertig <\/p>\n<h3>Warnhinweise<\/h3>\n<p>Allergene: Milch und daraus hergestellte Erzeugnisse (einschlie\u00dflich Laktose) Sellerie und daraus hergestellte Erzeugnisse; Sojabohnen und daraus hergestellte Erzeugnisse; Glutenhaltige Getreide und daraus hergestellte Erz <\/p>\n<h3>Anschrift Hersteller\/Importeur<\/h3>\n<p>Werner Simon GmbH &amp; Co. KG Philipp-Oehmigke-Str. 4, 16816 Neuruppin am See <\/p>\n<\/p><\/div>\n<p> <a href=\"void(0)\" data-action=\"a-expander-toggle\" class=\"a-expander-header a-declarative a-expander-extend-header\" data-a-expander-toggle=\"{\"><i class=\"a-icon a-icon-extender-expand\"><\/i><span class=\"a-expander-prompt\">Weitere Informationen<\/span><\/a> <\/div>\n<p>12x200g Konserve<br \/>\n<div class=\"main-cross-sell\" data-asin=\"B00YCOPNBQ\">\n\n\t<div class=\"WooZone-cross-sell-loader\">\n\t\t<div>\n\t\t\t<div id=\"floatingBarsG\">\n\t\t\t\t<div class=\"blockG\" id=\"rotateG_01\"><\/div>\n\t\t\t\t<div class=\"blockG\" id=\"rotateG_02\"><\/div>\n\t\t\t\t<div class=\"blockG\" id=\"rotateG_03\"><\/div>\n\t\t\t\t<div class=\"blockG\" id=\"rotateG_04\"><\/div>\n\t\t\t\t<div class=\"blockG\" id=\"rotateG_05\"><\/div>\n\t\t\t\t<div class=\"blockG\" id=\"rotateG_06\"><\/div>\n\t\t\t\t<div class=\"blockG\" id=\"rotateG_07\"><\/div>\n\t\t\t\t<div class=\"blockG\" id=\"rotateG_08\"><\/div>\n\t\t\t<\/div>\n\t\t\t<div class=\"WooZone-cross-sell-loader-text\"><\/div>\n\t\t<\/div>\n\t<\/div>\n\n\t\t\n<\/div>\n<div style=\"clear:both;\"><\/div>\n","protected":false},"excerpt":{"rendered":"12x200g Konserve","protected":false},"featured_media":5917,"comment_status":"open","ping_status":"closed","template":"","meta":[],"product_cat":[64,58],"product_tag":[],"_links":{"self":[{"href":"https:\/\/food-shop.org\/index.php?rest_route=\/wp\/v2\/product\/5916"}],"collection":[{"href":"https:\/\/food-shop.org\/index.php?rest_route=\/wp\/v2\/product"}],"about":[{"href":"https:\/\/food-shop.org\/index.php?rest_route=\/wp\/v2\/types\/product"}],"replies":[{"embeddable":true,"href":"https:\/\/food-shop.org\/index.php?rest_route=%2Fwp%2Fv2%2Fcomments&post=5916"}],"wp:featuredmedia":[{"embeddable":true,"href":"https:\/\/food-shop.org\/index.php?rest_route=\/wp\/v2\/media\/5917"}],"wp:attachment":[{"href":"https:\/\/food-shop.org\/index.php?rest_route=%2Fwp%2Fv2%2Fmedia&parent=5916"}],"wp:term":[{"taxonomy":"product_cat","embeddable":true,"href":"https:\/\/food-shop.org\/index.php?rest_route=%2Fwp%2Fv2%2Fproduct_cat&post=5916"},{"taxonomy":"product_tag","embeddable":true,"href":"https:\/\/food-shop.org\/index.php?rest_route=%2Fwp%2Fv2%2Fproduct_tag&post=5916"}],"curies":[{"name":"wp","href":"https:\/\/api.w.org\/{rel}","templated":true}]}}