{"id":5887,"date":"2020-08-31T11:24:35","date_gmt":"2020-08-31T11:24:35","guid":{"rendered":"https:\/\/food-shop.org\/?product=juergen-langbein-ungarische-gulaschsuppe-6er-pack-6-x-400-ml"},"modified":"2023-04-09T17:19:16","modified_gmt":"2023-04-09T17:19:16","slug":"juergen-langbein-ungarische-gulaschsuppe-6er-pack-6-x-400-ml","status":"publish","type":"product","link":"https:\/\/food-shop.org\/?product=juergen-langbein-ungarische-gulaschsuppe-6er-pack-6-x-400-ml","title":{"rendered":"J\u00fcrgen Langbein Ungarische Gulaschsuppe, 6er Pack (6 x 400 ml)"},"content":{"rendered":"<p><!-- show up to 2 reviews by default --> <\/p>\n<h3>Produktbeschreibung<\/h3>\n<p>Typisch ungarisch genie\u00dfen: zartes Rindergulasch mit Paprika und Champignons machen diese Spezialit\u00e4t zu einem herzhaften Geschmackserlebnis. <\/p>\n<h3>Inhaltsstoffe \/ Zutaten<\/h3>\n<p>Zutaten: Wasser, Rindfleisch (10%), Tomatenmark, Champignons (3%), Paprika (2%), modifizierte Maisst\u00e4rke, Speisest\u00e4rke, WEIZENmehl, Palmfett, Speisesalz, Zwiebeln, Gew\u00fcrze (enth\u00e4lt SELLERIE), Maltodextrin, Zucker, Hefeextrakt, W\u00fcrze, Rindfleischextrakt, Glucosesirup, Karamellzucker, nat\u00fcrlicher Paprikaextrakt, Dextrose, Kr\u00e4uter, S\u00e4uerungsmittel: Citronens\u00e4ure; Geschmacksverst\u00e4rker: Mononatriumglutamat; Aroma <\/p>\n<div data-a-expander-name=\"toggle_description\" class=\"a-row a-expander-container a-expander-extend-container\">\n<div class=\"a-expander-content a-expander-extend-content\">\n<h3>Gebrauchsanweisung<\/h3>\n<p>Tafelfertig. Unter gelegentlichem R\u00fchren erw\u00e4rmen. <\/p>\n<h3>Anschrift Hersteller\/Importeur<\/h3>\n<p>Feldstra\u00dfe 7, 24568 Kaltenkirchen <\/p>\n<\/p><\/div>\n<p> <a href=\"void(0)\" data-action=\"a-expander-toggle\" class=\"a-expander-header a-declarative a-expander-extend-header\" data-a-expander-toggle=\"{\"><i class=\"a-icon a-icon-extender-expand\"><\/i><span class=\"a-expander-prompt\">Weitere Informationen<\/span><\/a> <\/div>\n<p>Mit zartem Rindfleisch<br \/>\nMit Paprika und Champignons<br \/>\nHandwerklich traditionelle Herstellung<br \/>\nFeine K\u00fcche J\u00fcrgen Langbein, D-25468 Kaltenkirchen<br \/>\n<div class=\"main-cross-sell\" data-asin=\"B07FKT6RNM\">\n\n\t<div class=\"WooZone-cross-sell-loader\">\n\t\t<div>\n\t\t\t<div id=\"floatingBarsG\">\n\t\t\t\t<div class=\"blockG\" id=\"rotateG_01\"><\/div>\n\t\t\t\t<div class=\"blockG\" id=\"rotateG_02\"><\/div>\n\t\t\t\t<div class=\"blockG\" id=\"rotateG_03\"><\/div>\n\t\t\t\t<div class=\"blockG\" id=\"rotateG_04\"><\/div>\n\t\t\t\t<div class=\"blockG\" id=\"rotateG_05\"><\/div>\n\t\t\t\t<div class=\"blockG\" id=\"rotateG_06\"><\/div>\n\t\t\t\t<div class=\"blockG\" id=\"rotateG_07\"><\/div>\n\t\t\t\t<div class=\"blockG\" id=\"rotateG_08\"><\/div>\n\t\t\t<\/div>\n\t\t\t<div class=\"WooZone-cross-sell-loader-text\"><\/div>\n\t\t<\/div>\n\t<\/div>\n\n\t\t\n<\/div>\n<div style=\"clear:both;\"><\/div>\n","protected":false},"excerpt":{"rendered":"Mit zartem Rindfleisch\nMit Paprika und Champignons\nHandwerklich traditionelle Herstellung","protected":false},"featured_media":5888,"comment_status":"open","ping_status":"closed","template":"","meta":[],"product_cat":[64,58],"product_tag":[],"_links":{"self":[{"href":"https:\/\/food-shop.org\/index.php?rest_route=\/wp\/v2\/product\/5887"}],"collection":[{"href":"https:\/\/food-shop.org\/index.php?rest_route=\/wp\/v2\/product"}],"about":[{"href":"https:\/\/food-shop.org\/index.php?rest_route=\/wp\/v2\/types\/product"}],"replies":[{"embeddable":true,"href":"https:\/\/food-shop.org\/index.php?rest_route=%2Fwp%2Fv2%2Fcomments&post=5887"}],"wp:featuredmedia":[{"embeddable":true,"href":"https:\/\/food-shop.org\/index.php?rest_route=\/wp\/v2\/media\/5888"}],"wp:attachment":[{"href":"https:\/\/food-shop.org\/index.php?rest_route=%2Fwp%2Fv2%2Fmedia&parent=5887"}],"wp:term":[{"taxonomy":"product_cat","embeddable":true,"href":"https:\/\/food-shop.org\/index.php?rest_route=%2Fwp%2Fv2%2Fproduct_cat&post=5887"},{"taxonomy":"product_tag","embeddable":true,"href":"https:\/\/food-shop.org\/index.php?rest_route=%2Fwp%2Fv2%2Fproduct_tag&post=5887"}],"curies":[{"name":"wp","href":"https:\/\/api.w.org\/{rel}","templated":true}]}}