{"id":5885,"date":"2020-08-31T11:24:34","date_gmt":"2020-08-31T11:24:34","guid":{"rendered":"https:\/\/food-shop.org\/?product=metzgerei-heilmaier-rindergulasch-aus-bayern-410-ml"},"modified":"2023-04-09T17:19:16","modified_gmt":"2023-04-09T17:19:16","slug":"metzgerei-heilmaier-rindergulasch-aus-bayern-410-ml","status":"publish","type":"product","link":"https:\/\/food-shop.org\/?product=metzgerei-heilmaier-rindergulasch-aus-bayern-410-ml","title":{"rendered":"Metzgerei Heilmaier Rindergulasch aus Bayern (410 ml) &#8211; Bio"},"content":{"rendered":"<p><!-- show up to 2 reviews by default --> <\/p>\n<h3>Produktbeschreibungen<\/h3>\n<p>Der volle, kr\u00e4ftige Rindfleischgeschmack macht dieses Bio-Gulasch so einzigartig. Mit der samtig s\u00e4migen Sauce mit Zwiebeln, Rotwein und kr\u00e4ftigen Gew\u00fcrzen begeistert dieser Eintopf-Klassiker jeden Genie\u00dfergaumen. <\/p>\n<h3>Inhaltsstoffe \/ Zutaten<\/h3>\n<p>Rindfleisch* (55%), Zwiebeln*, Bouillon* (Wasser, Rindfleisch*, Markknochen*, Zwiebeln*, Karotten*, Lauch*, Steinsalz, Gew\u00fcrze*), Kartoffeln*, Tomatenmark*, Karotten*, Lauch*, Gew\u00fcrze* (Paprika*, Muskat*, Liebst\u00f6ckel*, PFEFFER* wei\u00df, PFEFFER* schwarz), Rotwein*, Steinsalz, Sonnenblumen\u00f6l*, Balsamico-Essig*, Knoblauch*, Zitronen*<br \/><i>* = Zutaten aus biologischem Anbau<\/i> <\/p>\n<div data-a-expander-name=\"toggle_description\" class=\"a-row a-expander-container a-expander-extend-container\">\n<div class=\"a-expander-content a-expander-extend-content\">\n<h3>Warnhinweise<\/h3>\n<p>DE-\u00d6KO-037<br \/>enth\u00e4lt: Sulfite \/ Schwefeldioxid <\/p>\n<h3>Anschrift Hersteller\/Importeur<\/h3>\n<p>Metzgerei Heilmaier, Seestra\u00dfe 17, D-83329 Waging am See <\/p>\n<\/p><\/div>\n<p> <a href=\"void(0)\" data-action=\"a-expander-toggle\" class=\"a-expander-header a-declarative a-expander-extend-header\" data-a-expander-toggle=\"{\"><i class=\"a-icon a-icon-extender-expand\"><\/i><span class=\"a-expander-prompt\">Weitere Informationen<\/span><\/a> <\/div>\n<div class=\"main-cross-sell\" data-asin=\"B0723DJQPY\">\n\n\t<div class=\"WooZone-cross-sell-loader\">\n\t\t<div>\n\t\t\t<div id=\"floatingBarsG\">\n\t\t\t\t<div class=\"blockG\" id=\"rotateG_01\"><\/div>\n\t\t\t\t<div class=\"blockG\" id=\"rotateG_02\"><\/div>\n\t\t\t\t<div class=\"blockG\" id=\"rotateG_03\"><\/div>\n\t\t\t\t<div class=\"blockG\" id=\"rotateG_04\"><\/div>\n\t\t\t\t<div class=\"blockG\" id=\"rotateG_05\"><\/div>\n\t\t\t\t<div class=\"blockG\" id=\"rotateG_06\"><\/div>\n\t\t\t\t<div class=\"blockG\" id=\"rotateG_07\"><\/div>\n\t\t\t\t<div class=\"blockG\" id=\"rotateG_08\"><\/div>\n\t\t\t<\/div>\n\t\t\t<div class=\"WooZone-cross-sell-loader-text\"><\/div>\n\t\t<\/div>\n\t<\/div>\n\n\t\t\n<\/div>\n<div style=\"clear:both;\"><\/div>\n","protected":false},"excerpt":{"rendered":"Produktbeschreibungen Der volle, kr\u00e4ftige Rindfleischgeschmack macht dieses Bio-Gulasch so einzigartig. Mit der samtig s\u00e4migen Sauce mit Zwiebeln, Rotwein und kr\u00e4ftigen Gew\u00fcrzen begeistert dieser Eintopf-Klassiker jeden Genie\u00dfergaumen. Inhaltsstoffe \/ Zutaten Rindfleisch* (55%), Zwiebeln*, Bouillon* (Wasser, Rindfleisch*, Markknochen*, Zwiebeln*, Karotten*, Lauch*, Steinsalz, Gew\u00fcrze*), Kartoffeln*, Tomatenmark*, Karotten*, Lauch*, Gew\u00fcrze* (Paprika*, Muskat*, Liebst\u00f6ckel*, PFEFFER* wei\u00df, PFEFFER* schwarz), Rotwein*, Steinsalz, [...]","protected":false},"featured_media":5886,"comment_status":"open","ping_status":"closed","template":"","meta":[],"product_cat":[64,58],"product_tag":[],"_links":{"self":[{"href":"https:\/\/food-shop.org\/index.php?rest_route=\/wp\/v2\/product\/5885"}],"collection":[{"href":"https:\/\/food-shop.org\/index.php?rest_route=\/wp\/v2\/product"}],"about":[{"href":"https:\/\/food-shop.org\/index.php?rest_route=\/wp\/v2\/types\/product"}],"replies":[{"embeddable":true,"href":"https:\/\/food-shop.org\/index.php?rest_route=%2Fwp%2Fv2%2Fcomments&post=5885"}],"wp:featuredmedia":[{"embeddable":true,"href":"https:\/\/food-shop.org\/index.php?rest_route=\/wp\/v2\/media\/5886"}],"wp:attachment":[{"href":"https:\/\/food-shop.org\/index.php?rest_route=%2Fwp%2Fv2%2Fmedia&parent=5885"}],"wp:term":[{"taxonomy":"product_cat","embeddable":true,"href":"https:\/\/food-shop.org\/index.php?rest_route=%2Fwp%2Fv2%2Fproduct_cat&post=5885"},{"taxonomy":"product_tag","embeddable":true,"href":"https:\/\/food-shop.org\/index.php?rest_route=%2Fwp%2Fv2%2Fproduct_tag&post=5885"}],"curies":[{"name":"wp","href":"https:\/\/api.w.org\/{rel}","templated":true}]}}