{"id":5861,"date":"2020-08-31T11:24:19","date_gmt":"2020-08-31T11:24:19","guid":{"rendered":"https:\/\/food-shop.org\/?product=wildgulasch-vom-klepelshagener-wild"},"modified":"2023-04-09T17:19:15","modified_gmt":"2023-04-09T17:19:15","slug":"wildgulasch-vom-klepelshagener-wild","status":"publish","type":"product","link":"https:\/\/food-shop.org\/?product=wildgulasch-vom-klepelshagener-wild","title":{"rendered":"Gut Klepelshagen Wildgulasch (350 g) &#8211; Bio"},"content":{"rendered":"<p><!-- show up to 2 reviews by default --> <\/p>\n<h3>Produktbeschreibungen<\/h3>\n<p>Ein ungarischer Klassiker &#8211; neu interpretiert von Gut Klepelshagen: Ganz langsam, mit viel Liebe, Sachverstand und Bedacht, k\u00f6chelt dieses Gulasch aus Wildschwein und Rothirsch, die aus den gutseigenen W\u00e4ldern stammen, in alten Kupferkesseln. Abgel\u00f6scht wird es mit edlem Portwein und charaktervollem Rotwein. W\u00fcrzige Wald- und Wiesenpilze schenken dieser butterweichen Spezialit\u00e4t schlie\u00dflich eine perfekte Konsistenz und ein w\u00fcrzig-kr\u00e4uteriges Aroma. <\/p>\n<h3>Inhaltsstoffe \/ Zutaten<\/h3>\n<p>Rotwildfleisch (25%), Wildschweinfleisch (25%), Rehfleisch (25%), Wald- und Wiesenpilze* (3%), Wildfond, Zwiebeln*, Rotwein*, Tomatenmark*, Meersalz, Gew\u00fcrze*, SELLERIE*<br \/><i>* = Zutaten aus biologischem Anbau<\/i> <\/p>\n<div data-a-expander-name=\"toggle_description\" class=\"a-row a-expander-container a-expander-extend-container\">\n<div class=\"a-expander-content a-expander-extend-content\">\n<h3>Warnhinweise<\/h3>\n<p>DE-\u00d6KO-006<br \/>enth\u00e4lt: Sellerie <\/p>\n<h3>Anschrift Hersteller\/Importeur<\/h3>\n<p>Gut Klepelshagen, Klepelshagen 4, D-17335 Strasburg <\/p>\n<\/p><\/div>\n<p> <a href=\"void(0)\" data-action=\"a-expander-toggle\" class=\"a-expander-header a-declarative a-expander-extend-header\" data-a-expander-toggle=\"{\"><i class=\"a-icon a-icon-extender-expand\"><\/i><span class=\"a-expander-prompt\">Weitere Informationen<\/span><\/a> <\/div>\n<div class=\"main-cross-sell\" data-asin=\"B077T1R6TX\">\n\n\t<div class=\"WooZone-cross-sell-loader\">\n\t\t<div>\n\t\t\t<div id=\"floatingBarsG\">\n\t\t\t\t<div class=\"blockG\" id=\"rotateG_01\"><\/div>\n\t\t\t\t<div class=\"blockG\" id=\"rotateG_02\"><\/div>\n\t\t\t\t<div class=\"blockG\" id=\"rotateG_03\"><\/div>\n\t\t\t\t<div class=\"blockG\" id=\"rotateG_04\"><\/div>\n\t\t\t\t<div class=\"blockG\" id=\"rotateG_05\"><\/div>\n\t\t\t\t<div class=\"blockG\" id=\"rotateG_06\"><\/div>\n\t\t\t\t<div class=\"blockG\" id=\"rotateG_07\"><\/div>\n\t\t\t\t<div class=\"blockG\" id=\"rotateG_08\"><\/div>\n\t\t\t<\/div>\n\t\t\t<div class=\"WooZone-cross-sell-loader-text\"><\/div>\n\t\t<\/div>\n\t<\/div>\n\n\t\t\n<\/div>\n<div style=\"clear:both;\"><\/div>\n","protected":false},"excerpt":{"rendered":"Produktbeschreibungen Ein ungarischer Klassiker - neu interpretiert von Gut Klepelshagen: Ganz langsam, mit viel Liebe, Sachverstand und Bedacht, k\u00f6chelt dieses Gulasch aus Wildschwein und Rothirsch, die aus den gutseigenen W\u00e4ldern stammen, in alten Kupferkesseln. Abgel\u00f6scht wird es mit edlem Portwein und charaktervollem Rotwein. W\u00fcrzige Wald- und Wiesenpilze schenken dieser butterweichen Spezialit\u00e4t schlie\u00dflich eine perfekte Konsistenz [...]","protected":false},"featured_media":5862,"comment_status":"open","ping_status":"closed","template":"","meta":[],"product_cat":[64,58],"product_tag":[],"_links":{"self":[{"href":"https:\/\/food-shop.org\/index.php?rest_route=\/wp\/v2\/product\/5861"}],"collection":[{"href":"https:\/\/food-shop.org\/index.php?rest_route=\/wp\/v2\/product"}],"about":[{"href":"https:\/\/food-shop.org\/index.php?rest_route=\/wp\/v2\/types\/product"}],"replies":[{"embeddable":true,"href":"https:\/\/food-shop.org\/index.php?rest_route=%2Fwp%2Fv2%2Fcomments&post=5861"}],"wp:featuredmedia":[{"embeddable":true,"href":"https:\/\/food-shop.org\/index.php?rest_route=\/wp\/v2\/media\/5862"}],"wp:attachment":[{"href":"https:\/\/food-shop.org\/index.php?rest_route=%2Fwp%2Fv2%2Fmedia&parent=5861"}],"wp:term":[{"taxonomy":"product_cat","embeddable":true,"href":"https:\/\/food-shop.org\/index.php?rest_route=%2Fwp%2Fv2%2Fproduct_cat&post=5861"},{"taxonomy":"product_tag","embeddable":true,"href":"https:\/\/food-shop.org\/index.php?rest_route=%2Fwp%2Fv2%2Fproduct_tag&post=5861"}],"curies":[{"name":"wp","href":"https:\/\/api.w.org\/{rel}","templated":true}]}}