{"id":5826,"date":"2020-08-31T11:20:56","date_gmt":"2020-08-31T11:20:56","guid":{"rendered":"https:\/\/food-shop.org\/?product=jola-schmalzfleisch-mit-roestzwiebeln-400gr-dose"},"modified":"2023-04-06T16:26:46","modified_gmt":"2023-04-06T16:26:46","slug":"jola-schmalzfleisch-mit-roestzwiebeln-400gr-dose","status":"publish","type":"product","link":"https:\/\/food-shop.org\/?product=jola-schmalzfleisch-mit-roestzwiebeln-400gr-dose","title":{"rendered":"Jola Schmalzfleisch mit R\u00f6stzwiebeln 3x400gr Dose"},"content":{"rendered":"<p><!-- show up to 2 reviews by default --> <\/p>\n<p>Jola Schmalzfleisch mit R\u00f6stzwiebeln 400gr -Dose Zutaten: Schweinefleisch (72%),Schweinespeck, Schweineschwarten , Speisesalz, Zwiebeln, Dextrose, Gew\u00fcrze, Antioxidationsmittel: Natriumascorbat, Konservierungsstoff: Natriumnitrit. Kann Spuren von Sellerie und Senf enthalten. Durchschnittliche N\u00e4hrwertangaben pro 100g Brennwert 1882kj\/ 456kcal Fett 45 g Fett, davon ges\u00e4ttigte Fetts\u00e4uren 18 g Kohlenhydrate 1,0 g Kohlenhydrate, davon Zucker 0,6 g Eiwei\u00df 12g Salz 1,6g Verpackungs-details: Wei\u00dfblechdose &#8211; Wei\u00dfblechdeckel (Gold) &#8211; bedruckt mit Ringpul innen lackiert mit Goldlack, au\u00dfen lackiert mit Klarlack &#8211; Etikett mit vollst\u00e4ndiger Deklaration &#8211; MHD- und LOT-Aufdruck auf dem Deckel oder Boden -Nach dem \u00d6ffnen, den nicht verzehrten Inhalt im K\u00fchlschrank aufbewahren und innerhalb von drei Tagen aufbrauchen! Herstellererkl\u00e4rung Kontakt Dreistern-Konserven GmbH &amp; Co. KG Philipp-Oehmigke-Stra\u00dfe 4, 16816 Neuruppin am See <\/p>\n<p>Jola Schmalzfleisch mit R\u00f6stzwiebeln 400gr -Dose<br \/>\n<div class=\"main-cross-sell\" data-asin=\"B081D8R19L\">\n\n\t<div class=\"WooZone-cross-sell-loader\">\n\t\t<div>\n\t\t\t<div id=\"floatingBarsG\">\n\t\t\t\t<div class=\"blockG\" id=\"rotateG_01\"><\/div>\n\t\t\t\t<div class=\"blockG\" id=\"rotateG_02\"><\/div>\n\t\t\t\t<div class=\"blockG\" id=\"rotateG_03\"><\/div>\n\t\t\t\t<div class=\"blockG\" id=\"rotateG_04\"><\/div>\n\t\t\t\t<div class=\"blockG\" id=\"rotateG_05\"><\/div>\n\t\t\t\t<div class=\"blockG\" id=\"rotateG_06\"><\/div>\n\t\t\t\t<div class=\"blockG\" id=\"rotateG_07\"><\/div>\n\t\t\t\t<div class=\"blockG\" id=\"rotateG_08\"><\/div>\n\t\t\t<\/div>\n\t\t\t<div class=\"WooZone-cross-sell-loader-text\"><\/div>\n\t\t<\/div>\n\t<\/div>\n\n\t\t\n<\/div>\n<div style=\"clear:both;\"><\/div>\n","protected":false},"excerpt":{"rendered":"Jola Schmalzfleisch mit R\u00f6stzwiebeln 400gr -Dose","protected":false},"featured_media":5827,"comment_status":"open","ping_status":"closed","template":"","meta":[],"product_cat":[64,58],"product_tag":[],"_links":{"self":[{"href":"https:\/\/food-shop.org\/index.php?rest_route=\/wp\/v2\/product\/5826"}],"collection":[{"href":"https:\/\/food-shop.org\/index.php?rest_route=\/wp\/v2\/product"}],"about":[{"href":"https:\/\/food-shop.org\/index.php?rest_route=\/wp\/v2\/types\/product"}],"replies":[{"embeddable":true,"href":"https:\/\/food-shop.org\/index.php?rest_route=%2Fwp%2Fv2%2Fcomments&post=5826"}],"wp:featuredmedia":[{"embeddable":true,"href":"https:\/\/food-shop.org\/index.php?rest_route=\/wp\/v2\/media\/5827"}],"wp:attachment":[{"href":"https:\/\/food-shop.org\/index.php?rest_route=%2Fwp%2Fv2%2Fmedia&parent=5826"}],"wp:term":[{"taxonomy":"product_cat","embeddable":true,"href":"https:\/\/food-shop.org\/index.php?rest_route=%2Fwp%2Fv2%2Fproduct_cat&post=5826"},{"taxonomy":"product_tag","embeddable":true,"href":"https:\/\/food-shop.org\/index.php?rest_route=%2Fwp%2Fv2%2Fproduct_tag&post=5826"}],"curies":[{"name":"wp","href":"https:\/\/api.w.org\/{rel}","templated":true}]}}