{"id":5800,"date":"2020-08-31T11:20:42","date_gmt":"2020-08-31T11:20:42","guid":{"rendered":"https:\/\/food-shop.org\/?product=diem-zuericher-kalbsgeschnetzeltes-geschnetzeltes-ragout-kalbsragout-zuercher-dose-400g"},"modified":"2023-04-06T16:26:46","modified_gmt":"2023-04-06T16:26:46","slug":"diem-zuericher-kalbsgeschnetzeltes-geschnetzeltes-ragout-kalbsragout-zuercher-dose-400g","status":"publish","type":"product","link":"https:\/\/food-shop.org\/?product=diem-zuericher-kalbsgeschnetzeltes-geschnetzeltes-ragout-kalbsragout-zuercher-dose-400g","title":{"rendered":"Diem &#8211; Z\u00fcricher Kalbsgeschnetzeltes, Geschnetzeltes, Ragout, Kalbsragout, Z\u00fcrcher &#8211; Konserve &#8211; Dose 400g &#8211; Langes MhD"},"content":{"rendered":"<p><!-- show up to 2 reviews by default --> <\/p>\n<h3>Produktbeschreibungen<\/h3>\n<p>Z\u00fcrcher Geschnetzeltes ist ein kurz sautiertes Ragout aus Kalbfleisch in Rahmsauce. Das Gericht besteht klassisch aus Kalbfleisch, Weisswein, Rahm und Fleischsauce . Unser Produkt enth\u00e4lt zus\u00e4tzlich noch Zwiebelstreifen, Gew\u00fcrzgurkenscheiben und Champignonviertel Ein herrlich leckeres Gericht Passt hervorragend zu Nudeln, Sp\u00e4tzle und Kartoffelbeilagen <\/p>\n<h3>Inhaltsstoffe \/ Zutaten<\/h3>\n<p>Zutaten: Kalbfleisch 60%, Bratenso\u00dfe, Sahne, Zwiebel, Essiggurke, Champignons, Fleischbr\u00fche, Mehl, Tomatenmark, Salz, Gew\u00fcrze <\/p>\n<div data-a-expander-name=\"toggle_description\" class=\"a-row a-expander-container a-expander-extend-container\">\n<div class=\"a-expander-content a-expander-extend-content\">\n<h3>Gebrauchsanweisung<\/h3>\n<p>In der Mikrowelle: Inhalt in eine mikrowellengeeignetes Gef\u00e4\u00df geben und abgedeckt in der Mikrowelle bei 600 Watt 4 Minuten erw\u00e4rmen. Auf dem Herd: Inhalt in einen Topf geben und auf dem Herd leicht kochend etwa 10 Minuten erw\u00e4rmen. Dabei regelm\u00e4\u00dfig umr\u00fchren. Oder: Geschlossene Dose 20 Minuten in kochendes Wasser legen. Vor dem \u00f6ffnen die Dose mit kaltem Wasser kurz abschrecken und beim \u00d6ffnen mit einem Tuch abdecken. <\/p>\n<\/p><\/div>\n<p> <a href=\"void(0)\" data-action=\"a-expander-toggle\" class=\"a-expander-header a-declarative a-expander-extend-header\" data-a-expander-toggle=\"{\"><i class=\"a-icon a-icon-extender-expand\"><\/i><span class=\"a-expander-prompt\">Weitere Informationen<\/span><\/a> <\/div>\n<p>Mit Champignons, Gewuerzgurke und Zwiebel<br \/>\nIn Rahmso\u00dfe<br \/>\nKlassisch zubereitet<br \/>\nVom Kalb<br \/>\nFein geschnitten<br \/>\n<div class=\"main-cross-sell\" data-asin=\"B00ICMHIHG\">\n\n\t<div class=\"WooZone-cross-sell-loader\">\n\t\t<div>\n\t\t\t<div id=\"floatingBarsG\">\n\t\t\t\t<div class=\"blockG\" id=\"rotateG_01\"><\/div>\n\t\t\t\t<div class=\"blockG\" id=\"rotateG_02\"><\/div>\n\t\t\t\t<div class=\"blockG\" id=\"rotateG_03\"><\/div>\n\t\t\t\t<div class=\"blockG\" id=\"rotateG_04\"><\/div>\n\t\t\t\t<div class=\"blockG\" id=\"rotateG_05\"><\/div>\n\t\t\t\t<div class=\"blockG\" id=\"rotateG_06\"><\/div>\n\t\t\t\t<div class=\"blockG\" id=\"rotateG_07\"><\/div>\n\t\t\t\t<div class=\"blockG\" id=\"rotateG_08\"><\/div>\n\t\t\t<\/div>\n\t\t\t<div class=\"WooZone-cross-sell-loader-text\"><\/div>\n\t\t<\/div>\n\t<\/div>\n\n\t\t\n<\/div>\n<div style=\"clear:both;\"><\/div>\n","protected":false},"excerpt":{"rendered":"Mit Champignons, Gewuerzgurke und Zwiebel\nIn Rahmso\u00dfe\nKlassisch zubereitet","protected":false},"featured_media":5801,"comment_status":"open","ping_status":"closed","template":"","meta":[],"product_cat":[64,58],"product_tag":[],"_links":{"self":[{"href":"https:\/\/food-shop.org\/index.php?rest_route=\/wp\/v2\/product\/5800"}],"collection":[{"href":"https:\/\/food-shop.org\/index.php?rest_route=\/wp\/v2\/product"}],"about":[{"href":"https:\/\/food-shop.org\/index.php?rest_route=\/wp\/v2\/types\/product"}],"replies":[{"embeddable":true,"href":"https:\/\/food-shop.org\/index.php?rest_route=%2Fwp%2Fv2%2Fcomments&post=5800"}],"wp:featuredmedia":[{"embeddable":true,"href":"https:\/\/food-shop.org\/index.php?rest_route=\/wp\/v2\/media\/5801"}],"wp:attachment":[{"href":"https:\/\/food-shop.org\/index.php?rest_route=%2Fwp%2Fv2%2Fmedia&parent=5800"}],"wp:term":[{"taxonomy":"product_cat","embeddable":true,"href":"https:\/\/food-shop.org\/index.php?rest_route=%2Fwp%2Fv2%2Fproduct_cat&post=5800"},{"taxonomy":"product_tag","embeddable":true,"href":"https:\/\/food-shop.org\/index.php?rest_route=%2Fwp%2Fv2%2Fproduct_tag&post=5800"}],"curies":[{"name":"wp","href":"https:\/\/api.w.org\/{rel}","templated":true}]}}