{"id":5790,"date":"2020-08-31T11:20:38","date_gmt":"2020-08-31T11:20:38","guid":{"rendered":"https:\/\/food-shop.org\/?product=metzgerei-heilmaier-rinderrouladen-aus-bayern-410-ml"},"modified":"2023-04-06T16:26:45","modified_gmt":"2023-04-06T16:26:45","slug":"metzgerei-heilmaier-rinderrouladen-aus-bayern-410-ml","status":"publish","type":"product","link":"https:\/\/food-shop.org\/?product=metzgerei-heilmaier-rinderrouladen-aus-bayern-410-ml","title":{"rendered":"Metzgerei Heilmaier Rinderrouladen aus Bayern (410 ml) &#8211; Bio"},"content":{"rendered":"<p><!-- show up to 2 reviews by default --> <\/p>\n<h3>Produktbeschreibungen<\/h3>\n<p>Mit Speck, Senf und Gurken gef\u00fcllt, langsam m\u00fcrbe geschmort und mit einer herzhaften, cremigen So\u00dfe gleicht diese traditionelle Roulade einem kulinarischen Gedicht. Das saftige Bio-Fleisch passt wunderbar zu Nudeln, Reis oder Kartoffeln. <\/p>\n<h3>Inhaltsstoffe \/ Zutaten<\/h3>\n<p>Roulade: Rindfleisch* (50%), Speck* (Schweinebauch*, Steinsalz, Rauch), Zwiebeln*, SENF*, Gew\u00fcrzgurken* (Gurken*, Branntweinessig*, Rohrohrzucker*, Steinsalz, Kr\u00e4uter*), Sonnenblumen\u00f6l*, Sauce: Wasser, Kartoffeln*, Rindfleisch*, Zwiebeln*, Karotten*, Lauch*, Rotwein*, SENF*, Tomatenmark*, Steinsalz, Gew\u00fcrze* (PFEFFER* schwarz, Muskat*, Wacholderbeeren*, Liebst\u00f6ckel*, Majoran*, Lorbeerbl\u00e4tter*), Rohrohrzucker*<br \/><i>* = Zutaten aus biologischem Anbau<\/i> <\/p>\n<div data-a-expander-name=\"toggle_description\" class=\"a-row a-expander-container a-expander-extend-container\">\n<div class=\"a-expander-content a-expander-extend-content\">\n<h3>Warnhinweise<\/h3>\n<p>DE-\u00d6KO-037<br \/>enth\u00e4lt: Senf, Sulfite \/ Schwefeldioxid <\/p>\n<h3>Anschrift Hersteller\/Importeur<\/h3>\n<p>Metzgerei Heilmaier, Seestra\u00dfe 17, D-83329 Waging am See <\/p>\n<\/p><\/div>\n<p> <a href=\"void(0)\" data-action=\"a-expander-toggle\" class=\"a-expander-header a-declarative a-expander-extend-header\" data-a-expander-toggle=\"{\"><i class=\"a-icon a-icon-extender-expand\"><\/i><span class=\"a-expander-prompt\">Weitere Informationen<\/span><\/a> <\/div>\n<div class=\"main-cross-sell\" data-asin=\"B071ZJ8489\">\n\n\t<div class=\"WooZone-cross-sell-loader\">\n\t\t<div>\n\t\t\t<div id=\"floatingBarsG\">\n\t\t\t\t<div class=\"blockG\" id=\"rotateG_01\"><\/div>\n\t\t\t\t<div class=\"blockG\" id=\"rotateG_02\"><\/div>\n\t\t\t\t<div class=\"blockG\" id=\"rotateG_03\"><\/div>\n\t\t\t\t<div class=\"blockG\" id=\"rotateG_04\"><\/div>\n\t\t\t\t<div class=\"blockG\" id=\"rotateG_05\"><\/div>\n\t\t\t\t<div class=\"blockG\" id=\"rotateG_06\"><\/div>\n\t\t\t\t<div class=\"blockG\" id=\"rotateG_07\"><\/div>\n\t\t\t\t<div class=\"blockG\" id=\"rotateG_08\"><\/div>\n\t\t\t<\/div>\n\t\t\t<div class=\"WooZone-cross-sell-loader-text\"><\/div>\n\t\t<\/div>\n\t<\/div>\n\n\t\t\n<\/div>\n<div style=\"clear:both;\"><\/div>\n","protected":false},"excerpt":{"rendered":"Produktbeschreibungen Mit Speck, Senf und Gurken gef\u00fcllt, langsam m\u00fcrbe geschmort und mit einer herzhaften, cremigen So\u00dfe gleicht diese traditionelle Roulade einem kulinarischen Gedicht. Das saftige Bio-Fleisch passt wunderbar zu Nudeln, Reis oder Kartoffeln. Inhaltsstoffe \/ Zutaten Roulade: Rindfleisch* (50%), Speck* (Schweinebauch*, Steinsalz, Rauch), Zwiebeln*, SENF*, Gew\u00fcrzgurken* (Gurken*, Branntweinessig*, Rohrohrzucker*, Steinsalz, Kr\u00e4uter*), Sonnenblumen\u00f6l*, Sauce: Wasser, Kartoffeln*, [...]","protected":false},"featured_media":5791,"comment_status":"open","ping_status":"closed","template":"","meta":[],"product_cat":[64,58],"product_tag":[],"_links":{"self":[{"href":"https:\/\/food-shop.org\/index.php?rest_route=\/wp\/v2\/product\/5790"}],"collection":[{"href":"https:\/\/food-shop.org\/index.php?rest_route=\/wp\/v2\/product"}],"about":[{"href":"https:\/\/food-shop.org\/index.php?rest_route=\/wp\/v2\/types\/product"}],"replies":[{"embeddable":true,"href":"https:\/\/food-shop.org\/index.php?rest_route=%2Fwp%2Fv2%2Fcomments&post=5790"}],"wp:featuredmedia":[{"embeddable":true,"href":"https:\/\/food-shop.org\/index.php?rest_route=\/wp\/v2\/media\/5791"}],"wp:attachment":[{"href":"https:\/\/food-shop.org\/index.php?rest_route=%2Fwp%2Fv2%2Fmedia&parent=5790"}],"wp:term":[{"taxonomy":"product_cat","embeddable":true,"href":"https:\/\/food-shop.org\/index.php?rest_route=%2Fwp%2Fv2%2Fproduct_cat&post=5790"},{"taxonomy":"product_tag","embeddable":true,"href":"https:\/\/food-shop.org\/index.php?rest_route=%2Fwp%2Fv2%2Fproduct_tag&post=5790"}],"curies":[{"name":"wp","href":"https:\/\/api.w.org\/{rel}","templated":true}]}}