{"id":5782,"date":"2020-08-31T11:20:35","date_gmt":"2020-08-31T11:20:35","guid":{"rendered":"https:\/\/food-shop.org\/?product=indonesia-bihunsuppe-780ml-6er-pack"},"modified":"2023-04-06T16:26:45","modified_gmt":"2023-04-06T16:26:45","slug":"indonesia-bihunsuppe-780ml-6er-pack","status":"publish","type":"product","link":"https:\/\/food-shop.org\/?product=indonesia-bihunsuppe-780ml-6er-pack","title":{"rendered":"Indonesia Bihunsuppe 780ml 6er Pack"},"content":{"rendered":"<p><!-- show up to 2 reviews by default --> <\/p>\n<h3>Produktbeschreibungen<\/h3>\n<p>W\u00fcrzig-scharfe indonesische Glasnudelsuppe mit H\u00fchnerfleisch und Champignons <\/p>\n<h3>Inhaltsstoffe \/ Zutaten<\/h3>\n<p>Trinkwasser, Glasnudeln 17% (Mungbohnenst\u00e4rke), H\u00fchnerfleisch 5%, Sojasauce (Melasse, Sojabohnen, Mais), Champignons, Paprika, modifizierte St\u00e4rke; H\u00fchnerfett, Geschmacksverst\u00e4rker: Mononatriumglutamat, Sellerie, Br\u00fche (Hefeextrakt, Sonnenblumen\u00f6l, Aroma), Zwiebeln, Speisesalz, Aroma (enth\u00e4lt Ei), Knoblauch, Verdickungsmittel Guarkernmehl und Xanthan, Chiliextrakt <\/p>\n<div data-a-expander-name=\"toggle_description\" class=\"a-row a-expander-container a-expander-extend-container\">\n<div class=\"a-expander-content a-expander-extend-content\">\n<h3>Gebrauchsanweisung<\/h3>\n<p>Den Inhalt der Dose in einem Topf auf dem Herd bei regelm\u00e4\u00dfigem Umr\u00fchren erw\u00e4rmen. Oder in einem mikrowellengeeigneten Gef\u00e4\u00df abgedeckt ca. 4 Minuten in der Mikrowelle erhitzen. <\/p>\n<\/p><\/div>\n<p> <a href=\"void(0)\" data-action=\"a-expander-toggle\" class=\"a-expander-header a-declarative a-expander-extend-header\" data-a-expander-toggle=\"{\"><i class=\"a-icon a-icon-extender-expand\"><\/i><span class=\"a-expander-prompt\">Weitere Informationen<\/span><\/a> <\/div>\n<p>Die Kultsuppe mit der \u00fcber 50j\u00e4hrigen Markengeschichte<br \/>\nnach Original-Rezeptur von 1974<br \/>\nHergestellt in Deutschland<br \/>\naus frischer Produktion nach h\u00f6chsten Qualit\u00e4tskriterien<br \/>\n<div class=\"main-cross-sell\" data-asin=\"B07JDNP6R7\">\n\n\t<div class=\"WooZone-cross-sell-loader\">\n\t\t<div>\n\t\t\t<div id=\"floatingBarsG\">\n\t\t\t\t<div class=\"blockG\" id=\"rotateG_01\"><\/div>\n\t\t\t\t<div class=\"blockG\" id=\"rotateG_02\"><\/div>\n\t\t\t\t<div class=\"blockG\" id=\"rotateG_03\"><\/div>\n\t\t\t\t<div class=\"blockG\" id=\"rotateG_04\"><\/div>\n\t\t\t\t<div class=\"blockG\" id=\"rotateG_05\"><\/div>\n\t\t\t\t<div class=\"blockG\" id=\"rotateG_06\"><\/div>\n\t\t\t\t<div class=\"blockG\" id=\"rotateG_07\"><\/div>\n\t\t\t\t<div class=\"blockG\" id=\"rotateG_08\"><\/div>\n\t\t\t<\/div>\n\t\t\t<div class=\"WooZone-cross-sell-loader-text\"><\/div>\n\t\t<\/div>\n\t<\/div>\n\n\t\t\n<\/div>\n<div style=\"clear:both;\"><\/div>\n","protected":false},"excerpt":{"rendered":"Die Kultsuppe mit der \u00fcber 50j\u00e4hrigen Markengeschichte\nnach Original-Rezeptur von 1974\nHergestellt in Deutschland","protected":false},"featured_media":5783,"comment_status":"open","ping_status":"closed","template":"","meta":[],"product_cat":[64,58],"product_tag":[],"_links":{"self":[{"href":"https:\/\/food-shop.org\/index.php?rest_route=\/wp\/v2\/product\/5782"}],"collection":[{"href":"https:\/\/food-shop.org\/index.php?rest_route=\/wp\/v2\/product"}],"about":[{"href":"https:\/\/food-shop.org\/index.php?rest_route=\/wp\/v2\/types\/product"}],"replies":[{"embeddable":true,"href":"https:\/\/food-shop.org\/index.php?rest_route=%2Fwp%2Fv2%2Fcomments&post=5782"}],"wp:featuredmedia":[{"embeddable":true,"href":"https:\/\/food-shop.org\/index.php?rest_route=\/wp\/v2\/media\/5783"}],"wp:attachment":[{"href":"https:\/\/food-shop.org\/index.php?rest_route=%2Fwp%2Fv2%2Fmedia&parent=5782"}],"wp:term":[{"taxonomy":"product_cat","embeddable":true,"href":"https:\/\/food-shop.org\/index.php?rest_route=%2Fwp%2Fv2%2Fproduct_cat&post=5782"},{"taxonomy":"product_tag","embeddable":true,"href":"https:\/\/food-shop.org\/index.php?rest_route=%2Fwp%2Fv2%2Fproduct_tag&post=5782"}],"curies":[{"name":"wp","href":"https:\/\/api.w.org\/{rel}","templated":true}]}}