{"id":5778,"date":"2020-08-31T11:20:33","date_gmt":"2020-08-31T11:20:33","guid":{"rendered":"https:\/\/food-shop.org\/?product=unox-konzentrat-tomaten-creme-suppe-3-teller-6x400-ml"},"modified":"2023-04-06T16:26:45","modified_gmt":"2023-04-06T16:26:45","slug":"unox-konzentrat-tomaten-creme-suppe-3-teller-6x400-ml","status":"publish","type":"product","link":"https:\/\/food-shop.org\/?product=unox-konzentrat-tomaten-creme-suppe-3-teller-6x400-ml","title":{"rendered":"Unox Tomatencremesuppe konzentriert, 6er-Pack (6 x 379 ml)"},"content":{"rendered":"<p><!-- show up to 2 reviews by default --> <\/p>\n<h3>Produktbeschreibung<\/h3>\n<\/p>\n<p>Mit der Unox Tomaten-Cr\u00e9mesuppe k\u00f6nnen Sie ohne viel Aufwand schnell eine leckere Mahlzeit zubereiten. Die klassische Tomaten-Cr\u00e9mesuppe besticht durch ihren Tomatengeschmack und wurde mit geschmackvollen Kr\u00e4utern verfeinert. Freuen Sie sich auf eine herzhafte Suppe nach traditionellem Rezept, denn mit der Unox Tomaten-Cr\u00e9mesuppe erhalten Sie Gutes nach Art des Hauses. Dieser Suppen Klassiker schmeckt zu jedem Anla\u00df: Ob als Vorsuppe zu einem Hauptgang, als warme Mahlzeit oder einfach zwischendurch &#8211; im Handumdrehen ist die Suppe kinderleicht zubereitet.<br \/> In jeder Dose steckt viel drin: Unsere Unox Suppen sind konzentriert, sodass Sie ganz einfach aus einer Dose die doppelte Menge gewinnen k\u00f6nnen. Das bedeutet f\u00fcr Sie, dass Sie weniger beim Einkauf zu tragen und zu Haus auch entsprechend mehr Platz f\u00fcr die Lagerung haben.<br \/> Zubereitung:<br \/> Geben Sie den Inhalt in einen Kochtopf. Anschlie\u00dfend die leere Dose mit Wasser f\u00fcllen, hinzuf\u00fcgen und das Wasser mit einem Schneebesen langsam unterr\u00fchren bis die Suppe gleichm\u00e4\u00dfig cremig ist. Dann unter R\u00fchren erw\u00e4rmen.<\/p>\n<p> Probieren Sie auch unsere weiteren Suppen Klassiker von Unox:<br \/> Die deftige Ochsenschwanzsuppe mit zartem Rindfleisch ist w\u00fcrzig abgeschmeckt und mit geschmackvollen Kr\u00e4utern sowie Dessertwein verfeinert. Die klassische Gulaschsuppe mit zartem Rindfleisch, roter Paprika und Zwiebeln ist w\u00fcrzig abgeschmeckt und mit geschmackvollen Kr\u00e4utern verfeinert. Lecker.<\/p>\n<\/p>\n<h3>Inhaltsstoffe \/ Zutaten<\/h3>\n<p>Zutaten: 70% Tomatenmark, 8% Tomaten, Raps\u00f6l, 4% SAHNE, Zucker, WEIZENMEHL, SELLERIE, modifizierte St\u00e4rke, jodiertes Speisesalz, Hefeextrakt, Zwiebelpulver, Aromen, Speisesalz, Kr\u00e4uter (SELLERIE, Lorbeerbl\u00e4tter). <\/p>\n<div data-a-expander-name=\"toggle_description\" class=\"a-row a-expander-container a-expander-extend-container\">\n<div class=\"a-expander-content a-expander-extend-content\">\n<h3>Gebrauchsanweisung<\/h3>\n<p>Inhalt in einen Kochtopf geben. Leere Dose mit Wasser f\u00fcllen, hinzuf\u00fcgen und das Wasser mit einem Schneebesen langsam unterr\u00fchren bis die Suppe gleichm\u00e4\u00dfig cremig ist. Unter R\u00fchren erw\u00e4rmen. <\/p>\n<h3>Anschrift Hersteller\/Importeur<\/h3>\n<p>Postfach 570 237, 22771 Hamburg <\/p>\n<\/p><\/div>\n<p> <a href=\"void(0)\" data-action=\"a-expander-toggle\" class=\"a-expander-header a-declarative a-expander-extend-header\" data-a-expander-toggle=\"{\"><i class=\"a-icon a-icon-extender-expand\"><\/i><span class=\"a-expander-prompt\">Weitere Informationen<\/span><\/a> <\/div>\n<p>Unox &#8211; Gutes nach Art des Hauses<br \/>\nInhalt in einen Kochtopf geben.<br \/>\nLeere Dose mit Wasser f\u00fcllen, hinzuf\u00fcgen und das Wasser mit einem Schneebesen langsam unterr\u00fchren bis die Suppe gleichm\u00e4\u00dfig cremig ist. Erst dann erhitzen.<br \/>\n<div class=\"main-cross-sell\" data-asin=\"B008RWH7RM\">\n\n\t<div class=\"WooZone-cross-sell-loader\">\n\t\t<div>\n\t\t\t<div id=\"floatingBarsG\">\n\t\t\t\t<div class=\"blockG\" id=\"rotateG_01\"><\/div>\n\t\t\t\t<div class=\"blockG\" id=\"rotateG_02\"><\/div>\n\t\t\t\t<div class=\"blockG\" id=\"rotateG_03\"><\/div>\n\t\t\t\t<div class=\"blockG\" id=\"rotateG_04\"><\/div>\n\t\t\t\t<div class=\"blockG\" id=\"rotateG_05\"><\/div>\n\t\t\t\t<div class=\"blockG\" id=\"rotateG_06\"><\/div>\n\t\t\t\t<div class=\"blockG\" id=\"rotateG_07\"><\/div>\n\t\t\t\t<div class=\"blockG\" id=\"rotateG_08\"><\/div>\n\t\t\t<\/div>\n\t\t\t<div class=\"WooZone-cross-sell-loader-text\"><\/div>\n\t\t<\/div>\n\t<\/div>\n\n\t\t\n<\/div>\n<div style=\"clear:both;\"><\/div>\n","protected":false},"excerpt":{"rendered":"Unox - Gutes nach Art des Hauses\nInhalt in einen Kochtopf geben.\nLeere Dose mit Wasser f\u00fcllen, hinzuf\u00fcgen und das Wasser mit einem Schneebesen langsam unterr\u00fchren bis die Suppe gleichm\u00e4\u00dfig cremig ist. Erst dann erhitzen.","protected":false},"featured_media":5779,"comment_status":"open","ping_status":"closed","template":"","meta":[],"product_cat":[64,58],"product_tag":[],"_links":{"self":[{"href":"https:\/\/food-shop.org\/index.php?rest_route=\/wp\/v2\/product\/5778"}],"collection":[{"href":"https:\/\/food-shop.org\/index.php?rest_route=\/wp\/v2\/product"}],"about":[{"href":"https:\/\/food-shop.org\/index.php?rest_route=\/wp\/v2\/types\/product"}],"replies":[{"embeddable":true,"href":"https:\/\/food-shop.org\/index.php?rest_route=%2Fwp%2Fv2%2Fcomments&post=5778"}],"wp:featuredmedia":[{"embeddable":true,"href":"https:\/\/food-shop.org\/index.php?rest_route=\/wp\/v2\/media\/5779"}],"wp:attachment":[{"href":"https:\/\/food-shop.org\/index.php?rest_route=%2Fwp%2Fv2%2Fmedia&parent=5778"}],"wp:term":[{"taxonomy":"product_cat","embeddable":true,"href":"https:\/\/food-shop.org\/index.php?rest_route=%2Fwp%2Fv2%2Fproduct_cat&post=5778"},{"taxonomy":"product_tag","embeddable":true,"href":"https:\/\/food-shop.org\/index.php?rest_route=%2Fwp%2Fv2%2Fproduct_tag&post=5778"}],"curies":[{"name":"wp","href":"https:\/\/api.w.org\/{rel}","templated":true}]}}