{"id":5758,"date":"2020-08-31T11:20:25","date_gmt":"2020-08-31T11:20:25","guid":{"rendered":"https:\/\/food-shop.org\/?product=englert-sauerbraten-dose-2er-pack-2-x-300-g"},"modified":"2023-04-06T16:26:45","modified_gmt":"2023-04-06T16:26:45","slug":"englert-sauerbraten-dose-2er-pack-2-x-300-g","status":"publish","type":"product","link":"https:\/\/food-shop.org\/?product=englert-sauerbraten-dose-2er-pack-2-x-300-g","title":{"rendered":"ENGLERT Sauerbraten\/Dose, 2er Pack (2 x 300 g)"},"content":{"rendered":"<p><!-- show up to 2 reviews by default --> <\/p>\n<h3>Produktbeschreibung<\/h3>\n<p>Sauerbraten, 300 g \/ Dose. Nach dem \u00d6ffnen gek\u00fchlt lagern. Voller Genuss zum guten Preis. Mit besten Zutaten verfeinert. <\/p>\n<h3>Inhaltsstoffe \/ Zutaten<\/h3>\n<p>Rinderbr\u00fche (Wasser, Rinderknochen, Zwiebeln, jodiertes Speisesalz), Rindfleisch (42%), Weinessig*, Lauch, Karotten, SELLERIE, Wei\u00dfwein*, Raps\u00f6l, Weizenmehl (enth\u00e4lt GLUTEN), modifizierte Wachsmaisst\u00e4rke, Tomatenmark, Verdickungsmittel: Guarkernmehl und Johannisbrotkernmehl, Zucker, Rindfleischextrakt, Gew\u00fcrze. *(enth\u00e4lt SULFITE). <\/p>\n<div data-a-expander-name=\"toggle_description\" class=\"a-row a-expander-container a-expander-extend-container\">\n<div class=\"a-expander-content a-expander-extend-content\">\n<h3>Gebrauchsanweisung<\/h3>\n<p>Nicht Zutrefend <\/p>\n<h3>Warnhinweise<\/h3>\n<p>Nicht Zutrefend <\/p>\n<h3>Anschrift Hersteller\/Importeur<\/h3>\n<p>Englert Feinkostspezialit\u00e4ten GmbH &amp; Co. KG <\/p>\n<\/p><\/div>\n<p> <a href=\"void(0)\" data-action=\"a-expander-toggle\" class=\"a-expander-header a-declarative a-expander-extend-header\" data-a-expander-toggle=\"{\"><i class=\"a-icon a-icon-extender-expand\"><\/i><span class=\"a-expander-prompt\">Weitere Informationen<\/span><\/a> <\/div>\n<p>Nach dem \u00d6ffnen gek\u00fchlt lagern<br \/>\nVoller Genuss zum guten Preis<br \/>\nMit besten Zutaten verfeinert<br \/>\n<div class=\"main-cross-sell\" data-asin=\"B079Y5KZ83\">\n\n\t<div class=\"WooZone-cross-sell-loader\">\n\t\t<div>\n\t\t\t<div id=\"floatingBarsG\">\n\t\t\t\t<div class=\"blockG\" id=\"rotateG_01\"><\/div>\n\t\t\t\t<div class=\"blockG\" id=\"rotateG_02\"><\/div>\n\t\t\t\t<div class=\"blockG\" id=\"rotateG_03\"><\/div>\n\t\t\t\t<div class=\"blockG\" id=\"rotateG_04\"><\/div>\n\t\t\t\t<div class=\"blockG\" id=\"rotateG_05\"><\/div>\n\t\t\t\t<div class=\"blockG\" id=\"rotateG_06\"><\/div>\n\t\t\t\t<div class=\"blockG\" id=\"rotateG_07\"><\/div>\n\t\t\t\t<div class=\"blockG\" id=\"rotateG_08\"><\/div>\n\t\t\t<\/div>\n\t\t\t<div class=\"WooZone-cross-sell-loader-text\"><\/div>\n\t\t<\/div>\n\t<\/div>\n\n\t\t\n<\/div>\n<div style=\"clear:both;\"><\/div>\n","protected":false},"excerpt":{"rendered":"Nach dem \u00d6ffnen gek\u00fchlt lagern\nVoller Genuss zum guten Preis\nMit besten Zutaten verfeinert","protected":false},"featured_media":5759,"comment_status":"open","ping_status":"closed","template":"","meta":[],"product_cat":[64,58],"product_tag":[],"_links":{"self":[{"href":"https:\/\/food-shop.org\/index.php?rest_route=\/wp\/v2\/product\/5758"}],"collection":[{"href":"https:\/\/food-shop.org\/index.php?rest_route=\/wp\/v2\/product"}],"about":[{"href":"https:\/\/food-shop.org\/index.php?rest_route=\/wp\/v2\/types\/product"}],"replies":[{"embeddable":true,"href":"https:\/\/food-shop.org\/index.php?rest_route=%2Fwp%2Fv2%2Fcomments&post=5758"}],"wp:featuredmedia":[{"embeddable":true,"href":"https:\/\/food-shop.org\/index.php?rest_route=\/wp\/v2\/media\/5759"}],"wp:attachment":[{"href":"https:\/\/food-shop.org\/index.php?rest_route=%2Fwp%2Fv2%2Fmedia&parent=5758"}],"wp:term":[{"taxonomy":"product_cat","embeddable":true,"href":"https:\/\/food-shop.org\/index.php?rest_route=%2Fwp%2Fv2%2Fproduct_cat&post=5758"},{"taxonomy":"product_tag","embeddable":true,"href":"https:\/\/food-shop.org\/index.php?rest_route=%2Fwp%2Fv2%2Fproduct_tag&post=5758"}],"curies":[{"name":"wp","href":"https:\/\/api.w.org\/{rel}","templated":true}]}}