{"id":5736,"date":"2020-08-31T11:20:16","date_gmt":"2020-08-31T11:20:16","guid":{"rendered":"https:\/\/food-shop.org\/?product=oekoland-gulaschsuppe-6er-pack-6-x-400-g"},"modified":"2023-04-06T16:26:45","modified_gmt":"2023-04-06T16:26:45","slug":"oekoland-gulaschsuppe-6er-pack-6-x-400-g","status":"publish","type":"product","link":"https:\/\/food-shop.org\/?product=oekoland-gulaschsuppe-6er-pack-6-x-400-g","title":{"rendered":"\u00d6KOLAND Gulaschsuppe, 6er Pack (6 x 400 g)"},"content":{"rendered":"<p><!-- show up to 2 reviews by default --> <\/p>\n<h3>Inhaltsstoffe \/ Zutaten<\/h3>\n<p>Trinkwasser, 9 % Rindfleisch, Paprika, Zwiebeln, Weizenmehl, Sonnenblumen\u00f6l, Tomatenmark, Sellerie, Steinsalz, Maltodextrin, Rohrohrzucker, Meersalz, Karotten, Maisst\u00e4rke, Gew\u00fcrze (Muskat, Curcuma, Pfeffer, Paprika, K\u00fcmmel), Knoblauch, Sellerie, Gluten, Gem\u00fcse \/ H\u00fclsenfr\u00fcchte, Mais, Pfeffer, Rind, Umbelliferae, Weizen <\/p>\n<h3>Gebrauchsanweisung<\/h3>\n<p>Feine Suppe mit nat\u00fcrlichen Inhaltsstoffen, auch lecker als Nudelso\u00dfe. <\/p>\n<div data-a-expander-name=\"toggle_description\" class=\"a-row a-expander-container a-expander-extend-container\">\n<div class=\"a-expander-content a-expander-extend-content\">\n<h3>Warnhinweise<\/h3>\n<p>Kann Spuren von Milch, Senf, Soja, Kuhmilcheiwei\u00df, Lactose enthalten. <\/p>\n<h3>Anschrift Hersteller\/Importeur<\/h3>\n<p>\u00d6koland GmbH NordVertriebsgesellschaft f\u00fcr \u00f6kologische Erzeugnisse, Georgstr. 3-5, 31515 Wunstorf <\/p>\n<\/p><\/div>\n<p> <a href=\"void(0)\" data-action=\"a-expander-toggle\" class=\"a-expander-header a-declarative a-expander-extend-header\" data-a-expander-toggle=\"{\"><i class=\"a-icon a-icon-extender-expand\"><\/i><span class=\"a-expander-prompt\">Weitere Informationen<\/span><\/a> <\/div>\n<p>\u00d6KOLAND, Gulaschsuppe<br \/>\nEchter, leckerer Bio-Genuss auf h\u00f6chstem Niveau, \u00d6koland verspricht hochwertige Lebensmittel aus biologischen Rohstoffen mit exzellentem Geschmack.<br \/>\n<div class=\"main-cross-sell\" data-asin=\"B00OQPW6FW\">\n\n\t<div class=\"WooZone-cross-sell-loader\">\n\t\t<div>\n\t\t\t<div id=\"floatingBarsG\">\n\t\t\t\t<div class=\"blockG\" id=\"rotateG_01\"><\/div>\n\t\t\t\t<div class=\"blockG\" id=\"rotateG_02\"><\/div>\n\t\t\t\t<div class=\"blockG\" id=\"rotateG_03\"><\/div>\n\t\t\t\t<div class=\"blockG\" id=\"rotateG_04\"><\/div>\n\t\t\t\t<div class=\"blockG\" id=\"rotateG_05\"><\/div>\n\t\t\t\t<div class=\"blockG\" id=\"rotateG_06\"><\/div>\n\t\t\t\t<div class=\"blockG\" id=\"rotateG_07\"><\/div>\n\t\t\t\t<div class=\"blockG\" id=\"rotateG_08\"><\/div>\n\t\t\t<\/div>\n\t\t\t<div class=\"WooZone-cross-sell-loader-text\"><\/div>\n\t\t<\/div>\n\t<\/div>\n\n\t\t\n<\/div>\n<div style=\"clear:both;\"><\/div>\n","protected":false},"excerpt":{"rendered":"\u00d6KOLAND, Gulaschsuppe\nEchter, leckerer Bio-Genuss auf h\u00f6chstem Niveau, \u00d6koland verspricht hochwertige Lebensmittel aus biologischen Rohstoffen mit exzellentem Geschmack.","protected":false},"featured_media":5737,"comment_status":"open","ping_status":"closed","template":"","meta":[],"product_cat":[64,58],"product_tag":[],"_links":{"self":[{"href":"https:\/\/food-shop.org\/index.php?rest_route=\/wp\/v2\/product\/5736"}],"collection":[{"href":"https:\/\/food-shop.org\/index.php?rest_route=\/wp\/v2\/product"}],"about":[{"href":"https:\/\/food-shop.org\/index.php?rest_route=\/wp\/v2\/types\/product"}],"replies":[{"embeddable":true,"href":"https:\/\/food-shop.org\/index.php?rest_route=%2Fwp%2Fv2%2Fcomments&post=5736"}],"wp:featuredmedia":[{"embeddable":true,"href":"https:\/\/food-shop.org\/index.php?rest_route=\/wp\/v2\/media\/5737"}],"wp:attachment":[{"href":"https:\/\/food-shop.org\/index.php?rest_route=%2Fwp%2Fv2%2Fmedia&parent=5736"}],"wp:term":[{"taxonomy":"product_cat","embeddable":true,"href":"https:\/\/food-shop.org\/index.php?rest_route=%2Fwp%2Fv2%2Fproduct_cat&post=5736"},{"taxonomy":"product_tag","embeddable":true,"href":"https:\/\/food-shop.org\/index.php?rest_route=%2Fwp%2Fv2%2Fproduct_tag&post=5736"}],"curies":[{"name":"wp","href":"https:\/\/api.w.org\/{rel}","templated":true}]}}